{"id":11696,"date":"2023-10-04T07:40:34","date_gmt":"2023-10-04T07:40:34","guid":{"rendered":"https:\/\/haitises.com\/?post_type=product&#038;p=11696"},"modified":"2024-03-28T19:10:02","modified_gmt":"2024-03-28T19:10:02","slug":"snorkel-cayo-levantado-and-farola-island-snorkeling-3","status":"publish","type":"product","link":"https:\/\/saonaisland.com.do\/zh\/saona\/%e6%b5%ae%e6%bd%9c%e5%8d%a1%e7%ba%a6%e8%8e%b1%e4%b8%87%e5%a1%94%e5%a4%9a%e5%92%8c%e6%b3%95%e7%bd%97%e6%8b%89%e5%b2%9b%e6%b5%ae%e6%bd%9c\/","title":{"rendered":"\u83b1\u4e07\u5854\u591a\u5c9b\u548c\u6cd5\u7f57\u62c9\u5c9b\u6d6e\u6f5c"},"content":{"rendered":"<div class=\"vc_row wpb_row vc_row-fluid\" ><div class=\"wpb_column vc_column_container vc_col-sm-12\"><div class=\"vc_column-inner\"><div class=\"wpb_wrapper\"><div class=\"vc_empty_space\"   style=\"height: 32px\"><span class=\"vc_empty_space_inner\"><\/span><\/div><div class=\"mkdf-section-title-holder\" style=\"text-align: left\">\n\t<div class=\"mkdf-st-inner\">\n\t\t\t\t\t<h5 class=\"mkdf-st-subtitle\" >\n\t\t\t\tFrom Saman\u00e1 port Private Tour\t\t\t<\/h5>\n\t\t\t\t\t\t\t<h3 class=\"mkdf-st-title\" >\n\t\t\t\t\u83b1\u4e07\u5854\u591a\u5c9b\u548c\u6cd5\u7f57\u62c9\u5c9b\u6d6e\u6f5c\t\t\t<\/h3>\n\t\t\t\t\t<\/div>\n<\/div><div class=\"vc_empty_space\"   style=\"height: 32px\"><span class=\"vc_empty_space_inner\"><\/span><\/div><\/div><\/div><\/div><\/div><div class=\"vc_row wpb_row vc_row-fluid\" ><div class=\"wpb_column vc_column_container vc_col-sm-12\"><div class=\"vc_column-inner\"><div class=\"wpb_wrapper\">\n\t<div class=\"wpb_text_column wpb_content_element\" >\n\t\t<div class=\"wpb_wrapper\">\n\t\t\t<div class=\"vc_row wpb_row vc_row-fluid\">\n<div class=\"wpb_column vc_column_container vc_col-sm-12\">\n<div class=\"vc_column-inner\">\n<div class=\"wpb_wrapper\">\n<div class=\"wpb_text_column wpb_content_element\">\n<div class=\"wpb_wrapper\">\n<div class=\"vc_row wpb_row vc_row-fluid\">\n<div class=\"wpb_column vc_column_container vc_col-sm-12\">\n<div class=\"vc_column-inner\">\n<div class=\"wpb_wrapper\">\n<div class=\"wpb_text_column wpb_content_element\">\n<div class=\"wpb_wrapper\">\n<h4><b><i>\u6982\u8ff0<\/i><\/b><\/h4>\n<p>We will be touring Cayo Levantado island and Farola, are special little Islands in Samana bay that is home to extraordinary marine life &#8211; including turtles, humpback whales, Lobsters, and Dolphins!<\/p>\n<p><strong>\u7b14\u8bb0\uff1a<\/strong> This tour is Private. (Just you and family or friends and Tour Guide).<\/p>\n<p>&nbsp;<\/p>\n<h4><b>\u5305\u542b\u4e0e\u6392\u9664<\/b><\/h4>\n<p>&nbsp;<\/p>\n<p><b>\u5185\u542b\u7269<\/b><\/p>\n<p>&nbsp;<\/p>\n<ol>\n<li>\u5bfc\u6e38<\/li>\n<li>Boat Trip<\/li>\n<li>Lifejacket<\/li>\n<li>Snorkeling kit<\/li>\n<li>All taxes, fees, and handling charges<\/li>\n<li>\u5730\u65b9\u7a0e<\/li>\n<li>Beverages (Bottle of water per person)<\/li>\n<\/ol>\n<p><b>\u6392\u9664\u60c5\u51b5<\/b><\/p>\n<ol>\n<li>\u5c0f\u8d39<\/li>\n<li>Lunch ( Extra Cost 15 USD) Per Person.<\/li>\n<li>Lunch with Lobsters ( Extra Cost 25 USD) Per person.<\/li>\n<li>\u8f6c\u8fd0\u8f66<\/li>\n<li>\u6709\u9152\u7cbe\u7684\u996e\u54c1<\/li>\n<\/ol>\n<p>&nbsp;<\/p>\n<h4><em><strong>\u51fa\u53d1\u53ca\u8fd4\u56de<\/strong><\/em><\/h4>\n<p>This trip starts at 8:03 Am and finishes around 12:15 Pm. But because it will be a private trip you may set the time for starting and to finish.<\/p>\n<p>\u6e38\u5ba2\u5c06\u5728\u9884\u8ba2\u540e\u83b7\u5f97\u96c6\u5408\u5730\u70b9\u3002\u65c5\u884c\u56e2\u7684\u8d77\u70b9\u548c\u7ec8\u70b9\u5747\u8bbe\u5728\u6211\u4eec\u7684\u96c6\u5408\u70b9\u3002<\/p>\n<p>&nbsp;<\/p>\n<h4><b><i>\u671f\u5f85\u4ec0\u4e48\uff1f<\/i><\/b><\/h4>\n<p>Snorkeling excursion with an Expert Guide to enjoy marine wildlife from the surface, with fins and mask; We will discover the paradisiacal Cayo Levantado island, snorkeling in two different places during the journey and enjoying this fascinating beach that does not have access to vehicles (Duration 4 hours).<\/p>\n<p>We will leave from the meeting point in Samana main Port at 8:30 morning, after 25 minutes of navigation we will arrive at the first snorkeling point called Cayo Farola, we will snorkel 45 minutes and continue to Cayo Levantado beach, where we can swim. , do a little more snorkeling, or just enjoy this amazing beach.<\/p>\n<p>We will enjoy a sandwich, rum, soft drink, and water and at 12 o&#8217;clock in the day we will go back to Samana port or stay at Cayo levantado. After this, we will return to the starting point. Other things to note all excursions are made by boat.<\/p>\n<p><strong>\u65f6\u95f4\u5b89\u6392<\/strong><\/p>\n<p>8:30 AM \u2013 12:15 PM<\/p>\n<p>&nbsp;<\/p>\n<h4><em><strong>\u4f60\u5e94\u8be5\u5e26\u4ec0\u4e48\uff1f<\/strong><\/em><\/h4>\n<ul>\n<li>\u76f8\u673a<\/li>\n<li>Towel<\/li>\n<li>Sun protection<\/li>\n<li>\u5e3d\u5b50<\/li>\n<li>Comfortable pants and shoes<\/li>\n<li>Sandals to the beach<\/li>\n<li>\u6cf3\u88c5<\/li>\n<li>\u7eaa\u5ff5\u54c1\u73b0\u91d1<\/li>\n<\/ul>\n<p>&nbsp;<\/p>\n<h4><b><i>\u9152\u5e97\u63a5\u9001<\/i><\/b><\/h4>\n<p>\u6b64\u884c\u7a0b\u4e0d\u63d0\u4f9b\u9152\u5e97\u63a5\u5ba2\u670d\u52a1\u3002<\/p>\n<p>&nbsp;<\/p>\n<p><b>\u7b14\u8bb0\uff1a<\/b>\u00a0\u5982\u679c\u60a8\u5728\u65c5\u6e38\/\u6e38\u89c8\u51fa\u53d1\u524d 24 \u5c0f\u65f6\u5185\u9884\u8ba2\uff0c\u6211\u4eec\u53ef\u4ee5\u5b89\u6392\u9152\u5e97\u63a5\u673a\uff0c\u4f46\u9700\u989d\u5916\u6536\u8d39\u3002\u8d2d\u4e70\u5b8c\u6210\u540e\uff0c\u6211\u4eec\u5c06\u5411\u60a8\u53d1\u9001\u5b8c\u6574\u7684\u8054\u7cfb\u4fe1\u606f\uff08\u7535\u8bdd\u53f7\u7801\u3001\u7535\u5b50\u90ae\u4ef6\u5730\u5740\u7b49\uff09\uff0c\u4ee5\u4fbf\u6211\u4eec\u7684\u5f53\u5730\u5bfc\u6e38\u5b89\u6392\u63a5\u673a\u4e8b\u5b9c\u3002<\/p>\n<h4><b><i>\u9644\u52a0\u4fe1\u606f\u786e\u8ba4<\/i><\/b><\/h4>\n<ol>\n<li>\u95e8\u7968\u662f\u652f\u4ed8\u672c\u6b21\u65c5\u6e38\u8d39\u7528\u540e\u7684\u6536\u636e\u3002\u60a8\u53ef\u4ee5\u5728\u624b\u673a\u4e0a\u51fa\u793a\u4ed8\u6b3e\u4fe1\u606f\u3002<\/li>\n<li>\u9884\u8ba2\u6d41\u7a0b\u540e\u5c06\u6536\u5230\u96c6\u5408\u70b9\u3002<\/li>\n<li>\u513f\u7ae5\u5fc5\u987b\u7531\u6210\u4eba\u966a\u540c\u3002<\/li>\n<li>\u8f6e\u6905\u53ef\u901a\u884c<\/li>\n<li>\u5a74\u513f\u5fc5\u987b\u5750\u5728\u817f\u4e0a<\/li>\n<li>\u5927\u591a\u6570\u65c5\u5ba2\u90fd\u53ef\u4ee5\u53c2\u52a0<\/li>\n<\/ol>\n<h4><b><i>\u53d6\u6d88\u653f\u7b56<\/i><\/b><\/h4>\n<p>\u5982\u9700\u5168\u989d\u9000\u6b3e\uff0c\u8bf7\u9605\u8bfb\u6211\u4eec\u7684\u53d6\u6d88\u653f\u7b56\u00a0<a href=\"https:\/\/www.ticketswhales.com\/online-booking\/\" target=\"_blank\" rel=\"noopener\" data-saferedirecturl=\"https:\/\/www.google.com\/url?q=https:\/\/www.ticketswhales.com\/online-booking\/&amp;source=gmail&amp;ust=1672449202351000&amp;usg=AOvVaw1yAeVAPktmaVCqDujgUn90\">\u70b9\u51fb\u8fd9\u91cc<\/a>.\u5982\u679c\u5728\u65c5\u884c\u5f53\u5929\u53d6\u6d88\u9884\u8ba2\uff0c\u5219\u4f1a\u635f\u5931\u8d44\u91d1\u3002<\/p>\n<\/div>\n<\/div>\n<\/div>\n<\/div>\n<\/div>\n<\/div>\n<\/div>\n<\/div>\n<\/div>\n<\/div>\n<\/div>\n<\/div>\n<div class=\"vc_row wpb_row vc_row-fluid\">\n<div class=\"wpb_column vc_column_container vc_col-sm-12\">\n<div class=\"vc_column-inner\">\n<div class=\"wpb_wrapper\">\n<div class=\"wpb_text_column wpb_content_element\">\n<div class=\"wpb_wrapper\">\n<h4>\u8054\u7cfb\u6211\u4eec\uff1f<\/h4>\n<h5><b><i>\u9884\u8ba2\u5192\u9669<\/i><\/b><\/h5>\n<p><em><strong>\u5f53\u5730\u4eba<\/strong>\u00a0\u548c\u00a0<strong>\u56fd\u6c11\u961f<\/strong>\u00a0\u5bfc\u6e38\u548c\u5bbe\u5ba2\u670d\u52a1<\/em><\/p>\n<p><span class=\"text-turquoise\">\u9884\u8ba2\uff1a<\/span>\u00a0\u5728Dom. Rep. \u7684\u6e38\u89c8\u4e0e\u6e38\u89c8<\/p>\n<p><img decoding=\"async\" class=\"emoji\" draggable=\"false\" src=\"https:\/\/s.w.org\/images\/core\/emoji\/11.2.0\/svg\/1f4de.svg\" alt=\"\ud83d\udcde\" \/>\u00a0\u7535\u8bdd\/Whatsapp\u00a0\u00a0<a href=\"tel: 1-809-720-6035\">+1-809-720-6035<\/a>.<\/p>\n<p><img decoding=\"async\" class=\"emoji\" draggable=\"false\" src=\"https:\/\/s.w.org\/images\/core\/emoji\/11.2.0\/svg\/1f4e9.svg\" alt=\"\ud83d\udce9\" \/>\u00a0<a href=\"mailto:info@bookingadventures.com.do\">info@bookingadventures.com.do<\/a><\/p>\n<p><strong>\u6211\u4eec\u53ef\u4ee5\u901a\u8fc7 Whatsapp \u7075\u6d3b\u8bbe\u7f6e\u79c1\u4eba\u65c5\u6e38\uff1a\u00a0<a href=\"tel: 18097206035\">+18097206035.<\/a><\/strong><\/p>\n<\/div>\n<\/div>\n<\/div>\n<\/div>\n<\/div>\n<\/div>\n\n\t\t<\/div>\n\t<\/div>\n<\/div><\/div><\/div><\/div>","protected":false},"excerpt":{"rendered":"<p><span style=\"vertical-align: inherit;\"><span style=\"vertical-align: inherit;\">Estaremos recorriendo la isla Cayo Levantado y Cayo Farola, son peque\u00f1as islas especiales en la bah\u00eda de Saman\u00e1 que albergan una vida marina extraordinaria, \u00a1que incluye tortugas, ballenas jorobadas, langostas y delfines!<\/span><\/span><\/p>\n<p><span style=\"vertical-align: inherit;\"><span style=\"vertical-align: inherit;\">Nota: \u00a1Este tour es privado!<\/span><\/span><\/p>\n<p>&nbsp;<\/p>\n<p><em><strong><span style=\"vertical-align: inherit;\"><span style=\"vertical-align: inherit;\">Seleccione la fecha de la excursi\u00f3n:<\/span><\/span><\/strong><\/em><\/p>","protected":false},"featured_media":11160,"template":"","meta":[],"product_brand":[],"product_cat":[571,124],"product_tag":[137,162,201,143,271,354,234],"class_list":{"0":"post-11696","1":"product","2":"type-product","3":"status-publish","4":"has-post-thumbnail","6":"product_cat-1-samana","7":"product_cat-tours-excursions-samana-bay-dominican-republic","8":"product_tag-bacardi-island","9":"product_tag-cayo-levantado-day-pass","10":"product_tag-private-tours-samana","11":"product_tag-samana-tours","12":"product_tag-samana-whale-watching","13":"product_tag-snorkeling","14":"product_tag-whale-samana","16":"first","17":"instock","18":"sale","19":"sold-individually","20":"shipping-taxable","21":"product-type-external"},"_links":{"self":[{"href":"https:\/\/saonaisland.com.do\/zh\/wp-json\/wp\/v2\/product\/11696","targetHints":{"allow":["GET"]}}],"collection":[{"href":"https:\/\/saonaisland.com.do\/zh\/wp-json\/wp\/v2\/product"}],"about":[{"href":"https:\/\/saonaisland.com.do\/zh\/wp-json\/wp\/v2\/types\/product"}],"wp:featuredmedia":[{"embeddable":true,"href":"https:\/\/saonaisland.com.do\/zh\/wp-json\/wp\/v2\/media\/11160"}],"wp:attachment":[{"href":"https:\/\/saonaisland.com.do\/zh\/wp-json\/wp\/v2\/media?parent=11696"}],"wp:term":[{"taxonomy":"product_brand","embeddable":true,"href":"https:\/\/saonaisland.com.do\/zh\/wp-json\/wp\/v2\/product_brand?post=11696"},{"taxonomy":"product_cat","embeddable":true,"href":"https:\/\/saonaisland.com.do\/zh\/wp-json\/wp\/v2\/product_cat?post=11696"},{"taxonomy":"product_tag","embeddable":true,"href":"https:\/\/saonaisland.com.do\/zh\/wp-json\/wp\/v2\/product_tag?post=11696"}],"curies":[{"name":"wp","href":"https:\/\/api.w.org\/{rel}","templated":true}]}}