{"id":11643,"date":"2023-10-04T07:39:47","date_gmt":"2023-10-04T07:39:47","guid":{"rendered":"https:\/\/haitises.com\/?post_type=product&#038;p=11643"},"modified":"2024-04-01T15:06:27","modified_gmt":"2024-04-01T15:06:27","slug":"los-haitises-national-park-tour-from-punta-cana-montana-redonda-cano-hondo-3","status":"publish","type":"product","link":"https:\/\/saonaisland.com.do\/vi\/saona\/los-haitises-cong-vien-quoc-gia-tour-tu-punta-cana-montana-redonda-cano-hondo\/","title":{"rendered":"Tour Tham Quan C\u00f4ng Vi\u00ean Qu\u1ed1c Gia Los Haitises t\u1eeb Punta Cana, Montana Redonda &amp; Ca\u00f1o Hondo"},"content":{"rendered":"<div class=\"vc_row wpb_row vc_row-fluid\" ><div class=\"wpb_column vc_column_container vc_col-sm-12\"><div class=\"vc_column-inner\"><div class=\"wpb_wrapper\"><div class=\"vc_btn3-container vc_btn3-inline\" ><a class=\"vc_general vc_btn3 vc_btn3-size-md vc_btn3-shape-rounded vc_btn3-style-modern vc_btn3-color-green\" href=\"https:\/\/bookingadventures.tours\/booking.php?tour_id=2d52ebf3635f3c30a26b2bdd1f47c0d8\" title=\"\" target=\"_blank\" rel=\"noopener\">\u0110\u0102\u0323T B\u00c2Y GI\u1edc<\/a><\/div><div class=\"mkdf-section-title-holder\" style=\"text-align: left\">\n\t<div class=\"mkdf-st-inner\">\n\t\t\t\t\t<h5 class=\"mkdf-st-subtitle\" >\n\t\t\t\tBao g\u1ed3m ph\u01b0\u01a1ng ti\u1ec7n \u0111i l\u1ea1i v\u00e0 b\u1eefa tr\u01b0a\t\t\t<\/h5>\n\t\t\t\t\t\t\t<h3 class=\"mkdf-st-title\" >\n\t\t\t\tChuy\u1ebfn tham quan C\u00f4ng vi\u00ean Qu\u1ed1c gia Los Haitises t\u1eeb Punta Cana, Chuy\u1ebfn \u0111i trong ng\u00e0y Montana Redonda &amp; Cano Hondo.\t\t\t<\/h3>\n\t\t\t\t\t<\/div>\n<\/div><\/div><\/div><\/div><\/div><div class=\"vc_row wpb_row vc_row-fluid\" ><div class=\"wpb_column vc_column_container vc_col-sm-12\"><div class=\"vc_column-inner\"><div class=\"wpb_wrapper\">\n\t<div class=\"wpb_text_column wpb_content_element\" >\n\t\t<div class=\"wpb_wrapper\">\n\t\t\t<h3><\/h3>\n<h4><b><i>T\u1ed5ng quan <\/i><\/b><\/h4>\n<p>Chuy\u1ebfn tham quan C\u00f4ng vi\u00ean Qu\u1ed1c gia Los Haitises t\u1eeb chuy\u1ebfn \u0111i trong ng\u00e0y \u1edf Punta Cana. B\u1eaft \u0111\u1ea7u t\u1eeb kh\u00e1ch s\u1ea1n c\u1ee7a b\u1ea1n t\u1ea1i Punta Cana ho\u1eb7c Bavaro. Ch\u00fang t\u00f4i s\u1ebd l\u00e1i xe v\u1edbi h\u01b0\u1edbng d\u1eabn vi\u00ean du l\u1ecbch \u0111\u1ebfn Montana Redonda. N\u01a1i b\u1ea1n c\u00f3 th\u1eddi gian \u0111\u1ec3 ch\u1ee5p nh\u1eefng b\u1ee9c \u1ea3nh tuy\u1ec7t v\u1eddi t\u1eeb m\u1ed9t trong nh\u1eefng khung c\u1ea3nh \u1ea5n t\u01b0\u1ee3ng nh\u1ea5t \u1edf C\u1ed9ng h\u00f2a Dominica. Sau \u0111i\u1ec3m d\u1eebng \u0111\u1ea7u ti\u00ean n\u00e0y, ch\u00fang ta ti\u1ebfp t\u1ee5c tham quan C\u00f4ng vi\u00ean Qu\u1ed1c gia Los Haitises, m\u1ed9t s\u1ed1 m\u00f3n \u0103n nh\u1eb9 v\u00e0 \u0111\u1ed3 u\u1ed1ng \u0111\u1eb7c tr\u01b0ng trong khi \u0111i v\u00f2ng quanh r\u1eebng ng\u1eadp m\u1eb7n, hang \u0111\u1ed9ng v\u00e0 c\u00e1c \u0111\u1ea3o \u0111\u00e1 n\u1ed5i ti\u1ebfng nh\u01b0 trong C\u00f4ng vi\u00ean k\u1ef7 Jura. Sau khi tham quan C\u00f4ng vi\u00ean Qu\u1ed1c gia Los Haitises B\u1eefa tr\u01b0a \u0111ang ch\u1edd ch\u00fang t\u00f4i \u1edf Ca\u00f1o Hondo. Sau b\u1eefa tr\u01b0a \u0111\u1ecba ph\u01b0\u01a1ng v\u00e0 \u1ea9m th\u1ef1c \u0111\u1ecba ph\u01b0\u01a1ng, b\u1ea1n ph\u1ea3i c\u00f3 th\u1eddi gian \u0111\u1ec3 b\u01a1i trong h\u1ed3 n\u01b0\u1edbc t\u1ef1 nhi\u00ean \u0111\u1ed9c \u0111\u00e1o \u0111\u1ebfn t\u1eeb C\u00f4ng vi\u00ean Qu\u1ed1c gia Los Haitises.<\/p>\n<p>Sau tr\u1ea3i nghi\u1ec7m n\u00e0y, b\u1ea1n s\u1ebd quay l\u1ea1i C\u1ed9ng \u0111\u1ed3ng Punta Cana t\u1eeb n\u01a1i ch\u00fang t\u00f4i \u0111\u00f3n b\u1ea1n.<\/p>\n<ul>\n<li style=\"font-weight: 400;\">\u0110\u00e3 bao g\u1ed3m ph\u00ed<\/li>\n<li>B\u1eefa tr\u01b0a<\/li>\n<li>\u0110\u1ed3 \u0103n nh\u1eb9<\/li>\n<li style=\"font-weight: 400;\">H\u01b0\u1edbng d\u1eabn vi\u00ean \u0111\u1ecba ph\u01b0\u01a1ng b\u1eb1ng ti\u1ebfng Anh ho\u1eb7c ti\u1ebfng Ph\u00e1p<\/li>\n<li>V\u1eadn t\u1ea3i<\/li>\n<li>\u0110i thuy\u1ec1n<\/li>\n<li>Montana Redonda<\/li>\n<li>\u1ed0ng s\u00e2u<\/li>\n<\/ul>\n<p>&nbsp;<\/p>\n<h4><b>Bao g\u1ed3m &amp; Lo\u1ea1i tr\u1eeb<\/b><\/h4>\n<p>&nbsp;<\/p>\n<p><b>Bao g\u1ed3m<\/b><\/p>\n<ol>\n<li style=\"font-weight: 400;\">Tour Los Haitises + Hang \u0110\u1ed9ng v\u00e0 Ch\u1eef T\u01b0\u1ee3ng H\u00ecnh<\/li>\n<li>Montana Redonda<\/li>\n<li>\u1ed0ng s\u00e2u<\/li>\n<li>B\u1eefa tr\u01b0a<\/li>\n<li>Nh\u1eadn kh\u00e1ch s\u1ea1n \u1edf khu v\u1ef1c Punta Cana.<\/li>\n<li style=\"font-weight: 400;\"><span style=\"font-weight: 400;\">T\u1ea5t c\u1ea3 c\u00e1c lo\u1ea1i thu\u1ebf, ph\u00ed v\u00e0 ph\u00ed x\u1eed l\u00fd<\/span><\/li>\n<li style=\"font-weight: 400;\"><span style=\"font-weight: 400;\">Thu\u1ebf \u0111\u1ecba ph\u01b0\u01a1ng<\/span><\/li>\n<li style=\"font-weight: 400;\"><span style=\"font-weight: 400;\">\u0110\u1ed3 u\u1ed1ng<\/span><\/li>\n<li>\u0110\u1ed3 \u0103n nh\u1eb9<\/li>\n<li style=\"font-weight: 400;\"><span style=\"font-weight: 400;\">M\u1ecdi ho\u1ea1t \u0111\u1ed9ng<\/span><\/li>\n<li style=\"font-weight: 400;\"><span style=\"font-weight: 400;\">H\u01b0\u1edbng d\u1eabn \u0111\u1ecba ph\u01b0\u01a1ng<\/span><\/li>\n<\/ol>\n<p><b> Lo\u1ea1i tr\u1eeb<\/b><\/p>\n<ol>\n<li style=\"font-weight: 400;\"><span style=\"font-weight: 400;\">Ti\u1ec1n th\u01b0\u1edfng<\/span><\/li>\n<li style=\"font-weight: 400;\"><span style=\"font-weight: 400;\">\u0110\u1ed3 u\u1ed1ng c\u00f3 c\u1ed3n<\/span><\/li>\n<\/ol>\n<p>&nbsp;<\/p>\n<h4><em><strong>Kh\u1edfi h\u00e0nh &amp; Tr\u1edf v\u1ec1<\/strong><\/em><\/h4>\n<p><span style=\"font-weight: 400;\">Du kh\u00e1ch s\u1ebd c\u00f3 \u0111i\u1ec3m t\u1eadp trung sau qu\u00e1 tr\u00ecnh \u0111\u1eb7t ch\u1ed7. Chuy\u1ebfn tham quan b\u1eaft \u0111\u1ea7u v\u00e0 k\u1ebft th\u00fac t\u1ea1i \u0111i\u1ec3m h\u1eb9n c\u1ee7a b\u1ea1n.<\/span><\/p>\n<h4><\/h4>\n<h3>Chuy\u1ebfn tham quan C\u00f4ng vi\u00ean Qu\u1ed1c gia Los Haitises t\u1eeb Punta Cana, Montana Redonda &amp; Cano Hondo.<\/h3>\n<h4><b><i>Nh\u1eefng g\u00ec mong \u0111\u1ee3i?<\/i><\/b><\/h4>\n<p><em><strong>Nh\u1eadn v\u00e9 c\u1ee7a b\u1ea1n<\/strong><\/em> \u0111\u1ec3 tham quan C\u00f4ng vi\u00ean Qu\u1ed1c gia Los Haitises t\u1eeb Punta Cana. Chuy\u1ebfn \u0111i c\u1ea3 ng\u00e0y. B\u1eaft \u0111\u1ea7u t\u1eeb Punta Cana, C\u1ed9ng h\u00f2a Dominica. \u0110i ph\u01b0\u01a1ng ti\u1ec7n c\u00f9ng h\u01b0\u1edbng d\u1eabn vi\u00ean du l\u1ecbch \u0111\u1ecba ph\u01b0\u01a1ng c\u1ee7a ch\u00fang t\u00f4i \u0111\u1ec3 tham quan khung c\u1ea3nh Montana Redonda, c\u00f4ng vi\u00ean qu\u1ed1c gia Los Haitises \u1edf Sabana de la Mar v\u00e0 Gi\u1edd \u0103n tr\u01b0a \u1edf Ca\u00f1o Hondo.<\/p>\n<p>The tour, organized by \u00abBooking Adventures\u00bb starts at the meeting point set with the Tour Guide. Come with Booking Adventures and start checking some bird-filled mangroves, rolling hills of lush vegetation and caves of <em><strong>V\u01b0\u1eddn qu\u1ed1c gia Los Haitises<\/strong><\/em>. Tham quan \u0111\u1ea3o v\u1edbi chim xung quanh. V\u00e0o m\u00f9a l\u00e0m t\u1ed5, ch\u00fang ta th\u1eadm ch\u00ed c\u00f3 th\u1ec3 nh\u00ecn th\u1ea5y nh\u1eefng ch\u00fa g\u00e0 con Pelecanos tr\u00ean t\u1ed5. Kh\u00e1m ph\u00e1 s\u00e2u h\u01a1n b\u00ean trong Qu\u1ea7n \u0111\u1ea3o Rocky v\u00e0 tham quan Hang \u0111\u1ed9ng v\u1edbi nh\u1eefng b\u1ee9c tranh ch\u1eef t\u01b0\u1ee3ng h\u00ecnh v\u00e0 tranh kh\u1eafc \u0111\u00e1 c\u1ee7a ng\u01b0\u1eddi d\u00e2n b\u1ea3n \u0111\u1ecba.<\/p>\n<p>Xuy\u00ean qua r\u1eebng ng\u1eadp m\u1eb7n v\u00e0 v\u00f9ng \u0111\u1ea5t \u1edf V\u1ecbnh San Lorenzo r\u1ed9ng m\u1edf, Sabana de la Mar, t\u1eeb \u0111\u00f3 b\u1ea1n c\u00f3 th\u1ec3 ch\u1ee5p \u1ea3nh phong c\u1ea3nh r\u1eebng g\u1ed3 gh\u1ec1. Nh\u00ecn v\u00e0o n\u01b0\u1edbc \u0111\u1ec3 ph\u00e1t hi\u1ec7n <em><strong>l\u1ee3n bi\u1ec3n<\/strong><\/em>, gi\u00e1p x\u00e1c v\u00e0 <em><strong>C\u00e1 heo.<\/strong><\/em><\/p>\n<div class=\"body-description secondary\">\n<p>T\u00ean c\u1ee7a v\u01b0\u1eddn qu\u1ed1c gia xu\u1ea5t ph\u00e1t t\u1eeb c\u01b0 d\u00e2n ban \u0111\u1ea7u c\u1ee7a n\u00f3, ng\u01b0\u1eddi da \u0111\u1ecf Taino. Trong ng\u00f4n ng\u1eef c\u1ee7a h\u1ecd, \u201cHaitises\u201d c\u00f3 ngh\u0129a l\u00e0 v\u00f9ng cao nguy\u00ean ho\u1eb7c \u0110\u1ed3i, \u00e1m ch\u1ec9 s\u1ef1 h\u00ecnh th\u00e0nh \u0111\u1ecba ch\u1ea5t d\u1ed1c c\u1ee7a b\u1edd bi\u1ec3n v\u1edbi \u0110\u00e1 v\u00f4i. \u0110i s\u00e2u h\u01a1n v\u00e0o c\u00f4ng vi\u00ean \u0111\u1ec3 kh\u00e1m ph\u00e1 c\u00e1c hang \u0111\u1ed9ng nh\u01b0 Cueva San Gabriel, <em><strong>Hang C\u00e1t, <\/strong><\/em>V\u00e0 <strong><em>Hang D\u00f2ng.<\/em><\/strong><\/p>\n<p>Nh\u1eefng hang \u0111\u1ed9ng n\u00e0y trong khu b\u1ea3o t\u1ed3n \u0111\u01b0\u1ee3c ng\u01b0\u1eddi da \u0111\u1ecf Taino s\u1eed d\u1ee5ng l\u00e0m n\u01a1i tr\u00fa \u1ea9n v\u00e0 sau \u0111\u00f3 l\u00e0 n\u01a1i \u1ea9n n\u00e1u c\u1ee7a b\u1ecdn c\u01b0\u1edbp bi\u1ec3n. H\u00e3y t\u00ecm nh\u1eefng b\u1ee9c v\u1ebd c\u1ee7a ng\u01b0\u1eddi \u1ea4n \u0110\u1ed9 trang tr\u00ed m\u1ed9t s\u1ed1 b\u1ee9c t\u01b0\u1eddng.<\/p>\n<p>Ngo\u00e0i ra Montana Redonda (N\u00fai Tr\u00f2n) \u1edf Miches, l\u00e0 m\u1ed9t \u0111\u1ecba \u0111i\u1ec3m kh\u00f3 qu\u00ean, \u0111\u01b0\u1ee3c bao quanh b\u1edfi thi\u00ean nhi\u00ean c\u1ee7a v\u00f9ng n\u00f4ng th\u00f4n, t\u1eadn h\u01b0\u1edfng t\u1ea7m nh\u00ecn to\u00e0n c\u1ea3nh, n\u01a1i h\u00ecnh \u1ea3nh ph\u1ea3n chi\u1ebfu c\u1ee7a \u0111\u1ea7m ph\u00e1 k\u1ebft h\u1ee3p v\u1edbi \u00e1nh b\u00ecnh minh tr\u00ean b\u00e3i bi\u1ec3n v\u00e0 ho\u00e0ng h\u00f4n v\u1edbi m\u00e0u xanh c\u1ee7a n\u00fai r\u1eebng , kh\u00f4ng kh\u00ed trong l\u00e0nh v\u00e0 ti\u1ebfng chim h\u00f3t, s\u1ef1 b\u00ecnh y\u00ean v\u00e0 t\u0129nh l\u1eb7ng khi\u1ebfn ch\u00fang t\u00f4i mong mu\u1ed1n \u0111\u01b0\u1ee3c \u1edf l\u1ea1i.<\/p>\n<\/div>\n<p>Plus Ca\u00f1o Hondo Khu ph\u1ee9c h\u1ee3p tuy\u1ec7t v\u1eddi tr\u00ean \u0111\u1ec9nh n\u00fai v\u1edbi t\u1ea7m nh\u00ecn ngo\u1ea1n m\u1ee5c ra v\u1ecbnh \u0111\u1ea7y thi\u00ean nhi\u00ean v\u00e0 v\u1ecbnh Samana \u1edf ph\u00eda d\u01b0\u1edbi. Nh\u01b0 th\u1ec3 b\u1ea1n \u0111ang s\u1ed1ng trong m\u1ed9t thi\u00ean \u0111\u01b0\u1eddng r\u1eebng nhi\u1ec7t \u0111\u1edbi v\u1edbi phong c\u00e1ch tuy\u1ec7t \u0111\u1eb9p v\u00e0 r\u1ea5t th\u01b0 gi\u00e3n v\u00e0 y\u00ean t\u0129nh. V\u1edbi quy\u1ec1n s\u1eed d\u1ee5ng c\u00e1c h\u1ed3 b\u01a1i b\u1eaft ngu\u1ed3n t\u1eeb S\u00f4ng T\u1ef1 nhi\u00ean t\u1eeb C\u00f4ng vi\u00ean Qu\u1ed1c gia Los Haitises.<\/p>\n<div class=\"body-description secondary\">\n<p>N\u01a1i n\u00e0y l\u00e0 n\u01a1i ch\u00fang t\u00f4i s\u1ebd d\u00f9ng b\u1eefa tr\u01b0a \u0111i\u1ec3n h\u00ecnh. N\u1ebfu b\u1ea1n l\u00e0 ng\u01b0\u1eddi \u0103n chay, \u0111\u1eebng lo, ch\u00fang t\u00f4i c\u0169ng c\u00f3 \u0111\u1ed3 \u0103n cho b\u1ea1n!<\/p>\n<p>Sau b\u1eefa tr\u01b0a, ch\u00fang ta quay tr\u1edf l\u1ea1i Punta Cana!!<\/p>\n<\/div>\n<p>Trong tr\u01b0\u1eddng h\u1ee3p b\u1ea1n mu\u1ed1n chuy\u1ebfn \u0111i n\u00e0y d\u00e0i h\u01a1n ho\u1eb7c ng\u1eafn h\u01a1n, ch\u1ec9 c\u1ea7n li\u00ean h\u1ec7 v\u1edbi ch\u00fang t\u00f4i.<\/p>\n<p>&nbsp;<\/p>\n<h4><em><strong>B\u1ea1n n\u00ean mang theo nh\u1eefng g\u00ec?<\/strong><\/em><\/h4>\n<ul>\n<li style=\"font-weight: 400;\"><span style=\"font-weight: 400;\">M\u00e1y \u1ea3nh<\/span><\/li>\n<li style=\"font-weight: 400;\"><span style=\"font-weight: 400;\">Ch\u1ed3i \u0111u\u1ed5i<\/span><\/li>\n<li style=\"font-weight: 400;\"><span style=\"font-weight: 400;\">kem ch\u1ed1ng n\u1eafng<\/span><\/li>\n<li style=\"font-weight: 400;\"><span style=\"font-weight: 400;\">M\u0169<\/span><\/li>\n<li style=\"font-weight: 400;\"><span style=\"font-weight: 400;\">Qu\u1ea7n tho\u1ea3i m\u00e1i<\/span><\/li>\n<li style=\"font-weight: 400;\"><span style=\"font-weight: 400;\">Gi\u00e0y \u0111i r\u1eebng<\/span><\/li>\n<li style=\"font-weight: 400;\"><span style=\"font-weight: 400;\">D\u00e9p \u0111\u1ebfn mi\u1ec1n Xu\u00e2n.<\/span><\/li>\n<li style=\"font-weight: 400;\"><span style=\"font-weight: 400;\">\u0110\u1ed3 b\u01a1i<\/span><\/li>\n<\/ul>\n<p>&nbsp;<\/p>\n<h4><b><i>\u0110\u00f3n kh\u00e1ch s\u1ea1n <\/i><\/b><\/h4>\n<p><span style=\"font-weight: 400;\">D\u1ecbch v\u1ee5 \u0111\u00f3n kh\u00e1ch t\u1ea1i kh\u00e1ch s\u1ea1n \u0111\u01b0\u1ee3c cung c\u1ea5p cho chuy\u1ebfn tham quan n\u00e0y. Ch\u1ecdn T\u00ean kh\u00e1ch s\u1ea1n v\u00e0 th\u1eddi gian l\u00ean \u0111\u00e2y. Trong tr\u01b0\u1eddng h\u1ee3p Kh\u00e1ch s\u1ea1n c\u1ee7a b\u1ea1n kh\u00f4ng c\u00f3 trong danh s\u00e1ch, vui l\u00f2ng Li\u00ean h\u1ec7 v\u1edbi Ch\u00fang t\u00f4i.<\/span><\/p>\n<p>&nbsp;<\/p>\n<p><b>Ghi ch\u00fa:<\/b><span style=\"font-weight: 400;\"> N\u1ebfu b\u1ea1n \u0111\u01b0\u1ee3c \u0111\u1eb7t trong v\u00f2ng 24 gi\u1edd k\u1ec3 t\u1eeb gi\u1edd kh\u1edfi h\u00e0nh chuy\u1ebfn tham quan\/chuy\u1ebfn tham quan, ch\u00fang t\u00f4i c\u00f3 th\u1ec3 s\u1eafp x\u1ebfp \u0111\u00f3n kh\u00e1ch t\u1ea1i kh\u00e1ch s\u1ea1n. Sau khi vi\u1ec7c mua h\u00e0ng c\u1ee7a b\u1ea1n ho\u00e0n t\u1ea5t, ch\u00fang t\u00f4i s\u1ebd g\u1eedi cho b\u1ea1n th\u00f4ng tin li\u00ean h\u1ec7 \u0111\u1ea7y \u0111\u1ee7 (s\u1ed1 \u0111i\u1ec7n tho\u1ea1i, \u0111\u1ecba ch\u1ec9 email, v.v.) \u0111\u1ec3 h\u01b0\u1edbng d\u1eabn vi\u00ean du l\u1ecbch \u0111\u1ecba ph\u01b0\u01a1ng c\u1ee7a ch\u00fang t\u00f4i s\u1eafp x\u1ebfp vi\u1ec7c \u0111\u00f3n kh\u00e1ch.<\/span><\/p>\n<h4><b><i>X\u00e1c nh\u1eadn th\u00f4ng tin b\u1ed5 sung <\/i><\/b><\/h4>\n<ol>\n<li>V\u00e9 l\u00e0 Bi\u00ean lai sau khi thanh to\u00e1n Chuy\u1ebfn tham quan n\u00e0y. B\u1ea1n c\u00f3 th\u1ec3 hi\u1ec3n th\u1ecb kho\u1ea3n thanh to\u00e1n tr\u00ean \u0111i\u1ec7n tho\u1ea1i c\u1ee7a m\u00ecnh.<\/li>\n<li style=\"font-weight: 400;\"><span style=\"font-weight: 400;\">\u0110i\u1ec3m t\u1eadp trung s\u1ebd \u0111\u01b0\u1ee3c nh\u1eadn sau qu\u00e1 tr\u00ecnh \u0111\u1eb7t ch\u1ed7.<\/span><\/li>\n<li style=\"font-weight: 400;\"><span style=\"font-weight: 400;\">Tr\u1ebb em ph\u1ea3i \u0111i c\u00f9ng ng\u01b0\u1eddi l\u1edbn.<\/span><\/li>\n<li style=\"font-weight: 400;\"><span style=\"font-weight: 400;\"> Kh\u00f4ng th\u1ec3 s\u1eed d\u1ee5ng xe l\u0103n <\/span><\/li>\n<li style=\"font-weight: 400;\"><span style=\"font-weight: 400;\">Tr\u1ebb s\u01a1 sinh ph\u1ea3i ng\u1ed3i tr\u00ean \u0111\u00f9i <\/span><\/li>\n<li style=\"font-weight: 400;\"><span style=\"font-weight: 400;\">Kh\u00f4ng khuy\u1ebfn kh\u00edch cho du kh\u00e1ch c\u00f3 v\u1ea5n \u0111\u1ec1 v\u1ec1 l\u01b0ng<\/span><\/li>\n<li style=\"font-weight: 400;\"><span style=\"font-weight: 400;\">Kh\u00f4ng khuy\u1ebfn kh\u00edch cho du kh\u00e1ch mang thai <\/span><\/li>\n<li style=\"font-weight: 400;\"><span style=\"font-weight: 400;\"> Kh\u00f4ng c\u00f3 v\u1ea5n \u0111\u1ec1 v\u1ec1 tim ho\u1eb7c c\u00e1c t\u00ecnh tr\u1ea1ng b\u1ec7nh l\u00fd nghi\u00eam tr\u1ecdng kh\u00e1c <\/span><\/li>\n<li style=\"font-weight: 400;\"><span style=\"font-weight: 400;\">H\u1ea7u h\u1ebft du kh\u00e1ch c\u00f3 th\u1ec3 tham gia<\/span><\/li>\n<\/ol>\n<h4><b><i>Ch\u00ednh s\u00e1ch h\u1ee7y<\/i><\/b><\/h4>\n<p>\u0110\u1ec3 \u0111\u01b0\u1ee3c ho\u00e0n l\u1ea1i \u0111\u1ea7y \u0111\u1ee7, vui l\u00f2ng \u0111\u1ecdc ch\u00ednh s\u00e1ch H\u1ee7y c\u1ee7a ch\u00fang t\u00f4i\u00a0<a href=\"https:\/\/www.ticketswhales.com\/online-booking\/\" target=\"_blank\" rel=\"noopener\" data-saferedirecturl=\"https:\/\/www.google.com\/url?q=https:\/\/www.ticketswhales.com\/online-booking\/&amp;source=gmail&amp;ust=1672529771100000&amp;usg=AOvVaw2NIGJBZ0qjB5RhPUl5Obc7\">B\u1ea5m v\u00e0o \u0111\u00e2y<\/a>. Ti\u1ec1n s\u1ebd b\u1ecb m\u1ea5t n\u1ebfu vi\u1ec7c \u0111\u1eb7t ch\u1ed7 b\u1ecb h\u1ee7y trong c\u00f9ng ng\u00e0y c\u1ee7a chuy\u1ebfn \u0111i.<\/p>\n\n\t\t<\/div>\n\t<\/div>\n<\/div><\/div><\/div><\/div><div class=\"vc_row wpb_row vc_row-fluid\" ><div class=\"wpb_column vc_column_container vc_col-sm-12\"><div class=\"vc_column-inner\"><div class=\"wpb_wrapper\"><div class=\"vc_btn3-container vc_btn3-inline\" ><a class=\"vc_general vc_btn3 vc_btn3-size-md vc_btn3-shape-rounded vc_btn3-style-modern vc_btn3-color-green\" href=\"https:\/\/bookingadventures.tours\/booking.php?tour_id=2d52ebf3635f3c30a26b2bdd1f47c0d8\" title=\"\" target=\"_blank\" rel=\"noopener\">\u0110\u0102\u0323T B\u00c2Y GI\u1edc<\/a><\/div><div class=\"vc_empty_space\"   style=\"height: 32px\"><span class=\"vc_empty_space_inner\"><\/span><\/div>\n\t<div class=\"wpb_video_widget wpb_content_element vc_clearfix   vc_video-aspect-ratio-169 vc_video-el-width-100 vc_video-align-left\" >\n\t\t<div class=\"wpb_wrapper\">\n\t\t\t<h2 class=\"wpb_heading wpb_video_heading\">Video C\u00f4ng vi\u00ean Qu\u1ed1c gia Los Haitises:<\/h2>\n\t\t\t<div class=\"wpb_video_wrapper\"><iframe loading=\"lazy\" title=\"C\u00f4ng vi\u00ean qu\u1ed1c gia Los Haitises, c\u00e1c chuy\u1ebfn tham quan &amp; du ngo\u1ea1n t\u1eeb Samana ho\u1eb7c Sabana de la Mar. \u0110\u1eb7t v\u00e9 t\u1ea1i \u0111\u00e2y:\" src=\"https:\/\/player.vimeo.com\/video\/346508015?dnt=1&amp;app_id=122963\" width=\"1100\" height=\"619\" frameborder=\"0\" allow=\"autoplay; fullscreen; picture-in-picture\"><\/iframe><\/div>\n\t\t<\/div>\n\t<\/div>\n<div class=\"vc_empty_space\"   style=\"height: 32px\"><span class=\"vc_empty_space_inner\"><\/span><\/div><\/div><\/div><\/div><\/div><div class=\"vc_row wpb_row vc_row-fluid\" ><div class=\"wpb_column vc_column_container vc_col-sm-12\"><div class=\"vc_column-inner\"><div class=\"wpb_wrapper\"><div class=\"vc_empty_space\"   style=\"height: 32px\"><span class=\"vc_empty_space_inner\"><\/span><\/div>\n\t<div class=\"wpb_text_column wpb_content_element\" >\n\t\t<div class=\"wpb_wrapper\">\n\t\t\t<h4>Li\u00ean h\u1ec7 ch\u00fang t\u00f4i?<\/h4>\n<h5><em><strong>\u0110\u1eb7t ch\u1ed7 cu\u1ed9c phi\u00eau l\u01b0u<\/strong><\/em><\/h5>\n<p><em><strong>Ng\u01b0\u1eddi d\u00e2n \u0111\u1ecba ph\u01b0\u01a1ng<\/strong>\u00a0V\u00e0\u00a0<strong>Qu\u1ed1c t\u1ecbch<\/strong>\u00a0H\u01b0\u1edbng d\u1eabn vi\u00ean du l\u1ecbch &amp; D\u1ecbch v\u1ee5 kh\u00e1ch h\u00e0ng<\/em><\/p>\n<p><span class=\"text-turquoise\">\u0110\u1eb7t ch\u1ed7:<\/span>\u00a0Chuy\u1ebfn tham quan &amp; tham quan t\u1ea1i Dom. Rep.<\/p>\n<p><img decoding=\"async\" class=\"emoji\" draggable=\"false\" src=\"https:\/\/s.w.org\/images\/core\/emoji\/11.2.0\/svg\/1f4de.svg\" alt=\"\ud83d\udcde\" \/>\u00a0\u0110i\u1ec7n tho\u1ea1i\/Whatsapp\u00a0\u00a0<a href=\"tel: 1-809-720-6035\">+1-809-720-6035<\/a>.<\/p>\n<p><img decoding=\"async\" class=\"emoji\" draggable=\"false\" src=\"https:\/\/s.w.org\/images\/core\/emoji\/11.2.0\/svg\/1f4e9.svg\" alt=\"\ud83d\udce9\" \/>\u00a0<a href=\"mailto:info@bookingadventures.com.do\">info@bookingadventures.com.do<\/a><\/p>\n<p><strong>Ch\u00fang t\u00f4i linh ho\u1ea1t thi\u1ebft l\u1eadp c\u00e1c chuy\u1ebfn tham quan ri\u00eang b\u1eb1ng Whatsapp:\u00a0<a href=\"tel: 18097206035\">+18097206035.<\/a><\/strong><\/p>\n\n\t\t<\/div>\n\t<\/div>\n<div class=\"vc_empty_space\"   style=\"height: 32px\"><span class=\"vc_empty_space_inner\"><\/span><\/div><\/div><\/div><\/div><\/div><div class=\"vc_row wpb_row vc_row-fluid\" ><div class=\"wpb_column vc_column_container vc_col-sm-12\"><div class=\"vc_column-inner\"><div class=\"wpb_wrapper\"><\/div><\/div><\/div><\/div><div class=\"vc_row wpb_row vc_row-fluid\" ><div class=\"wpb_column vc_column_container vc_col-sm-12\"><div class=\"vc_column-inner\"><div class=\"wpb_wrapper\"><div class=\"vc_btn3-container vc_btn3-inline\" ><a class=\"vc_general vc_btn3 vc_btn3-size-md vc_btn3-shape-rounded vc_btn3-style-modern vc_btn3-color-green\" href=\"https:\/\/bookingadventures.tours\/booking.php?tour_id=2d52ebf3635f3c30a26b2bdd1f47c0d8\" title=\"\" target=\"_blank\" rel=\"noopener\">\u0110\u0102\u0323T B\u00c2Y GI\u1edc<\/a><\/div><\/div><\/div><\/div><\/div>","protected":false},"excerpt":{"rendered":"<p>Chuy\u1ebfn tham quan t\u1eeb Punta Cana \u0111\u1ebfn th\u0103m C\u00f4ng vi\u00ean Qu\u1ed1c gia Los Haitises, Montana Redonda &amp; Cano Hondo. Bao g\u1ed3m B\u1eefa tr\u01b0a v\u00e0 Ph\u01b0\u01a1ng ti\u1ec7n di chuy\u1ec3n \u0111\u1ec3 tham quan 3 hang \u0111\u1ed9ng ch\u00ednh, kh\u00e1m ph\u00e1 2 h\u1ec7 sinh th\u00e1i r\u1eebng ng\u1eadp m\u1eb7n kh\u00e1c nhau, quang c\u1ea3nh v\u00e0 H\u1ed3 Simming.<\/p>\n<p>Chuy\u1ebfn \u0111i c\u1ea3 ng\u00e0y \u0111\u1ebfn C\u00f4ng vi\u00ean Qu\u1ed1c gia Los Haitises v\u1edbi h\u01b0\u1edbng d\u1eabn vi\u00ean du l\u1ecbch \u0111\u1ecba ph\u01b0\u01a1ng. Tham quan Cays \u1edf C\u00f4ng vi\u00ean Qu\u1ed1c gia Los Haitises, R\u1eebng ng\u1eadp m\u1eb7n, Th\u1ea3m th\u1ef1c v\u1eadt, Chim, Hang \u0111\u1ed9ng, Ch\u1eef t\u01b0\u1ee3ng h\u00ecnh v\u00e0 c\u00e1c khu v\u1ef1c l\u1ecbch s\u1eed Sabana de la Mar \u1edf C\u00f4ng vi\u00ean Qu\u1ed1c gia Los Haitises. Khung c\u1ea3nh tuy\u1ec7t v\u1eddi \u1edf Montana Redonda v\u00e0 B\u1eefa tr\u01b0a c\u1ed9ng v\u1edbi H\u1ed3 b\u01a1i \u1edf Cano Hondo.<\/p>\n<p>&nbsp;<\/p>\n<p><strong>Vui l\u00f2ng ch\u1ecdn ng\u00e0y tham quan:\u00a0<\/strong><\/p>","protected":false},"featured_media":11334,"template":"","meta":[],"product_brand":[],"product_cat":[576,565,566,119,120,135,121,572,569,586,587,122,259],"product_tag":[126,127,128,206,145,260,225,132,133,213,215,261,146,262,141,263,226],"class_list":{"0":"post-11643","1":"product","2":"type-product","3":"status-publish","4":"has-post-thumbnail","6":"product_cat-1-punta-cana","7":"product_cat-1-sabana-de-la-mar","8":"product_cat-boat-trip-los-haitises","9":"product_cat-caves","10":"product_cat-fees-entrace","11":"product_cat-lunch","12":"product_cat-mangroves","13":"product_cat-natural-pools-los-haitises","14":"product_cat-punta-cana-group-tours","15":"product_cat-punta-cana-los-haitises","16":"product_cat-punta-cana-montana-redonda","17":"product_cat-tours-and-excursions","18":"product_cat-tours-excursions-punta-cana-dominican-republic","19":"product_tag-cano-hondo","20":"product_tag-cano-hondo-hotel","21":"product_tag-cano-hondo-tours","22":"product_tag-caves-los-haitises","23":"product_tag-day-tour-cano-hondo","24":"product_tag-day-trip-punta-cana","25":"product_tag-las-terrenas","26":"product_tag-los-haitises","27":"product_tag-los-haitises-national-park","28":"product_tag-los-haitises-national-park-map","29":"product_tag-los-haitises-national-park-tour-from-las-terrenas","30":"product_tag-los-haitises-national-park-tours-excursions","31":"product_tag-mangroves-los-haitises","32":"product_tag-montana-redonda-tours-excursion","33":"product_tag-punta-cana","34":"product_tag-punta-cana-tours-excursions","35":"product_tag-transportation-los-haitises","37":"first","38":"instock","39":"sale","40":"sold-individually","41":"shipping-taxable","42":"product-type-external"},"_links":{"self":[{"href":"https:\/\/saonaisland.com.do\/vi\/wp-json\/wp\/v2\/product\/11643","targetHints":{"allow":["GET"]}}],"collection":[{"href":"https:\/\/saonaisland.com.do\/vi\/wp-json\/wp\/v2\/product"}],"about":[{"href":"https:\/\/saonaisland.com.do\/vi\/wp-json\/wp\/v2\/types\/product"}],"wp:featuredmedia":[{"embeddable":true,"href":"https:\/\/saonaisland.com.do\/vi\/wp-json\/wp\/v2\/media\/11334"}],"wp:attachment":[{"href":"https:\/\/saonaisland.com.do\/vi\/wp-json\/wp\/v2\/media?parent=11643"}],"wp:term":[{"taxonomy":"product_brand","embeddable":true,"href":"https:\/\/saonaisland.com.do\/vi\/wp-json\/wp\/v2\/product_brand?post=11643"},{"taxonomy":"product_cat","embeddable":true,"href":"https:\/\/saonaisland.com.do\/vi\/wp-json\/wp\/v2\/product_cat?post=11643"},{"taxonomy":"product_tag","embeddable":true,"href":"https:\/\/saonaisland.com.do\/vi\/wp-json\/wp\/v2\/product_tag?post=11643"}],"curies":[{"name":"wp","href":"https:\/\/api.w.org\/{rel}","templated":true}]}}