{"id":11359,"date":"2021-08-15T20:08:48","date_gmt":"2021-08-15T20:08:48","guid":{"rendered":"https:\/\/haitises.com\/?post_type=product&#038;p=11359"},"modified":"2024-04-07T00:10:00","modified_gmt":"2024-04-07T00:10:00","slug":"punta-cana-buggy-tour-pick-up-from-punta-cana-hotels-2","status":"publish","type":"product","link":"https:\/\/saonaisland.com.do\/vi\/saona\/punta-cana-buggy-tour-pick-up-from-punta-cana-hotels-2\/","title":{"rendered":"Tour du l\u1ecbch b\u1eb1ng xe buggy \u1edf Punta Cana \u2013 \u0110\u00f3n kh\u00e1ch t\u1eeb kh\u00e1ch s\u1ea1n \u1edf Punta Cana"},"content":{"rendered":"<div class=\"vc_row wpb_row vc_row-fluid\" ><div class=\"wpb_column vc_column_container vc_col-sm-12\"><div class=\"vc_column-inner\"><div class=\"wpb_wrapper\"><div class=\"mkdf-section-title-holder\" style=\"text-align: left\">\n\t<div class=\"mkdf-st-inner\">\n\t\t\t\t\t<h5 class=\"mkdf-st-subtitle\" >\n\t\t\t\tFrom Punta Cana Hotels\t\t\t<\/h5>\n\t\t\t\t\t\t\t<h3 class=\"mkdf-st-title\" >\n\t\t\t\tPunta Cana Buggies - Buggy\t\t\t<\/h3>\n\t\t\t\t\t\t\t<p class=\"mkdf-st-text\" >\n\t\t\t\tNote: This tour starts at 7: 00 am Depending where is the Pickup Hotels Time may Change. Extras cost for Pick up in Areas not listed in Our Description.\t\t\t<\/p>\n\t\t\t<\/div>\n<\/div><\/div><\/div><\/div><\/div><div class=\"vc_row wpb_row vc_row-fluid\" ><div class=\"wpb_column vc_column_container vc_col-sm-12\"><div class=\"vc_column-inner\"><div class=\"wpb_wrapper\"><div class=\"vc_empty_space\"   style=\"height: 32px\"><span class=\"vc_empty_space_inner\"><\/span><\/div><\/div><\/div><\/div><\/div><div class=\"vc_row wpb_row vc_row-fluid\" ><div class=\"wpb_column vc_column_container vc_col-sm-12\"><div class=\"vc_column-inner\"><div class=\"wpb_wrapper\">\n\t<div class=\"wpb_text_column wpb_content_element\" >\n\t\t<div class=\"wpb_wrapper\">\n\t\t\t<h4><b><i>T\u1ed5ng quan <\/i><\/b><\/h4>\n<div>\n<p>Tour the paradise landscapes of Punta Cana, onboard your very own buggy! You&#8217;ll <strong>discover the Macao village and its idyllic beaches<\/strong>, as well as taking a dip in an indigenous cenote.<\/p>\n<\/div>\n<ul class=\"vcs-highlights\">\n<li>Choice of several departures throughout the day<\/li>\n<li>Enjoy fantastic\u00a0 views<\/li>\n<li>Family friendly<\/li>\n<li>Pickup from a centrally located meeting point<\/li>\n<li>Romantic experience, perfect for couples<\/li>\n<\/ul>\n<p>&nbsp;<\/p>\n<h4><b>Bao g\u1ed3m &amp; Lo\u1ea1i tr\u1eeb<\/b><\/h4>\n<p>&nbsp;<\/p>\n<p><b>Bao g\u1ed3m<\/b><\/p>\n<p>&nbsp;<\/p>\n<ol>\n<li>Buggies Tour<\/li>\n<li>Bus pick up from Your Hotel<\/li>\n<li style=\"font-weight: 400;\"><span style=\"font-weight: 400;\">T\u1ea5t c\u1ea3 c\u00e1c lo\u1ea1i thu\u1ebf, ph\u00ed v\u00e0 ph\u00ed x\u1eed l\u00fd<\/span><\/li>\n<li style=\"font-weight: 400;\"><span style=\"font-weight: 400;\">Thu\u1ebf \u0111\u1ecba ph\u01b0\u01a1ng<\/span><\/li>\n<li style=\"font-weight: 400;\"><span style=\"font-weight: 400;\">\u0110\u1ed3 u\u1ed1ng<\/span><\/li>\n<\/ol>\n<p><b> Lo\u1ea1i tr\u1eeb<\/b><\/p>\n<ol>\n<li style=\"font-weight: 400;\"><span style=\"font-weight: 400;\">Ti\u1ec1n th\u01b0\u1edfng<\/span><\/li>\n<li>B\u1eefa tr\u01b0a<\/li>\n<\/ol>\n<p>&nbsp;<\/p>\n<h4><em><strong>Kh\u1edfi h\u00e0nh &amp; Tr\u1edf v\u1ec1<\/strong><\/em><\/h4>\n<p><span style=\"font-weight: 400;\">Du kh\u00e1ch s\u1ebd c\u00f3 \u0111i\u1ec3m t\u1eadp trung sau qu\u00e1 tr\u00ecnh \u0111\u1eb7t ch\u1ed7. Chuy\u1ebfn tham quan b\u1eaft \u0111\u1ea7u v\u00e0 k\u1ebft th\u00fac t\u1ea1i \u0111i\u1ec3m g\u1eb7p g\u1ee1 c\u1ee7a ch\u00fang t\u00f4i.<\/span><\/p>\n<p>&nbsp;<\/p>\n<h4><b><i>Nh\u1eefng g\u00ec mong \u0111\u1ee3i?<\/i><\/b><\/h4>\n<p>Having picked you up from your hotel we&#8217;ll make our way to the Punta Cana interior. Surrounded by <strong>coffee and cocoa plantations<\/strong>, your\u00a0<strong>local guides<\/strong>\u00a0will explain the tour and everything you need to know to drive your buggy.<\/p>\n<p>Then we&#8217;ll turn the key in the ignition, and begin the excitement, zipping over\u00a0<strong>hills,\u00a0through coffee plantations and\u00a0along dirt trails\u00a0and riverbeds<\/strong>.<\/p>\n<p>Our first stop will be at Macao beach. Far from the large hotels and tourist areas, this\u00a0<strong>natural paradise<\/strong>\u00a0and its crystal clear water is the perfect spot for a dip, and here you&#8217;ll have free time to\u00a0<strong>swim in the stunning Caribbean sea<\/strong>.<\/p>\n<p>Then we&#8217;ll climb back aboard our buggy, on our way to the so-called &#8216;Indigenous Springs&#8217;, discovering one of the most idyllic<strong>\u00a0cenotes<\/strong>\u00a0in Punta Cana. Here you&#8217;ll have half an hour free to explore this underground pool, swimming in its turquoise waters.<\/p>\n<p>Finally, we&#8217;ll leave the buggies behind, and we&#8217;ll accompany you back to your accommodation, putting an end to an unforgettable day.<\/p>\n<p><strong>Th\u1eddi gian bi\u1ec3u:<\/strong><\/p>\n<p>7:00 AM &#8211; 7:00 PM&#8230; Time change depending on were in Punta Cana you are located.<\/p>\n<h4>Solo or Sharing?<\/h4>\n<p>When making your reservation you can choose if you would prefer to drive a buggy to yourself or share a vehicle with one or three others. The price shown is per person.<\/p>\n<p>&nbsp;<\/p>\n<h4><em><strong>B\u1ea1n n\u00ean mang theo nh\u1eefng g\u00ec?<\/strong><\/em><\/h4>\n<ul>\n<li style=\"font-weight: 400;\"><span style=\"font-weight: 400;\">M\u00e1y \u1ea3nh<\/span><\/li>\n<li style=\"font-weight: 400;\"><span style=\"font-weight: 400;\">Ch\u1ed3i \u0111u\u1ed5i<\/span><\/li>\n<li style=\"font-weight: 400;\"><span style=\"font-weight: 400;\">kem ch\u1ed1ng n\u1eafng<\/span><\/li>\n<li style=\"font-weight: 400;\"><span style=\"font-weight: 400;\">M\u0169<\/span><\/li>\n<li style=\"font-weight: 400;\"><span style=\"font-weight: 400;\">Qu\u1ea7n tho\u1ea3i m\u00e1i<\/span><\/li>\n<li style=\"font-weight: 400;\"><span style=\"font-weight: 400;\">Gi\u00e0y \u0111i r\u1eebng<\/span><\/li>\n<li style=\"font-weight: 400;\"><span style=\"font-weight: 400;\">D\u00e9p \u0111i bi\u1ec3n<\/span><\/li>\n<li style=\"font-weight: 400;\"><span style=\"font-weight: 400;\">\u0110\u1ed3 b\u01a1i<\/span><\/li>\n<li>Ti\u1ec1n m\u1eb7t mua qu\u00e0 l\u01b0u ni\u1ec7m<\/li>\n<\/ul>\n<p>&nbsp;<\/p>\n<h4><b><i>\u0110\u00f3n kh\u00e1ch s\u1ea1n <\/i><\/b><\/h4>\n<p><span style=\"font-weight: 400;\">Traveler pickup is offered!<\/span><\/p>\n<p><span style=\"font-weight: 400;\">We do pick up from all the Hotels in Punta Cana. Pick up Location is Hotel Lobby<br \/>\nIf you are staying at a condo in the area, we will be picking you up at the condo or at the entrance of the closest resort.. We set Pick up contacting us by Whatsapp.<\/span><\/p>\n<p><b>Ghi ch\u00fa:<\/b><span style=\"font-weight: 400;\"> N\u1ebfu b\u1ea1n \u0111\u01b0\u1ee3c \u0111\u1eb7t trong v\u00f2ng 24 gi\u1edd k\u1ec3 t\u1eeb gi\u1edd kh\u1edfi h\u00e0nh chuy\u1ebfn tham quan\/chuy\u1ebfn tham quan, ch\u00fang t\u00f4i c\u00f3 th\u1ec3 s\u1eafp x\u1ebfp \u0111\u00f3n kh\u00e1ch t\u1ea1i kh\u00e1ch s\u1ea1n. Sau khi vi\u1ec7c mua h\u00e0ng c\u1ee7a b\u1ea1n ho\u00e0n t\u1ea5t, ch\u00fang t\u00f4i s\u1ebd g\u1eedi cho b\u1ea1n th\u00f4ng tin li\u00ean h\u1ec7 \u0111\u1ea7y \u0111\u1ee7 (s\u1ed1 \u0111i\u1ec7n tho\u1ea1i, \u0111\u1ecba ch\u1ec9 email, v.v.) \u0111\u1ec3 h\u01b0\u1edbng d\u1eabn vi\u00ean du l\u1ecbch \u0111\u1ecba ph\u01b0\u01a1ng c\u1ee7a ch\u00fang t\u00f4i s\u1eafp x\u1ebfp vi\u1ec7c \u0111\u00f3n kh\u00e1ch.<\/span><\/p>\n<h4><b><i>X\u00e1c nh\u1eadn th\u00f4ng tin b\u1ed5 sung <\/i><\/b><\/h4>\n<ol>\n<li>V\u00e9 l\u00e0 Bi\u00ean lai sau khi thanh to\u00e1n Chuy\u1ebfn tham quan n\u00e0y. B\u1ea1n c\u00f3 th\u1ec3 hi\u1ec3n th\u1ecb kho\u1ea3n thanh to\u00e1n tr\u00ean \u0111i\u1ec7n tho\u1ea1i c\u1ee7a m\u00ecnh.<\/li>\n<li style=\"font-weight: 400;\"><span style=\"font-weight: 400;\">\u0110i\u1ec3m t\u1eadp trung s\u1ebd \u0111\u01b0\u1ee3c nh\u1eadn sau qu\u00e1 tr\u00ecnh \u0111\u1eb7t ch\u1ed7.<\/span><\/li>\n<li style=\"font-weight: 400;\"><strong>Children between 5 and 11<\/strong>\u00a0may only take part if they ride in a 2 or 4 person buggy, accompanied by an adult, as they are not able to drive the buggies.<\/li>\n<li style=\"font-weight: 400;\"><span style=\"font-weight: 400;\">Xe l\u0103n cho ng\u01b0\u1eddi khuy\u1ebft <\/span><\/li>\n<li style=\"font-weight: 400;\"><span style=\"font-weight: 400;\">Tr\u1ebb s\u01a1 sinh ph\u1ea3i ng\u1ed3i tr\u00ean \u0111\u00f9i <\/span><\/li>\n<li style=\"font-weight: 400;\"><span style=\"font-weight: 400;\">H\u1ea7u h\u1ebft du kh\u00e1ch c\u00f3 th\u1ec3 tham gia<\/span><\/li>\n<li><strong>Pregnant women<\/strong>\u00a0may not take part in this activity.<\/li>\n<\/ol>\n<h4><b><i>Ch\u00ednh s\u00e1ch h\u1ee7y<\/i><\/b><\/h4>\n<p><span style=\"font-weight: 400;\">For a full refund, cancel at least 72 hours in advance of the start date of the experience.<\/span><\/p>\n\n\t\t<\/div>\n\t<\/div>\n<\/div><\/div><\/div><\/div><div class=\"vc_row wpb_row vc_row-fluid\" ><div class=\"wpb_column vc_column_container vc_col-sm-12\"><div class=\"vc_column-inner\"><div class=\"wpb_wrapper\">\n\t<div class=\"wpb_text_column wpb_content_element\" >\n\t\t<div class=\"wpb_wrapper\">\n\t\t\t<h4>Li\u00ean h\u1ec7 ch\u00fang t\u00f4i?<\/h4>\n<h5><em><strong>\u0110\u1eb7t ch\u1ed7 cu\u1ed9c phi\u00eau l\u01b0u<\/strong><\/em><\/h5>\n<p><em><strong>Ng\u01b0\u1eddi d\u00e2n \u0111\u1ecba ph\u01b0\u01a1ng<\/strong> V\u00e0 <strong>Qu\u1ed1c t\u1ecbch<\/strong> H\u01b0\u1edbng d\u1eabn vi\u00ean du l\u1ecbch &amp; D\u1ecbch v\u1ee5 kh\u00e1ch h\u00e0ng<\/em><\/p>\n<p><span class=\"text-turquoise\">\u0110\u1eb7t ch\u1ed7:<\/span> Chuy\u1ebfn tham quan &amp; tham quan t\u1ea1i Dom. Rep.<\/p>\n\n\t\t<\/div>\n\t<\/div>\n<\/div><\/div><\/div><\/div><div class=\"vc_row wpb_row vc_row-fluid\" ><div class=\"wpb_column vc_column_container vc_col-sm-12\"><div class=\"vc_column-inner\"><div class=\"wpb_wrapper\"><div class=\"vc_empty_space\"   style=\"height: 32px\"><span class=\"vc_empty_space_inner\"><\/span><\/div>\n\t<div class=\"wpb_text_column wpb_content_element\" >\n\t\t<div class=\"wpb_wrapper\">\n\t\t\t<h4>Li\u00ean h\u1ec7 ch\u00fang t\u00f4i?<\/h4>\n<h5>\u0110\u1eb7t ch\u1ed7 cu\u1ed9c phi\u00eau l\u01b0u<\/h5>\n<p><em><strong>Ng\u01b0\u1eddi d\u00e2n \u0111\u1ecba ph\u01b0\u01a1ng<\/strong>\u00a0V\u00e0\u00a0<strong>Qu\u1ed1c t\u1ecbch<\/strong>\u00a0H\u01b0\u1edbng d\u1eabn vi\u00ean du l\u1ecbch &amp; D\u1ecbch v\u1ee5 kh\u00e1ch h\u00e0ng<\/em><\/p>\n<p><span class=\"text-turquoise\">\u0110\u1eb7t ch\u1ed7:<\/span>\u00a0Chuy\u1ebfn tham quan &amp; tham quan t\u1ea1i Dom. Rep.<\/p>\n<p><img decoding=\"async\" class=\"emoji\" draggable=\"false\" src=\"https:\/\/s.w.org\/images\/core\/emoji\/11.2.0\/svg\/1f4de.svg\" alt=\"\ud83d\udcde\" \/>\u00a0\u0110i\u1ec7n tho\u1ea1i\/Whatsapp\u00a0\u00a0<a href=\"tel: 1-809-720-6035\">+1-809-720-6035<\/a>.<\/p>\n<p><img decoding=\"async\" class=\"emoji\" draggable=\"false\" src=\"https:\/\/s.w.org\/images\/core\/emoji\/11.2.0\/svg\/1f4e9.svg\" alt=\"\ud83d\udce9\" \/>\u00a0<a href=\"mailto:info@bookingadventures.com.do\">info@bookingadventures.com.do<\/a><\/p>\n<p><strong>Ch\u00fang t\u00f4i linh ho\u1ea1t thi\u1ebft l\u1eadp c\u00e1c chuy\u1ebfn tham quan ri\u00eang b\u1eb1ng Whatsapp:\u00a0<a href=\"tel: 18097206035\">+18097206035.<\/a><\/strong><\/p>\n\n\t\t<\/div>\n\t<\/div>\n<div class=\"vc_empty_space\"   style=\"height: 32px\"><span class=\"vc_empty_space_inner\"><\/span><\/div><\/div><\/div><\/div><\/div>","protected":false},"excerpt":{"rendered":"<p>Having picked you up from your hotel we&#8217;ll make our way to the Punta Cana interior. Surrounded by\u00a0<strong>coffee and cocoa plantations<\/strong>, your\u00a0<strong>local guides<\/strong>\u00a0will explain the tour and everything you need to know to drive your buggy.<\/p>\n<p>Then we&#8217;ll turn the key in the ignition, and begin the excitement, zipping over\u00a0<strong>hills,\u00a0through coffee plantations and\u00a0along dirt trails\u00a0and riverbeds<\/strong>.<\/p>\n<p>&nbsp;<\/p>\n<p><em><strong>Vui l\u00f2ng ch\u1ecdn ng\u00e0y cho chuy\u1ebfn tham quan\u00a0<\/strong><\/em><\/p>","protected":false},"featured_media":11029,"template":"","meta":[],"product_brand":[],"product_cat":[449,305,122,259],"product_tag":[450,451,141,452,362,228],"class_list":{"0":"post-11359","1":"product","2":"type-product","3":"status-publish","4":"has-post-thumbnail","6":"product_cat-punta-cana-buggy-tour","7":"product_cat-tours-and-excursion-punta-cana","8":"product_cat-tours-and-excursions","9":"product_cat-tours-excursions-punta-cana-dominican-republic","10":"product_tag-buggies","11":"product_tag-buggies-punta-cana","12":"product_tag-punta-cana","13":"product_tag-punta-cana-buggy-tour-pick-up-from-punta-cana-hotels","14":"product_tag-punta-cana-catamaran-party-with-snorkeling-and-parasailing","15":"product_tag-punta-cana-tours","17":"first","18":"instock","19":"sale","20":"featured","21":"sold-individually","22":"shipping-taxable","23":"product-type-external"},"_links":{"self":[{"href":"https:\/\/saonaisland.com.do\/vi\/wp-json\/wp\/v2\/product\/11359","targetHints":{"allow":["GET"]}}],"collection":[{"href":"https:\/\/saonaisland.com.do\/vi\/wp-json\/wp\/v2\/product"}],"about":[{"href":"https:\/\/saonaisland.com.do\/vi\/wp-json\/wp\/v2\/types\/product"}],"wp:featuredmedia":[{"embeddable":true,"href":"https:\/\/saonaisland.com.do\/vi\/wp-json\/wp\/v2\/media\/11029"}],"wp:attachment":[{"href":"https:\/\/saonaisland.com.do\/vi\/wp-json\/wp\/v2\/media?parent=11359"}],"wp:term":[{"taxonomy":"product_brand","embeddable":true,"href":"https:\/\/saonaisland.com.do\/vi\/wp-json\/wp\/v2\/product_brand?post=11359"},{"taxonomy":"product_cat","embeddable":true,"href":"https:\/\/saonaisland.com.do\/vi\/wp-json\/wp\/v2\/product_cat?post=11359"},{"taxonomy":"product_tag","embeddable":true,"href":"https:\/\/saonaisland.com.do\/vi\/wp-json\/wp\/v2\/product_tag?post=11359"}],"curies":[{"name":"wp","href":"https:\/\/api.w.org\/{rel}","templated":true}]}}