{"id":11360,"date":"2021-08-15T20:08:48","date_gmt":"2021-08-15T20:08:48","guid":{"rendered":"https:\/\/haitises.com\/?post_type=product&#038;p=11360"},"modified":"2024-04-07T17:19:10","modified_gmt":"2024-04-07T17:19:10","slug":"saona-island-private-tour-from-punta-cana-hotels-punta-cana-lobby-2","status":"publish","type":"product","link":"https:\/\/saonaisland.com.do\/sv\/saona\/saona-island-private-tour-from-punta-cana-hotels-punta-cana-lobby-2\/","title":{"rendered":"Privat tur till \u00f6n Saona fr\u00e5n Punta Cana Hotels- Punta Cana Lobby"},"content":{"rendered":"<div class=\"vc_row wpb_row vc_row-fluid\" ><div class=\"wpb_column vc_column_container vc_col-sm-12\"><div class=\"vc_column-inner\"><div class=\"wpb_wrapper\">\n\t<div class=\"wpb_text_column wpb_content_element\" >\n\t\t<div class=\"wpb_wrapper\">\n\t\t\t<h2><b><i>Privat resa till \u00f6n Saona\u00a0<\/i><\/b><\/h2>\n<h4><b><i>\u00d6versikt<\/i><\/b><\/h4>\n<div>The departure is from the main pier of <strong>Bayahibe<\/strong> kl. 9.00 och \u00e5terkomst kl. 17.00. Om\u00a0<b>(du l\u00e4gger till en privat transfer fr\u00e5n fr\u00e5n andra avg\u00e5ngar till denna resa tiden kan \u00e4ndras)<\/b> <span style=\"font-size: 16px;\">Denna resa tar dig till de b\u00e4sta str\u00e4nderna i <strong>\u00d6n Saona<\/strong> (Isla Saona) med start fr\u00e5n staden Bayahibe, lunch p\u00e5 \u00f6n och stopp vid de naturliga poolerna i<strong> Nationalparken Cotubanama<\/strong>. Njut av den vackra syd\u00f6stra kusten i Dominikanska republiken, d\u00e4r du efter att ha tagit b\u00e5ten seglar l\u00e4ngs kusten och observerar de olika str\u00e4nderna, landskapen, mangroverna och kalkstensformationerna p\u00e5 denna unika plats.\u00a0<\/span><\/div>\n<div>\n<p><span style=\"font-weight: 400;\">Det tar ca 45 minuter att ta sig till \u00f6n och under turen har du m\u00f6jlighet att se <strong>Hand John<\/strong>P\u00e5 samma plats har du m\u00f6jlighet att \u00e4ta lunch, om du inte kommer till Mano Juan, Du kommer att bes\u00f6ka olika str\u00e4nder i omr\u00e5det och lunch kommer att vara p\u00e5 stranden, du kommer ocks\u00e5 att ha m\u00f6jlighet att snorkla p\u00e5 \u00f6n.<\/span><\/p>\n<p><span style=\"font-weight: 400;\">N\u00e4r du har avslutat din resa p\u00e5 de olika platserna p\u00e5 \u00f6n \u00e5ker du tillbaka till den plats d\u00e4r du tr\u00e4ffade reseledaren.<\/span><\/p>\n<ul>\n<li style=\"font-weight: 400;\"><span style=\"font-weight: 400;\">Inkluderar lunchbuff\u00e9 p\u00e5 stranden.<\/span><\/li>\n<li style=\"font-weight: 400;\"><span style=\"font-weight: 400;\">Naturlig pool<\/span><\/li>\n<li style=\"font-weight: 400;\"><span style=\"font-weight: 400;\">Transfer med b\u00e5t eller katamaran<\/span><\/li>\n<li style=\"font-weight: 400;\"><span style=\"font-weight: 400;\">Kaptenen ger instruktioner och \u00f6vervakar<\/span><\/li>\n<\/ul>\n<\/div>\n<p>&nbsp;<\/p>\n<h2><b>Inklusioner och undantag<\/b><\/h2>\n<p><b>Inklusioner<\/b><\/p>\n<ol>\n<li>Snabb b\u00e5t eller katamaran tur (allt beroende p\u00e5 gruppens storlek)<\/li>\n<li style=\"font-weight: 400;\"><span style=\"font-weight: 400;\">Lunchbuff\u00e9 p\u00e5 stranden<\/span><\/li>\n<li>Naturlig pool<\/li>\n<li style=\"font-weight: 400;\"><span style=\"font-weight: 400;\">Alla skatter, avgifter och hanteringsavgifter<\/span><\/li>\n<li style=\"font-weight: 400;\"><span style=\"font-weight: 400;\">Lokala skatter<\/span><\/li>\n<li style=\"font-weight: 400;\"><span style=\"font-weight: 400;\">Drycker<\/span><\/li>\n<\/ol>\n<p><b> Uteslutningar<\/b><\/p>\n<ol>\n<li style=\"font-weight: 400;\"><span style=\"font-weight: 400;\">Dricks<\/span><\/li>\n<li>Lokal guide<\/li>\n<\/ol>\n<p>&nbsp;<\/p>\n<h4><em><strong>Avresa och retur<\/strong><\/em><\/h4>\n<p><span style=\"font-weight: 400;\">Vi har ett schema som \u00e4r utformat f\u00f6r att h\u00e4mta och l\u00e4mna dig baserat p\u00e5 det omr\u00e5de du befinner dig i. <\/span><span style=\"font-weight: 400;\">Resen\u00e4ren kommer att f\u00e5 en m\u00f6tesplats efter bokningsprocessen. Turerna startar och slutar i v\u00e5ra m\u00f6tesplatser.<\/span><\/p>\n<p>&nbsp;<\/p>\n<h4><b><i>Vad du kan f\u00f6rv\u00e4nta?<\/i><\/b><\/h4>\n<p>&nbsp;<\/p>\n<p><em><strong>Skaffa dina biljetter<\/strong><\/em> ett dagspass p\u00e5 Saona Island (Isla Saona) i Bayahibe plus en underbar lunch och strandtid.<\/p>\n<p><span style=\"font-weight: 400;\">The Day Trip, organized by \u00abBooking Adventures\u00bb starts at the meeting point set with the Tour Guide. <\/span>Lunch p\u00e5 stranden och du kan stanna s\u00e5 l\u00e4nge du vill och simma runt. Om du \u00e4r Vegan kan vi \u00e4ven fixa lite mat till dig.<\/p>\n<p>Denna b\u00e5ttur b\u00f6rjar i Bayahibe men vi erbjuder privat transfer f\u00f6r extra kostnad beror p\u00e5 var gruppen \u00e4r.<\/p>\n<p><strong>Tidtabell:<\/strong><\/p>\n<p>7:45 - 6:00<\/p>\n<p>&nbsp;<\/p>\n<h4><em><strong>Vad ska du ta med?<\/strong><\/em><\/h4>\n<ul>\n<li style=\"font-weight: 400;\"><span style=\"font-weight: 400;\">kamera<\/span><\/li>\n<li style=\"font-weight: 400;\"><span style=\"font-weight: 400;\">Avvisande knoppar<\/span><\/li>\n<li style=\"font-weight: 400;\"><span style=\"font-weight: 400;\">solkr\u00e4m<\/span><\/li>\n<li style=\"font-weight: 400;\"><span style=\"font-weight: 400;\">Hatt<\/span><\/li>\n<li style=\"font-weight: 400;\"><span style=\"font-weight: 400;\">Bekv\u00e4ma byxor<\/span><\/li>\n<li style=\"font-weight: 400;\"><span style=\"font-weight: 400;\">Vandringsskor f\u00f6r skog<\/span><\/li>\n<li style=\"font-weight: 400;\"><span style=\"font-weight: 400;\">Sandaler till stranden<\/span><\/li>\n<li style=\"font-weight: 400;\"><span style=\"font-weight: 400;\">Badkl\u00e4der<\/span><\/li>\n<li>Kontanter f\u00f6r souvenirer<\/li>\n<\/ul>\n<p>&nbsp;<\/p>\n<h2><b><i>Hotellh\u00e4mtning f\u00f6r dagsutflykt till Saona Island<\/i><\/b><\/h2>\n<p><span style=\"font-weight: 400;\">Detta \u00e4r det program som vi har fastst\u00e4llt baserat p\u00e5 era platser. V\u00e4nligen meddela oss ditt specifika hotell s\u00e5 kontaktar vi dig f\u00f6r att ber\u00e4tta var vi kommer att m\u00f6ta dig. Detta \u00f6verf\u00f6ringsalternativ g\u00e4ller en extra kostnad. Denna resa b\u00f6rjar i Bayahibe.<\/span><\/p>\n<table style=\"height: 487px;\" width=\"420\">\n<tbody>\n<tr>\n<td><b>Plats<\/b><\/td>\n<td><b>Tid<\/b><\/td>\n<\/tr>\n<tr>\n<td><b>Punta Cana<\/b><\/td>\n<td><b>7:45<\/b><\/td>\n<\/tr>\n<tr>\n<td><b>B\u00e1varo<\/b><\/td>\n<td><b>7:30 p\u00e5 morgonen<\/b><\/td>\n<\/tr>\n<tr>\n<td><b>Uvero Altos<\/b><\/td>\n<td><b>7:00 p\u00e5 morgonen<\/b><\/td>\n<\/tr>\n<tr>\n<td><b>Club Med<\/b><\/td>\n<td><b>7:00 p\u00e5 morgonen<\/b><\/td>\n<\/tr>\n<tr>\n<td><b>Boca Chica<\/b><\/td>\n<td><b>7:00 p\u00e5 morgonen<\/b><\/td>\n<\/tr>\n<tr>\n<td><b>Santo Domingo<\/b><\/td>\n<td><b>6:40 am<\/b><\/td>\n<\/tr>\n<tr>\n<td><b>Juan Doli\u00f3<\/b><\/td>\n<td><b>7:00 p\u00e5 morgonen<\/b><\/td>\n<\/tr>\n<\/tbody>\n<\/table>\n<p>&nbsp;<\/p>\n<p><b>Notera:<\/b><span style=\"font-weight: 400;\"> Om du bokar inom 24 timmar f\u00f6re avresan f\u00f6r turen\/utflykten kan vi ordna upph\u00e4mtning p\u00e5 hotellet mot en extra kostnad. N\u00e4r ditt k\u00f6p \u00e4r slutf\u00f6rt skickar vi dig fullst\u00e4ndig kontaktinformation (telefonnummer, e-postadress etc.) f\u00f6r v\u00e5r lokala reseguide f\u00f6r att organisera upph\u00e4mtningsarrangemang.<\/span><\/p>\n<h4><b><i>Ytterligare information Bekr\u00e4ftelse <\/i><\/b><\/h4>\n<ol>\n<li>Biljetter \u00e4r kvittot efter betalning av denna turn\u00e9. Du kan visa betalningen p\u00e5 din telefon.<\/li>\n<li style=\"font-weight: 400;\"><span style=\"font-weight: 400;\">M\u00f6tesplats kommer att tas emot efter bokningsprocessen.<\/span><\/li>\n<li style=\"font-weight: 400;\"><span style=\"font-weight: 400;\">Barn m\u00e5ste \u00e5tf\u00f6ljas av en vuxen.<\/span><\/li>\n<li style=\"font-weight: 400;\"><span style=\"font-weight: 400;\">tillg\u00e4nglig f\u00f6r rullstolsburna <\/span><\/li>\n<li style=\"font-weight: 400;\"><span style=\"font-weight: 400;\">Sp\u00e4dbarn m\u00e5ste sitta i kn\u00e4 <\/span><\/li>\n<li style=\"font-weight: 400;\"><span style=\"font-weight: 400;\">De flesta resen\u00e4rer kan delta<\/span><\/li>\n<\/ol>\n<h4><b><i>Avbokningsregler<\/i><\/b><\/h4>\n<p><span style=\"font-weight: 400;\">F\u00f6r full \u00e5terbetalning, avboka minst 24 timmar f\u00f6re startdatumet f\u00f6r upplevelsen.<\/span><\/p>\n<p>OBS: Om du vill g\u00f6ra denna utflykt och vill veta mer om den kan du<a href=\"mailto:info@bookingadventures.com.do\">\u00a0kontakta oss via emai<\/a>l<strong>\u00a0<\/strong>eller via v\u00e5r direktservicechatt Whatsapp p\u00e5 detta nummer:\u00a0<strong>+1 809-720-6035<\/strong>. Vi kommer att ta hand om dig omedelbart och vi kan ge dig ett erbjudande som justerar priset beroende p\u00e5 antalet personer.<\/p>\n<p>(Vi beh\u00f6ver minst 4 personer f\u00f6r att arrangera turen privat. F\u00f6r f\u00e4rre personer kan vi ordna en halvprivat tur med h\u00f6gst 15 personer).<\/p>\n<div id=\"gtx-trans\" style=\"position: absolute; left: -1px; top: 1055.03px;\">\n<div class=\"gtx-trans-icon\"><\/div>\n<\/div>\n\n\t\t<\/div>\n\t<\/div>\n<\/div><\/div><\/div><\/div><div class=\"vc_row wpb_row vc_row-fluid\" ><div class=\"wpb_column vc_column_container vc_col-sm-12\"><div class=\"vc_column-inner\"><div class=\"wpb_wrapper\"><\/div><\/div><\/div><\/div><div class=\"vc_row wpb_row vc_row-fluid\" ><div class=\"wpb_column vc_column_container vc_col-sm-12\"><div class=\"vc_column-inner\"><div class=\"wpb_wrapper\"><div class=\"vc_empty_space\"   style=\"height: 32px\"><span class=\"vc_empty_space_inner\"><\/span><\/div>\n\t<div class=\"wpb_video_widget wpb_content_element vc_clearfix   vc_video-aspect-ratio-169 vc_video-el-width-100 vc_video-align-left\" >\n\t\t<div class=\"wpb_wrapper\">\n\t\t\t<h2 class=\"wpb_heading wpb_video_heading\">Saona Island Tours &amp; Excursions video:<\/h2>\n\t\t\t<div class=\"wpb_video_wrapper\"><iframe loading=\"lazy\" title=\"Saola Island Heldag med Booking Adventures, Resor Dominikanska republiken\" width=\"1100\" height=\"619\" src=\"https:\/\/www.youtube.com\/embed\/sas91N4zMHo?feature=oembed\" frameborder=\"0\" allow=\"accelerometer; autoplay; clipboard-write; encrypted-media; gyroscope; picture-in-picture\" allowfullscreen><\/iframe><\/div>\n\t\t<\/div>\n\t<\/div>\n<div class=\"vc_empty_space\"   style=\"height: 32px\"><span class=\"vc_empty_space_inner\"><\/span><\/div><\/div><\/div><\/div><\/div><div class=\"vc_row wpb_row vc_row-fluid\" ><div class=\"wpb_column vc_column_container vc_col-sm-12\"><div class=\"vc_column-inner\"><div class=\"wpb_wrapper\"><div class=\"vc_empty_space\"   style=\"height: 32px\"><span class=\"vc_empty_space_inner\"><\/span><\/div>\n\t<div class=\"wpb_text_column wpb_content_element\" >\n\t\t<div class=\"wpb_wrapper\">\n\t\t\t<h4>Kontakta oss?<\/h4>\n<h5>Bokning \u00e4ventyr<\/h5>\n<p><em><strong>Lokalbefolkningen<\/strong>\u00a0och\u00a0<strong>Nationals<\/strong>\u00a0Reseguider och g\u00e4sttj\u00e4nster<\/em><\/p>\n<p><span class=\"text-turquoise\">Bokningar:<\/span>\u00a0Rundturer och utflykter i Dom. Rep.<\/p>\n<p><img decoding=\"async\" class=\"emoji\" draggable=\"false\" src=\"https:\/\/s.w.org\/images\/core\/emoji\/11.2.0\/svg\/1f4de.svg\" alt=\"\ud83d\udcde\" \/>\u00a0Tel\/Whatsapp\u00a0\u00a0<a href=\"tel: 1-809-720-6035\">+1-809-720-6035<\/a>.<\/p>\n<p><img decoding=\"async\" class=\"emoji\" draggable=\"false\" src=\"https:\/\/s.w.org\/images\/core\/emoji\/11.2.0\/svg\/1f4e9.svg\" alt=\"\ud83d\udce9\" \/>\u00a0<a href=\"mailto:info@bookingadventures.com.do\">info@bookingadventures.com.do<\/a><\/p>\n<p><strong>Vi \u00e4r flexibla med privata turer med Whatsapp:\u00a0<a href=\"tel: 18097206035\">+18097206035.<\/a><\/strong><\/p>\n\n\t\t<\/div>\n\t<\/div>\n<div class=\"vc_empty_space\"   style=\"height: 32px\"><span class=\"vc_empty_space_inner\"><\/span><\/div><\/div><\/div><\/div><\/div>","protected":false},"excerpt":{"rendered":"<p>Ett dagspass till \u00f6n Saona fr\u00e5n Bayahibes hamn. Lunch och naturliga pooler ing\u00e5r. Vid behov transfer fr\u00e5n n\u00e5gon del av Dominikanska republiken. Kontakta oss bara och l\u00e5t oss f\u00e5 den b\u00e4sta upplevelsen p\u00e5 Saona Island.<\/p>\n<p>&nbsp;<\/p>\n<p><em><strong>V\u00e4lj datum f\u00f6r turn\u00e9n\u00a0<\/strong><\/em><\/p>","protected":false},"featured_media":11039,"template":"","meta":[],"product_brand":[],"product_cat":[453,454],"product_tag":[165,166,167,168,169,455,456,170,171,172,173,457,458,175],"class_list":{"0":"post-11360","1":"product","2":"type-product","3":"status-publish","4":"has-post-thumbnail","6":"product_cat-saona-island-offers","7":"product_cat-saona-island-private-tour-from-punta-cana-hotels-punta-cana-lobby","8":"product_tag-all-inclusive-trip-to-saona-island-by-speedboat-catamaran","9":"product_tag-bayahibe","10":"product_tag-catamaran","11":"product_tag-how-to-get-to-saona-island","12":"product_tag-isla-saona","13":"product_tag-private-day-trip-saona","14":"product_tag-private-tours","15":"product_tag-saona","16":"product_tag-saona-island","17":"product_tag-saona-island-excursion","18":"product_tag-saona-island-hotels","19":"product_tag-saona-island-private","20":"product_tag-saona-island-private-tour-from-punta-cana-hotels-punta-cana-lobby","21":"product_tag-saona-island-tour","23":"first","24":"instock","25":"sale","26":"featured","27":"sold-individually","28":"shipping-taxable","29":"product-type-external"},"_links":{"self":[{"href":"https:\/\/saonaisland.com.do\/sv\/wp-json\/wp\/v2\/product\/11360","targetHints":{"allow":["GET"]}}],"collection":[{"href":"https:\/\/saonaisland.com.do\/sv\/wp-json\/wp\/v2\/product"}],"about":[{"href":"https:\/\/saonaisland.com.do\/sv\/wp-json\/wp\/v2\/types\/product"}],"wp:featuredmedia":[{"embeddable":true,"href":"https:\/\/saonaisland.com.do\/sv\/wp-json\/wp\/v2\/media\/11039"}],"wp:attachment":[{"href":"https:\/\/saonaisland.com.do\/sv\/wp-json\/wp\/v2\/media?parent=11360"}],"wp:term":[{"taxonomy":"product_brand","embeddable":true,"href":"https:\/\/saonaisland.com.do\/sv\/wp-json\/wp\/v2\/product_brand?post=11360"},{"taxonomy":"product_cat","embeddable":true,"href":"https:\/\/saonaisland.com.do\/sv\/wp-json\/wp\/v2\/product_cat?post=11360"},{"taxonomy":"product_tag","embeddable":true,"href":"https:\/\/saonaisland.com.do\/sv\/wp-json\/wp\/v2\/product_tag?post=11360"}],"curies":[{"name":"wp","href":"https:\/\/api.w.org\/{rel}","templated":true}]}}