{"id":11696,"date":"2023-10-04T07:40:34","date_gmt":"2023-10-04T07:40:34","guid":{"rendered":"https:\/\/haitises.com\/?post_type=product&#038;p=11696"},"modified":"2024-03-28T19:10:02","modified_gmt":"2024-03-28T19:10:02","slug":"snorkel-cayo-levantado-and-farola-island-snorkeling-3","status":"publish","type":"product","link":"https:\/\/saonaisland.com.do\/sk\/saona\/snorkel-cayo-levantado-and-farola-island-snorkeling-3\/","title":{"rendered":"\u0160norchlovanie na ostrovoch Cayo Levantado a Farola"},"content":{"rendered":"<div class=\"vc_row wpb_row vc_row-fluid\" ><div class=\"wpb_column vc_column_container vc_col-sm-12\"><div class=\"vc_column-inner\"><div class=\"wpb_wrapper\"><div class=\"vc_empty_space\"   style=\"height: 32px\"><span class=\"vc_empty_space_inner\"><\/span><\/div><div class=\"mkdf-section-title-holder\" style=\"text-align: left\">\n\t<div class=\"mkdf-st-inner\">\n\t\t\t\t\t<h5 class=\"mkdf-st-subtitle\" >\n\t\t\t\tFrom Saman\u00e1 port Private Tour\t\t\t<\/h5>\n\t\t\t\t\t\t\t<h3 class=\"mkdf-st-title\" >\n\t\t\t\t\u0160norchlovanie na ostrovoch Cayo Levantado a Farola\t\t\t<\/h3>\n\t\t\t\t\t<\/div>\n<\/div><div class=\"vc_empty_space\"   style=\"height: 32px\"><span class=\"vc_empty_space_inner\"><\/span><\/div><\/div><\/div><\/div><\/div><div class=\"vc_row wpb_row vc_row-fluid\" ><div class=\"wpb_column vc_column_container vc_col-sm-12\"><div class=\"vc_column-inner\"><div class=\"wpb_wrapper\">\n\t<div class=\"wpb_text_column wpb_content_element\" >\n\t\t<div class=\"wpb_wrapper\">\n\t\t\t<div class=\"vc_row wpb_row vc_row-fluid\">\n<div class=\"wpb_column vc_column_container vc_col-sm-12\">\n<div class=\"vc_column-inner\">\n<div class=\"wpb_wrapper\">\n<div class=\"wpb_text_column wpb_content_element\">\n<div class=\"wpb_wrapper\">\n<div class=\"vc_row wpb_row vc_row-fluid\">\n<div class=\"wpb_column vc_column_container vc_col-sm-12\">\n<div class=\"vc_column-inner\">\n<div class=\"wpb_wrapper\">\n<div class=\"wpb_text_column wpb_content_element\">\n<div class=\"wpb_wrapper\">\n<h4><b><i>Preh\u013ead<\/i><\/b><\/h4>\n<p>We will be touring Cayo Levantado island and Farola, are special little Islands in Samana bay that is home to extraordinary marine life &#8211; including turtles, humpback whales, Lobsters, and Dolphins!<\/p>\n<p><strong>Pozn\u00e1mka:<\/strong> This tour is Private. (Just you and family or friends and Tour Guide).<\/p>\n<p>&nbsp;<\/p>\n<h4><b>Inkl\u00fazie a vyl\u00fa\u010denia<\/b><\/h4>\n<p>&nbsp;<\/p>\n<p><b>Inkl\u00fazie<\/b><\/p>\n<p>&nbsp;<\/p>\n<ol>\n<li>Tour Guide<\/li>\n<li>V\u00fdlet na lodi<\/li>\n<li>Lifejacket<\/li>\n<li>Snorkeling kit<\/li>\n<li>V\u0161etky dane, poplatky a manipula\u010dn\u00e9 poplatky<\/li>\n<li>Miestne dane<\/li>\n<li>Beverages (Bottle of water per person)<\/li>\n<\/ol>\n<p><b>Vyl\u00fa\u010denia<\/b><\/p>\n<ol>\n<li>Spropitn\u00e9<\/li>\n<li>Lunch ( Extra Cost 15 USD) Per Person.<\/li>\n<li>Lunch with Lobsters ( Extra Cost 25 USD) Per person.<\/li>\n<li>Transfer Car<\/li>\n<li>Alkoholick\u00e9 n\u00e1poje<\/li>\n<\/ol>\n<p>&nbsp;<\/p>\n<h4><em><strong>Odchod a n\u00e1vrat<\/strong><\/em><\/h4>\n<p>This trip starts at 8:03 Am and finishes around 12:15 Pm. But because it will be a private trip you may set the time for starting and to finish.<\/p>\n<p>Cestuj\u00faci z\u00edska miesto stretnutia po procese rezerv\u00e1cie. Prehliadky za\u010d\u00ednaj\u00fa a kon\u010dia v na\u0161ich miestach stretnutia.<\/p>\n<p>&nbsp;<\/p>\n<h4><b><i>\u010co o\u010dak\u00e1va\u0165?<\/i><\/b><\/h4>\n<p>Snorkeling excursion with an Expert Guide to enjoy marine wildlife from the surface, with fins and mask; We will discover the paradisiacal Cayo Levantado island, snorkeling in two different places during the journey and enjoying this fascinating beach that does not have access to vehicles (Duration 4 hours).<\/p>\n<p>We will leave from the meeting point in Samana main Port at 8:30 morning, after 25 minutes of navigation we will arrive at the first snorkeling point called Cayo Farola, we will snorkel 45 minutes and continue to Cayo Levantado beach, where we can swim. , do a little more snorkeling, or just enjoy this amazing beach.<\/p>\n<p>We will enjoy a sandwich, rum, soft drink, and water and at 12 o&#8217;clock in the day we will go back to Samana port or stay at Cayo levantado. After this, we will return to the starting point. Other things to note all excursions are made by boat.<\/p>\n<p><strong>Timetable:<\/strong><\/p>\n<p>8:30 AM \u2013 12:15 PM<\/p>\n<p>&nbsp;<\/p>\n<h4><em><strong>\u010co by ste si mali prinies\u0165?<\/strong><\/em><\/h4>\n<ul>\n<li>fotoapar\u00e1t<\/li>\n<li>Towel<\/li>\n<li>Sun protection<\/li>\n<li>Klob\u00fak<\/li>\n<li>Comfortable pants and shoes<\/li>\n<li>Sandals to the beach<\/li>\n<li>Oble\u010denie na pl\u00e1vanie<\/li>\n<li>Cash for souvenirs<\/li>\n<\/ul>\n<p>&nbsp;<\/p>\n<h4><b><i>Vyzdvihnutie v hoteli<\/i><\/b><\/h4>\n<p>Hotel pick-up is not offered for this tour.<\/p>\n<p>&nbsp;<\/p>\n<p><b>Pozn\u00e1mka:<\/b>\u00a0if you are booking within 24 hours of the tour\/Excursion departure time, we can arrangements hotel pick-up with extra Charges. Once your purchase is complete, we will send you complete contact information (phone number, email address, etc.) for our local Tour guide to organize pick-up arrangements.<\/p>\n<h4><b><i>Potvrdenie dodato\u010dn\u00fdch inform\u00e1ci\u00ed<\/i><\/b><\/h4>\n<ol>\n<li>Vstupenky s\u00fa potvrden\u00edm po zaplaten\u00ed tohto z\u00e1jazdu. Platbu m\u00f4\u017eete zobrazi\u0165 na svojom telef\u00f3ne.<\/li>\n<li>Miesto stretnutia bude prijat\u00e9 po procese rezerv\u00e1cie.<\/li>\n<li>Deti musia by\u0165 v sprievode dospelej osoby.<\/li>\n<li>wheelchair accessible<\/li>\n<li>Doj\u010dat\u00e1 musia sedie\u0165 na kolen\u00e1ch<\/li>\n<li>V\u00e4\u010d\u0161ina cestovate\u013eov sa m\u00f4\u017ee z\u00fa\u010dastni\u0165<\/li>\n<\/ol>\n<h4><b><i>Podmienky zru\u0161enia<\/i><\/b><\/h4>\n<p>For a full refund, please read our Cancellations policies\u00a0<a href=\"https:\/\/www.ticketswhales.com\/online-booking\/\" target=\"_blank\" rel=\"noopener\" data-saferedirecturl=\"https:\/\/www.google.com\/url?q=https:\/\/www.ticketswhales.com\/online-booking\/&amp;source=gmail&amp;ust=1672449202351000&amp;usg=AOvVaw1yAeVAPktmaVCqDujgUn90\">Click here<\/a>. Funds will be lost if the reservation is cancelled the same day of the trip.<\/p>\n<\/div>\n<\/div>\n<\/div>\n<\/div>\n<\/div>\n<\/div>\n<\/div>\n<\/div>\n<\/div>\n<\/div>\n<\/div>\n<\/div>\n<div class=\"vc_row wpb_row vc_row-fluid\">\n<div class=\"wpb_column vc_column_container vc_col-sm-12\">\n<div class=\"vc_column-inner\">\n<div class=\"wpb_wrapper\">\n<div class=\"wpb_text_column wpb_content_element\">\n<div class=\"wpb_wrapper\">\n<h4>Kontaktuj n\u00e1s?<\/h4>\n<h5><b><i>Rezerva\u010dn\u00e9 dobrodru\u017estv\u00e1<\/i><\/b><\/h5>\n<p><em><strong>Miestni obyvatelia<\/strong>\u00a0a\u00a0<strong>\u0160t\u00e1tni pr\u00edslu\u0161n\u00edci<\/strong>\u00a0Sprievodcovia a slu\u017eby pre host\u00ed<\/em><\/p>\n<p><span class=\"text-turquoise\">Rezerv\u00e1cie:<\/span>\u00a0Prehliadky a exkurzie v Dom.<\/p>\n<p><img decoding=\"async\" class=\"emoji\" draggable=\"false\" src=\"https:\/\/s.w.org\/images\/core\/emoji\/11.2.0\/svg\/1f4de.svg\" alt=\"\ud83d\udcde\" \/>\u00a0Tel\/Whatsapp\u00a0\u00a0<a href=\"tel: 1-809-720-6035\">+1-809-720-6035<\/a>.<\/p>\n<p><img decoding=\"async\" class=\"emoji\" draggable=\"false\" src=\"https:\/\/s.w.org\/images\/core\/emoji\/11.2.0\/svg\/1f4e9.svg\" alt=\"\ud83d\udce9\" \/>\u00a0<a href=\"mailto:info@bookingadventures.com.do\">info@bookingadventures.com.do<\/a><\/p>\n<p><strong>Flexibilne nastavujeme s\u00fakromn\u00e9 prehliadky od Whatsapp:\u00a0<a href=\"tel: 18097206035\">+18097206035.<\/a><\/strong><\/p>\n<\/div>\n<\/div>\n<\/div>\n<\/div>\n<\/div>\n<\/div>\n\n\t\t<\/div>\n\t<\/div>\n<\/div><\/div><\/div><\/div>","protected":false},"excerpt":{"rendered":"<p><span style=\"vertical-align: inherit;\"><span style=\"vertical-align: inherit;\">Estaremos recorriendo la isla Cayo Levantado y Cayo Farola, son peque\u00f1as islas especiales en la bah\u00eda de Saman\u00e1 que albergan una vida marina extraordinaria, \u00a1que incluye tortugas, ballenas jorobadas, langostas y delfines!<\/span><\/span><\/p>\n<p><span style=\"vertical-align: inherit;\"><span style=\"vertical-align: inherit;\">Nota: \u00a1Este tour es privado!<\/span><\/span><\/p>\n<p>&nbsp;<\/p>\n<p><em><strong><span style=\"vertical-align: inherit;\"><span style=\"vertical-align: inherit;\">Seleccione la fecha de la excursi\u00f3n:<\/span><\/span><\/strong><\/em><\/p>","protected":false},"featured_media":11160,"template":"","meta":[],"product_brand":[],"product_cat":[571,124],"product_tag":[137,162,201,143,271,354,234],"class_list":{"0":"post-11696","1":"product","2":"type-product","3":"status-publish","4":"has-post-thumbnail","6":"product_cat-1-samana","7":"product_cat-tours-excursions-samana-bay-dominican-republic","8":"product_tag-bacardi-island","9":"product_tag-cayo-levantado-day-pass","10":"product_tag-private-tours-samana","11":"product_tag-samana-tours","12":"product_tag-samana-whale-watching","13":"product_tag-snorkeling","14":"product_tag-whale-samana","16":"first","17":"instock","18":"sale","19":"sold-individually","20":"shipping-taxable","21":"product-type-external"},"_links":{"self":[{"href":"https:\/\/saonaisland.com.do\/sk\/wp-json\/wp\/v2\/product\/11696","targetHints":{"allow":["GET"]}}],"collection":[{"href":"https:\/\/saonaisland.com.do\/sk\/wp-json\/wp\/v2\/product"}],"about":[{"href":"https:\/\/saonaisland.com.do\/sk\/wp-json\/wp\/v2\/types\/product"}],"wp:featuredmedia":[{"embeddable":true,"href":"https:\/\/saonaisland.com.do\/sk\/wp-json\/wp\/v2\/media\/11160"}],"wp:attachment":[{"href":"https:\/\/saonaisland.com.do\/sk\/wp-json\/wp\/v2\/media?parent=11696"}],"wp:term":[{"taxonomy":"product_brand","embeddable":true,"href":"https:\/\/saonaisland.com.do\/sk\/wp-json\/wp\/v2\/product_brand?post=11696"},{"taxonomy":"product_cat","embeddable":true,"href":"https:\/\/saonaisland.com.do\/sk\/wp-json\/wp\/v2\/product_cat?post=11696"},{"taxonomy":"product_tag","embeddable":true,"href":"https:\/\/saonaisland.com.do\/sk\/wp-json\/wp\/v2\/product_tag?post=11696"}],"curies":[{"name":"wp","href":"https:\/\/api.w.org\/{rel}","templated":true}]}}