{"id":11321,"date":"2021-08-15T20:08:36","date_gmt":"2021-08-15T20:08:36","guid":{"rendered":"https:\/\/haitises.com\/?post_type=product&#038;p=11321"},"modified":"2024-04-10T20:10:34","modified_gmt":"2024-04-10T20:10:34","slug":"los-haitises-national-park-tour-from-las-terrenas-samana-half-day-trip-2","status":"publish","type":"product","link":"https:\/\/saonaisland.com.do\/sk\/saona\/los-haitises-national-park-tour-from-las-terrenas-samana-half-day-trip-2\/","title":{"rendered":"Prehliadka n\u00e1rodn\u00e9ho parku Los Haitises z Las Terrenas, Samana. Poldenn\u00fd v\u00fdlet."},"content":{"rendered":"<div class=\"vc_row wpb_row vc_row-fluid\" ><div class=\"wpb_column vc_column_container vc_col-sm-12\"><div class=\"vc_column-inner\"><div class=\"wpb_wrapper\"><div class=\"mkdf-section-title-holder\" style=\"text-align: left\">\n\t<div class=\"mkdf-st-inner\">\n\t\t\t\t\t<h5 class=\"mkdf-st-subtitle\" >\n\t\t\t\tDoprava a obed v cene\t\t\t<\/h5>\n\t\t\t\t\t\t\t<h3 class=\"mkdf-st-title\" >\n\t\t\t\tLos Haitises National Park Tour from Las Terrenas de Samana. Half Day Trip.\t\t\t<\/h3>\n\t\t\t\t\t<\/div>\n<\/div><\/div><\/div><\/div><\/div><div class=\"vc_row wpb_row vc_row-fluid\" ><div class=\"wpb_column vc_column_container vc_col-sm-12\"><div class=\"vc_column-inner\"><div class=\"wpb_wrapper\">\n\t<div class=\"wpb_text_column wpb_content_element\" >\n\t\t<div class=\"wpb_wrapper\">\n\t\t\t<h3>Los Haitises National Park Tour from Las Terrenas de Samana. Half Day Trip.<\/h3>\n<h4><b><i>Preh\u013ead <\/i><\/b><\/h4>\n<p>Los Haitises National Park Tour from Las Terrenas de Samana. Half Day Trip. Starting from your hotel at Las Terrenas in Samana. We will drive to Sanchez Comunity where the Boat will be taken across Samana Bay. Visiting Rio Naranjo, passing by Fishing Community into Los Haitises National Park, 3 Caves, Boca Tiburon cave, Birding Key Island plus Mangroves in Saman\u00e1 Bay.<\/p>\n<p>After this experience, you will get Back to Las Terrenas Community from where we pick you up.<\/p>\n<ul>\n<li style=\"font-weight: 400;\">Vr\u00e1tane poplatkov<\/li>\n<li>obed<\/li>\n<li>Ob\u010derstvenie<\/li>\n<li style=\"font-weight: 400;\">Miestny turistick\u00fd sprievodca v angli\u010dtine alebo franc\u00faz\u0161tine<\/li>\n<li>Doprava<\/li>\n<li>V\u00fdlet na lodi<\/li>\n<\/ul>\n<p>&nbsp;<\/p>\n<h4><b>Inkl\u00fazie a vyl\u00fa\u010denia<\/b><\/h4>\n<p>&nbsp;<\/p>\n<p><b>Inkl\u00fazie<\/b><\/p>\n<ol>\n<li style=\"font-weight: 400;\">Prehliadka Los Haitises + jaskyne a piktogramy<\/li>\n<li>obed<\/li>\n<li style=\"font-weight: 400;\"><span style=\"font-weight: 400;\">V\u0161etky dane, poplatky a manipula\u010dn\u00e9 poplatky<\/span><\/li>\n<li style=\"font-weight: 400;\"><span style=\"font-weight: 400;\">Miestne dane<\/span><\/li>\n<li style=\"font-weight: 400;\"><span style=\"font-weight: 400;\">N\u00e1poje<\/span><\/li>\n<li>Ob\u010derstvenie<\/li>\n<li style=\"font-weight: 400;\"><span style=\"font-weight: 400;\">V\u0161etky aktivity<\/span><\/li>\n<li style=\"font-weight: 400;\"><span style=\"font-weight: 400;\">Miestny sprievodca<\/span><\/li>\n<\/ol>\n<p><b> Vyl\u00fa\u010denia<\/b><\/p>\n<ol>\n<li style=\"font-weight: 400;\"><span style=\"font-weight: 400;\">Spropitn\u00e9<\/span><\/li>\n<li style=\"font-weight: 400;\"><span style=\"font-weight: 400;\">Alkoholick\u00e9 n\u00e1poje<\/span><\/li>\n<\/ol>\n<p>&nbsp;<\/p>\n<h4><em><strong>Odchod a n\u00e1vrat<\/strong><\/em><\/h4>\n<p><span style=\"font-weight: 400;\">Cestuj\u00faci z\u00edska miesto stretnutia po procese rezerv\u00e1cie. Prehliadky za\u010d\u00ednaj\u00fa a kon\u010dia v miestach stretnutia.<\/span><\/p>\n<p>&nbsp;<\/p>\n<h4><\/h4>\n<h4><\/h4>\n<h4><\/h4>\n<h4><\/h4>\n<h3>Los Haitises National Park from Las Terrenas<\/h3>\n<h4><b><i>\u010co o\u010dak\u00e1va\u0165?<\/i><\/b><\/h4>\n<p><em><strong>Z\u00edskajte l\u00edstky<\/strong><\/em> for visiting Los Haitises National Park Tour from Las Terrenas de Samana. Half Day Trip. Starting from Las Terrenas, Saman\u00e1 with transportation to port for onboard of a Boat with a Local tour guide we pass Saman\u00e1 bay to Los Haitises, Sabana de la Mar side to Visit one of the most beautiful national parks of the Dominican Republic. <strong>Los<em>\u00a0Haitises National Park<\/em>.<\/strong><\/p>\n<p>The tour, organized by \u00abBooking Adventures\u00bb starts at the meeting point set with the Tour Guide. Come with Booking Adventures and start checking some bird-filled mangroves, rolling hills of lush vegetation and caves of <em><strong>N\u00e1rodn\u00fd park Los Haitises<\/strong><\/em>. N\u00e1v\u0161teva ostrova s vt\u00e1kmi okolo. V hniezdnom obdob\u00ed m\u00f4\u017eeme na hniezdach vidie\u0165 aj ml\u00e1\u010fat\u00e1 Pelecanos. Dosta\u0165 sa viac na Skalnat\u00e9 ostrovy a nav\u0161t\u00edvi\u0165 jaskyne s piktogramami a petrografmi od domorod\u00fdch obyvate\u013eov.<\/p>\n<p>Cez mangrovy a krajinu v otvorenom z\u00e1live San Lorenzo, Sabana de la Mar, odkia\u013e m\u00f4\u017eete fotografova\u0165 drsn\u00fa lesn\u00fa krajinu. Pozrite sa na vodu, aby ste na\u0161li <em><strong>Lamant\u00edny<\/strong><\/em>, k\u00f4rovce a <em><strong>Delf\u00edny.<\/strong><\/em><\/p>\n<div class=\"body-description secondary\">\n<p>N\u00e1zov n\u00e1rodn\u00e9ho parku poch\u00e1dza od jeho p\u00f4vodn\u00fdch obyvate\u013eov, Indi\u00e1nov Taino. V ich jazyku \u201eHaitises\u201c znamen\u00e1 vyso\u010diny alebo kopce, \u010do je odkaz na strm\u00e9 geologick\u00e9 \u00fatvary pobre\u017eia s v\u00e1pencami. Vydajte sa hlb\u0161ie do parku a presk\u00famajte jaskyne, ako je Cueva San Gabriel, <em><strong>Pieskov\u00e1 jasky\u0148a, <\/strong><\/em>a <strong><em>L\u00edniov\u00e1 jasky\u0148a.<\/em><\/strong><\/p>\n<p>These Caves in the reserve were used as shelter by the Taino Indians and, later, by hiding pirates. Look for drawings by Indians that decorate some of the walls. After visiting Los Haitises National Park we will go back to Sanchez, Saman\u00e1.<\/p>\n<p>Passing Saman\u00e1 bay 30 min. We will have a typical lunch,\u00a0 If you are vegan no worries we also have food for you!<\/p>\n<p>After Lunch, we get back to Las Terrenas!!<\/p>\n<\/div>\n<p>V pr\u00edpade, \u017ee sa v\u00e1m tento v\u00fdlet bude p\u00e1\u010di\u0165 dlh\u0161\u00ed alebo krat\u0161\u00ed, m\u00e1me tieto mo\u017enosti:<\/p>\n<ol>\n<li><a href=\"https:\/\/www.ticketswhales.com\/tour\/the-haitises-national-park-tour-from-samana-port\/\" target=\"_blank\" rel=\"noopener\">Len Los Haitises z pr\u00edstavu Saman\u00e1.<\/a><\/li>\n<li><a href=\"https:\/\/www.ticketswhales.com\/tour\/los-haitises-national-park-lunch-at-cano-hondo-from-samana-port\/\" target=\"_blank\" rel=\"noopener\">Los Haitises + Ca\u00f1o Hondo z pr\u00edstavu Saman\u00e1.<\/a><\/li>\n<\/ol>\n<p>&nbsp;<\/p>\n<h4><em><strong>\u010co by ste si mali prinies\u0165?<\/strong><\/em><\/h4>\n<ul>\n<li style=\"font-weight: 400;\"><span style=\"font-weight: 400;\">fotoapar\u00e1t<\/span><\/li>\n<li style=\"font-weight: 400;\"><span style=\"font-weight: 400;\">Repelentn\u00e9 p\u00fa\u010diky<\/span><\/li>\n<li style=\"font-weight: 400;\"><span style=\"font-weight: 400;\">opa\u013eovac\u00ed kr\u00e9m<\/span><\/li>\n<li style=\"font-weight: 400;\"><span style=\"font-weight: 400;\">Klob\u00fak<\/span><\/li>\n<li style=\"font-weight: 400;\"><span style=\"font-weight: 400;\">Pohodln\u00e9 nohavice<\/span><\/li>\n<li style=\"font-weight: 400;\"><span style=\"font-weight: 400;\">Turistick\u00e1 obuv do lesa<\/span><\/li>\n<li style=\"font-weight: 400;\"><span style=\"font-weight: 400;\">Sand\u00e1le do jarn\u00fdch oblast\u00ed.<\/span><\/li>\n<li style=\"font-weight: 400;\"><span style=\"font-weight: 400;\">Oble\u010denie na pl\u00e1vanie<\/span><\/li>\n<\/ul>\n<p>&nbsp;<\/p>\n<h4><b><i>Vyzdvihnutie v hoteli <\/i><\/b><\/h4>\n<p><span style=\"font-weight: 400;\">Hotel pick-up is not offered for this tour. <\/span><\/p>\n<p>&nbsp;<\/p>\n<p><b>Pozn\u00e1mka:<\/b><span style=\"font-weight: 400;\"> Ak si rezervujete pobyt do 24 hod\u00edn pred odchodom na v\u00fdlet\/exkurziu, za pr\u00edplatok v\u00e1m zabezpe\u010d\u00edme vyzdvihnutie z hotela. Po dokon\u010den\u00ed n\u00e1kupu v\u00e1m za\u0161leme kompletn\u00e9 kontaktn\u00e9 inform\u00e1cie (telef\u00f3nne \u010d\u00edslo, e-mailov\u00fa adresu at\u010f.) pre n\u00e1\u0161ho miestneho sprievodcu, ktor\u00fd zorganizuje vyzdvihnutie.<\/span><\/p>\n<h4><b><i>Potvrdenie dodato\u010dn\u00fdch inform\u00e1ci\u00ed <\/i><\/b><\/h4>\n<ol>\n<li>Vstupenky s\u00fa potvrden\u00edm po zaplaten\u00ed tohto z\u00e1jazdu. Platbu m\u00f4\u017eete zobrazi\u0165 na svojom telef\u00f3ne.<\/li>\n<li style=\"font-weight: 400;\"><span style=\"font-weight: 400;\">Miesto stretnutia bude prijat\u00e9 po procese rezerv\u00e1cie.<\/span><\/li>\n<li style=\"font-weight: 400;\"><span style=\"font-weight: 400;\">Deti musia by\u0165 v sprievode dospelej osoby.<\/span><\/li>\n<li style=\"font-weight: 400;\"><span style=\"font-weight: 400;\"> Bezbari\u00e9rov\u00fd pr\u00edstup <\/span><\/li>\n<li style=\"font-weight: 400;\"><span style=\"font-weight: 400;\">Doj\u010dat\u00e1 musia sedie\u0165 na kolen\u00e1ch <\/span><\/li>\n<li style=\"font-weight: 400;\"><span style=\"font-weight: 400;\">Neodpor\u00fa\u010da sa pre cestuj\u00facich s probl\u00e9mami s chrbtom<\/span><\/li>\n<li style=\"font-weight: 400;\"><span style=\"font-weight: 400;\">Neodpor\u00fa\u010da sa pre tehotn\u00e9 cestovate\u013eky <\/span><\/li>\n<li style=\"font-weight: 400;\"><span style=\"font-weight: 400;\"> \u017diadne srdcov\u00e9 probl\u00e9my ani in\u00e9 v\u00e1\u017ene zdravotn\u00e9 \u0165a\u017ekosti <\/span><\/li>\n<li style=\"font-weight: 400;\"><span style=\"font-weight: 400;\">V\u00e4\u010d\u0161ina cestovate\u013eov sa m\u00f4\u017ee z\u00fa\u010dastni\u0165<\/span><\/li>\n<\/ol>\n<h4><b><i>Podmienky zru\u0161enia<\/i><\/b><\/h4>\n<p><span style=\"font-weight: 400;\">Ak chcete z\u00edska\u0165 pln\u00fa n\u00e1hradu, zru\u0161te aspo\u0148 24 hod\u00edn pred d\u00e1tumom za\u010diatku z\u00e1\u017eitku. Finan\u010dn\u00e9 prostriedky bud\u00fa straten\u00e9, ak bude rezerv\u00e1cia zru\u0161en\u00e1 v ten ist\u00fd de\u0148 z\u00e1jazdu.<\/span><\/p>\n\n\t\t<\/div>\n\t<\/div>\n<\/div><\/div><\/div><\/div><div class=\"vc_row wpb_row vc_row-fluid\" ><div class=\"wpb_column vc_column_container vc_col-sm-12\"><div class=\"vc_column-inner\"><div class=\"wpb_wrapper\">\n\t<div class=\"wpb_video_widget wpb_content_element vc_clearfix   vc_video-aspect-ratio-169 vc_video-el-width-100 vc_video-align-left\" >\n\t\t<div class=\"wpb_wrapper\">\n\t\t\t\n\t\t\t<div class=\"wpb_video_wrapper\"><iframe loading=\"lazy\" title=\"N\u00e1rodn\u00fd park Los Haitises, v\u00fdlety a exkurzie zo Samany alebo Sabana de la Mar. Rezervujte tu:\" src=\"https:\/\/player.vimeo.com\/video\/346508015?dnt=1&amp;app_id=122963&amp;h=6e684a1c21\" width=\"1100\" height=\"619\" frameborder=\"0\" allow=\"autoplay; fullscreen; picture-in-picture\" allowfullscreen><\/iframe><\/div>\n\t\t<\/div>\n\t<\/div>\n<\/div><\/div><\/div><\/div><div class=\"vc_row wpb_row vc_row-fluid\" ><div class=\"wpb_column vc_column_container vc_col-sm-12\"><div class=\"vc_column-inner\"><div class=\"wpb_wrapper\"><div class=\"vc_empty_space\"   style=\"height: 32px\"><span class=\"vc_empty_space_inner\"><\/span><\/div>\n\t<div class=\"wpb_text_column wpb_content_element\" >\n\t\t<div class=\"wpb_wrapper\">\n\t\t\t<h4>Kontaktuj n\u00e1s?<\/h4>\n<h5>Rezerva\u010dn\u00e9 dobrodru\u017estv\u00e1<\/h5>\n<p><em><strong>Miestni obyvatelia<\/strong>\u00a0a\u00a0<strong>\u0160t\u00e1tni pr\u00edslu\u0161n\u00edci<\/strong>\u00a0Sprievodcovia a slu\u017eby pre host\u00ed<\/em><\/p>\n<p><span class=\"text-turquoise\">Rezerv\u00e1cie:<\/span>\u00a0Prehliadky a exkurzie v Dom.<\/p>\n<p><img decoding=\"async\" class=\"emoji\" draggable=\"false\" src=\"https:\/\/s.w.org\/images\/core\/emoji\/11.2.0\/svg\/1f4de.svg\" alt=\"\ud83d\udcde\" \/>\u00a0Tel\/Whatsapp\u00a0\u00a0<a href=\"tel: 1-809-720-6035\">+1-809-720-6035<\/a>.<\/p>\n<p><img decoding=\"async\" class=\"emoji\" draggable=\"false\" src=\"https:\/\/s.w.org\/images\/core\/emoji\/11.2.0\/svg\/1f4e9.svg\" alt=\"\ud83d\udce9\" \/>\u00a0<a href=\"mailto:info@bookingadventures.com.do\">info@bookingadventures.com.do<\/a><\/p>\n<p><strong>Flexibilne nastavujeme s\u00fakromn\u00e9 prehliadky od Whatsapp:\u00a0<a href=\"tel: 18097206035\">+18097206035.<\/a><\/strong><\/p>\n\n\t\t<\/div>\n\t<\/div>\n<div class=\"vc_empty_space\"   style=\"height: 32px\"><span class=\"vc_empty_space_inner\"><\/span><\/div><\/div><\/div><\/div><\/div>","protected":false},"excerpt":{"rendered":"<p>This excursion from Las Terrenas to Los Haitises National Park includes Lunch and Transportation for a visit to the 3 main caves, an exploration of 2 different mangroves and of course fishing bird watching.<\/p>\n<p>Ecological Trip to Los Haitises National Park with a Local Tour guide. Visiting the Cays in Los Haitises National Park, Mangroves, Vegetation, Birding, Caves, Pictographs and the historical areas of Sabana de la Mar in Los Haitises National Park.<\/p>\n<p>&nbsp;<\/p>\n<p><strong>Vyberte d\u00e1tum prehliadky:\u00a0<\/strong><\/p>","protected":false},"featured_media":252,"template":"","meta":[],"product_brand":[],"product_cat":[122,124],"product_tag":[206,225,132,133,146,226],"class_list":{"0":"post-11321","1":"product","2":"type-product","3":"status-publish","4":"has-post-thumbnail","6":"product_cat-tours-and-excursions","7":"product_cat-tours-excursions-samana-bay-dominican-republic","8":"product_tag-caves-los-haitises","9":"product_tag-las-terrenas","10":"product_tag-los-haitises","11":"product_tag-los-haitises-national-park","12":"product_tag-mangroves-los-haitises","13":"product_tag-transportation-los-haitises","15":"first","16":"instock","17":"sale","18":"shipping-taxable","19":"product-type-external"},"_links":{"self":[{"href":"https:\/\/saonaisland.com.do\/sk\/wp-json\/wp\/v2\/product\/11321","targetHints":{"allow":["GET"]}}],"collection":[{"href":"https:\/\/saonaisland.com.do\/sk\/wp-json\/wp\/v2\/product"}],"about":[{"href":"https:\/\/saonaisland.com.do\/sk\/wp-json\/wp\/v2\/types\/product"}],"wp:featuredmedia":[{"embeddable":true,"href":"https:\/\/saonaisland.com.do\/sk\/wp-json\/wp\/v2\/media\/252"}],"wp:attachment":[{"href":"https:\/\/saonaisland.com.do\/sk\/wp-json\/wp\/v2\/media?parent=11321"}],"wp:term":[{"taxonomy":"product_brand","embeddable":true,"href":"https:\/\/saonaisland.com.do\/sk\/wp-json\/wp\/v2\/product_brand?post=11321"},{"taxonomy":"product_cat","embeddable":true,"href":"https:\/\/saonaisland.com.do\/sk\/wp-json\/wp\/v2\/product_cat?post=11321"},{"taxonomy":"product_tag","embeddable":true,"href":"https:\/\/saonaisland.com.do\/sk\/wp-json\/wp\/v2\/product_tag?post=11321"}],"curies":[{"name":"wp","href":"https:\/\/api.w.org\/{rel}","templated":true}]}}