{"id":11372,"date":"2021-08-15T20:09:01","date_gmt":"2021-08-15T20:09:01","guid":{"rendered":"https:\/\/haitises.com\/?post_type=product&#038;p=11372"},"modified":"2024-04-04T20:53:26","modified_gmt":"2024-04-04T20:53:26","slug":"snorkel-cayo-levantado-and-farola-island-snorkeling-2","status":"publish","type":"product","link":"https:\/\/saonaisland.com.do\/pl\/saona\/snorkel-cayo-levantado-and-farola-island-snorkeling-2\/","title":{"rendered":"Snorkel Cayo Levantado and Farola island Snorkeling"},"content":{"rendered":"<div class=\"vc_row wpb_row vc_row-fluid\" ><div class=\"wpb_column vc_column_container vc_col-sm-12\"><div class=\"vc_column-inner\"><div class=\"wpb_wrapper\"><div class=\"vc_empty_space\"   style=\"height: 32px\"><span class=\"vc_empty_space_inner\"><\/span><\/div><div class=\"mkdf-section-title-holder\" style=\"text-align: left\">\n\t<div class=\"mkdf-st-inner\">\n\t\t\t\t\t<h5 class=\"mkdf-st-subtitle\" >\n\t\t\t\tFrom Saman\u00e1 port Private Tour\t\t\t<\/h5>\n\t\t\t\t\t\t\t<h3 class=\"mkdf-st-title\" >\n\t\t\t\tSnorkel Cayo Levantado and Farola island Snorkeling \t\t\t<\/h3>\n\t\t\t\t\t<\/div>\n<\/div><div class=\"vc_empty_space\"   style=\"height: 32px\"><span class=\"vc_empty_space_inner\"><\/span><\/div><\/div><\/div><\/div><\/div><div class=\"vc_row wpb_row vc_row-fluid\" ><div class=\"wpb_column vc_column_container vc_col-sm-12\"><div class=\"vc_column-inner\"><div class=\"wpb_wrapper\">\n\t<div class=\"wpb_text_column wpb_content_element\" >\n\t\t<div class=\"wpb_wrapper\">\n\t\t\t<div class=\"vc_row wpb_row vc_row-fluid\">\n<div class=\"wpb_column vc_column_container vc_col-sm-12\">\n<div class=\"vc_column-inner\">\n<div class=\"wpb_wrapper\">\n<div class=\"wpb_text_column wpb_content_element\">\n<div class=\"wpb_wrapper\">\n<div class=\"vc_row wpb_row vc_row-fluid\">\n<div class=\"wpb_column vc_column_container vc_col-sm-12\">\n<div class=\"vc_column-inner\">\n<div class=\"wpb_wrapper\">\n<div class=\"wpb_text_column wpb_content_element\">\n<div class=\"wpb_wrapper\">\n<h4><b><i>Przegl\u0105d<\/i><\/b><\/h4>\n<p>We will be touring Cayo Levantado island and Farola, are special little Islands in Samana bay that is home to extraordinary marine life &#8211; including turtles, humpback whales, Lobsters, and Dolphins!<\/p>\n<p><strong>Uwaga:<\/strong> This tour is Private. (Just you and family or friends and Tour Guide).<\/p>\n<p>&nbsp;<\/p>\n<h4><b>W\u0142\u0105czenia i wy\u0142\u0105czenia<\/b><\/h4>\n<p>&nbsp;<\/p>\n<p><b>W\u0142\u0105czenia<\/b><\/p>\n<p>&nbsp;<\/p>\n<ol>\n<li>Przewodnik turystyczny<\/li>\n<li>Rejs<\/li>\n<li>Lifejacket<\/li>\n<li>Snorkeling kit<\/li>\n<li>Wszystkie podatki, op\u0142aty i op\u0142aty manipulacyjne<\/li>\n<li>Podatki lokalne<\/li>\n<li>Beverages (Bottle of water per person)<\/li>\n<\/ol>\n<p><b>Wy\u0142\u0105czenia<\/b><\/p>\n<ol>\n<li>Gratyfikacje<\/li>\n<li>Lunch ( Extra Cost 15 USD) Per Person.<\/li>\n<li>Lunch with Lobsters ( Extra Cost 25 USD) Per person.<\/li>\n<li>Samoch\u00f3d transferowy<\/li>\n<li>Napoje alkoholowe<\/li>\n<\/ol>\n<p>&nbsp;<\/p>\n<h4><em><strong>Wylot i powr\u00f3t<\/strong><\/em><\/h4>\n<p>This trip starts at 8:03 Am and finishes around 12:15 Pm. But because it will be a private trip you may set the time for starting and to finish.<\/p>\n<p>Podr\u00f3\u017cny otrzyma miejsce spotkania po zako\u0144czeniu procesu rezerwacji. Wycieczki rozpoczynaj\u0105 si\u0119 i ko\u0144cz\u0105 w naszych punktach spotka\u0144.<\/p>\n<p>&nbsp;<\/p>\n<h4><b><i>Czego si\u0119 spodziewa\u0107?<\/i><\/b><\/h4>\n<p>Snorkeling excursion with an Expert Guide to enjoy marine wildlife from the surface, with fins and mask; We will discover the paradisiacal Cayo Levantado island, snorkeling in two different places during the journey and enjoying this fascinating beach that does not have access to vehicles (Duration 4 hours).<\/p>\n<p>We will leave from the meeting point in Samana main Port at 8:30 morning, after 25 minutes of navigation we will arrive at the first snorkeling point called Cayo Farola, we will snorkel 45 minutes and continue to Cayo Levantado beach, where we can swim. , do a little more snorkeling, or just enjoy this amazing beach.<\/p>\n<p>We will enjoy a sandwich, rum, soft drink, and water and at 12 o&#8217;clock in the day we will go back to Samana port or stay at Cayo levantado. After this, we will return to the starting point. Other things to note all excursions are made by boat.<\/p>\n<p><strong>Harmonogram:<\/strong><\/p>\n<p>8:30 AM \u2013 12:15 PM<\/p>\n<p>&nbsp;<\/p>\n<h4><em><strong>Co nale\u017cy ze sob\u0105 zabra\u0107?<\/strong><\/em><\/h4>\n<ul>\n<li>Kamera<\/li>\n<li>Towel<\/li>\n<li>Sun protection<\/li>\n<li>Kapelusz<\/li>\n<li>Comfortable pants and shoes<\/li>\n<li>Sandals to the beach<\/li>\n<li>Odzie\u017c do p\u0142ywania<\/li>\n<li>Got\u00f3wka na pami\u0105tki<\/li>\n<\/ul>\n<p>&nbsp;<\/p>\n<h4><b><i>Pickup Hotel<\/i><\/b><\/h4>\n<p>Ta wycieczka nie obejmuje odbioru z hotelu.<\/p>\n<p>&nbsp;<\/p>\n<p><b>Uwaga:<\/b>\u00a0Je\u015bli dokonasz rezerwacji w ci\u0105gu 24 godzin od godziny wyjazdu\/wycieczki, mo\u017cemy zorganizowa\u0107 odbi\u00f3r z hotelu za dodatkow\u0105 op\u0142at\u0105. Po sfinalizowaniu zakupu wy\u015blemy Ci pe\u0142ne dane kontaktowe (numer telefonu, adres e-mail itp.) do naszego lokalnego przewodnika w celu zorganizowania odbioru.<\/p>\n<h4><b><i>Dodatkowe informacje Potwierdzenie<\/i><\/b><\/h4>\n<ol>\n<li>Bilety s\u0105 pokwitowaniem po op\u0142aceniu tej wycieczki. P\u0142atno\u015b\u0107 mo\u017cna wy\u015bwietli\u0107 w telefonie.<\/li>\n<li>Miejsce spotkania zostanie podane po zako\u0144czeniu procesu rezerwacji.<\/li>\n<li>Dzieciom musi towarzyszy\u0107 osoba doros\u0142a.<\/li>\n<li>dost\u0119pny dla w\u00f3zk\u00f3w inwalidzkich<\/li>\n<li>Niemowl\u0119ta musz\u0105 siedzie\u0107 na kolanach<\/li>\n<li>Wi\u0119kszo\u015b\u0107 podr\u00f3\u017cnych mo\u017ce wzi\u0105\u0107 udzia\u0142<\/li>\n<\/ol>\n<h4><b><i>Polityka anulowania<\/i><\/b><\/h4>\n<p>Aby otrzyma\u0107 pe\u0142ny zwrot koszt\u00f3w, nale\u017cy anulowa\u0107 subskrypcj\u0119 z co najmniej 24-godzinnym wyprzedzeniem przed dat\u0105 jej rozpocz\u0119cia.<\/p>\n<\/div>\n<\/div>\n<\/div>\n<\/div>\n<\/div>\n<\/div>\n<\/div>\n<\/div>\n<\/div>\n<\/div>\n<\/div>\n<\/div>\n<div class=\"vc_row wpb_row vc_row-fluid\">\n<div class=\"wpb_column vc_column_container vc_col-sm-12\">\n<div class=\"vc_column-inner\">\n<div class=\"wpb_wrapper\">\n<div class=\"vc_empty_space\"><\/div>\n<div class=\"wpb_text_column wpb_content_element\">\n<div class=\"wpb_wrapper\">\n<h4>Skontaktowa\u0107 si\u0119 z nami?<\/h4>\n<h5><b><i>Rezerwacja przyg\u00f3d<\/i><\/b><\/h5>\n<p><em><strong>Miejscowi<\/strong>\u00a0i\u00a0<strong>Nationals<\/strong>\u00a0Przewodnicy turystyczni i obs\u0142uga go\u015bci<\/em><\/p>\n<p><span class=\"text-turquoise\">Rezerwacje:<\/span>\u00a0Wycieczki w Dom. Rep.<\/p>\n<p><img decoding=\"async\" class=\"emoji\" draggable=\"false\" src=\"https:\/\/s.w.org\/images\/core\/emoji\/11.2.0\/svg\/1f4de.svg\" alt=\"\ud83d\udcde\" \/>\u00a0Tel \/ Whatsapp\u00a0\u00a0<a href=\"tel: 1-809-720-6035\">+1-809-720-6035<\/a>.<\/p>\n<p><img decoding=\"async\" class=\"emoji\" draggable=\"false\" src=\"https:\/\/s.w.org\/images\/core\/emoji\/11.2.0\/svg\/1f4e9.svg\" alt=\"\ud83d\udce9\" \/>\u00a0<a href=\"mailto:info@bookingadventures.com.do\">info@bookingadventures.com.do<\/a><\/p>\n<p><strong>Jeste\u015bmy elastyczni w ustalaniu prywatnych wycieczek przez Whatsapp:\u00a0<a href=\"tel: 18097206035\">+18097206035.<\/a><\/strong><\/p>\n<\/div>\n<\/div>\n<\/div>\n<\/div>\n<\/div>\n<\/div>\n\n\t\t<\/div>\n\t<\/div>\n<\/div><\/div><\/div><\/div>","protected":false},"excerpt":{"rendered":"<p>We will be touring Cayo Levantado island and Cayo Farola, are special little Islands in Samana bay that is home to extraordinary marine life &#8211; including turtles, humpback whales, Lobsters, and Dolphins!<\/p>\n<p>Note: This tour is private!<\/p>\n<p>&nbsp;<\/p>\n<p><em><strong>Wybierz dat\u0119 wycieczki:<\/strong><\/em><\/p>","protected":false},"featured_media":11154,"template":"","meta":[],"product_brand":[],"product_cat":[124],"product_tag":[137,162,201,143,271,354,234],"class_list":{"0":"post-11372","1":"product","2":"type-product","3":"status-publish","4":"has-post-thumbnail","6":"product_cat-tours-excursions-samana-bay-dominican-republic","7":"product_tag-bacardi-island","8":"product_tag-cayo-levantado-day-pass","9":"product_tag-private-tours-samana","10":"product_tag-samana-tours","11":"product_tag-samana-whale-watching","12":"product_tag-snorkeling","13":"product_tag-whale-samana","15":"first","16":"instock","17":"sale","18":"sold-individually","19":"shipping-taxable","20":"product-type-external"},"_links":{"self":[{"href":"https:\/\/saonaisland.com.do\/pl\/wp-json\/wp\/v2\/product\/11372","targetHints":{"allow":["GET"]}}],"collection":[{"href":"https:\/\/saonaisland.com.do\/pl\/wp-json\/wp\/v2\/product"}],"about":[{"href":"https:\/\/saonaisland.com.do\/pl\/wp-json\/wp\/v2\/types\/product"}],"wp:featuredmedia":[{"embeddable":true,"href":"https:\/\/saonaisland.com.do\/pl\/wp-json\/wp\/v2\/media\/11154"}],"wp:attachment":[{"href":"https:\/\/saonaisland.com.do\/pl\/wp-json\/wp\/v2\/media?parent=11372"}],"wp:term":[{"taxonomy":"product_brand","embeddable":true,"href":"https:\/\/saonaisland.com.do\/pl\/wp-json\/wp\/v2\/product_brand?post=11372"},{"taxonomy":"product_cat","embeddable":true,"href":"https:\/\/saonaisland.com.do\/pl\/wp-json\/wp\/v2\/product_cat?post=11372"},{"taxonomy":"product_tag","embeddable":true,"href":"https:\/\/saonaisland.com.do\/pl\/wp-json\/wp\/v2\/product_tag?post=11372"}],"curies":[{"name":"wp","href":"https:\/\/api.w.org\/{rel}","templated":true}]}}