{"id":11648,"date":"2023-10-04T07:39:47","date_gmt":"2023-10-04T07:39:47","guid":{"rendered":"https:\/\/haitises.com\/?post_type=product&#038;p=11648"},"modified":"2024-04-01T16:21:43","modified_gmt":"2024-04-01T16:21:43","slug":"los-haitises-tour-from-santo-domingo-samana-or-sabana-de-la-mar-full-day-trip-3","status":"publish","type":"product","link":"https:\/\/saonaisland.com.do\/lv\/saona\/los-haitises-tour-from-santo-domingo-samana-or-sabana-de-la-mar-full-day-trip-3\/","title":{"rendered":"Los Haitises Tour from Santo Domingo, Saman\u00e1 or Sabana de la Mar. Full Day Trip."},"content":{"rendered":"<div class=\"vc_row wpb_row vc_row-fluid\" ><div class=\"wpb_column vc_column_container vc_col-sm-12\"><div class=\"vc_column-inner\"><div class=\"wpb_wrapper\"><div class=\"mkdf-section-title-holder\" style=\"text-align: left\">\n\t<div class=\"mkdf-st-inner\">\n\t\t\t\t\t<h5 class=\"mkdf-st-subtitle\" >\n\t\t\t\tIek\u013cauts transports un pusdienas\t\t\t<\/h5>\n\t\t\t\t\t\t\t<h3 class=\"mkdf-st-title\" >\n\t\t\t\tLos Haitises National Park Tour from Santo domingo. full Day Trip.\t\t\t<\/h3>\n\t\t\t\t\t<\/div>\n<\/div><\/div><\/div><\/div><\/div><div class=\"vc_row wpb_row vc_row-fluid\" ><div class=\"wpb_column vc_column_container vc_col-sm-12\"><div class=\"vc_column-inner\"><div class=\"wpb_wrapper\"><div class=\"vc_btn3-container vc_btn3-inline\" ><button class=\"vc_general vc_btn3 vc_btn3-size-md vc_btn3-shape-rounded vc_btn3-style-modern vc_btn3-color-green\">REZERV\u0112T TAGAD<\/button><\/div>\n\t<div class=\"wpb_text_column wpb_content_element\" >\n\t\t<div class=\"wpb_wrapper\">\n\t\t\t<h3><\/h3>\n<h4><b><i>P\u0101rskats <\/i><\/b><\/h4>\n<p>Los Haitises National Park Tour from Santo Domingo. Full Day Trip. Starting from your hotel at Santo Domingo, Boca Chica or Juan Dolio. We will drive to Samana bay where the Boat or Catamaran\u00a0 will be taken us To Los Haitises National Park. Visiting Mangroves, Caves, Pictographs and all the most beuty of Los Haitises national park with a local tour guide.<\/p>\n<p>After this experience, you will get Back to Santo Domingo\u00a0 where we pick you up.<\/p>\n<ul>\n<li style=\"font-weight: 400;\">Maksas iek\u013cautas<\/li>\n<li>Pusdienas<\/li>\n<li>Uzkodas<\/li>\n<li style=\"font-weight: 400;\">Viet\u0113jais ce\u013cvedis ang\u013cu vai fran\u010du valod\u0101<\/li>\n<li>Transports<\/li>\n<li>Laivu brauciens<\/li>\n<\/ul>\n<p>&nbsp;<\/p>\n<h4><b>Iek\u013cau\u0161ana un izsl\u0113g\u0161ana<\/b><\/h4>\n<p>&nbsp;<\/p>\n<p><b>Iesl\u0113gumi<\/b><\/p>\n<ol>\n<li style=\"font-weight: 400;\">Los Haitises t\u016bre + alas un piktogrammas<\/li>\n<li>Pusdienas<\/li>\n<li style=\"font-weight: 400;\"><span style=\"font-weight: 400;\">Visi nodok\u013ci, nodevas un apstr\u0101des izmaksas<\/span><\/li>\n<li style=\"font-weight: 400;\"><span style=\"font-weight: 400;\">Viet\u0113jie nodok\u013ci<\/span><\/li>\n<li style=\"font-weight: 400;\"><span style=\"font-weight: 400;\">Dz\u0113rieni<\/span><\/li>\n<li>Uzkodas<\/li>\n<li style=\"font-weight: 400;\"><span style=\"font-weight: 400;\">Visas aktivit\u0101tes<\/span><\/li>\n<li style=\"font-weight: 400;\"><span style=\"font-weight: 400;\">Viet\u0113jais ce\u013cvedis<\/span><\/li>\n<\/ol>\n<p><b> Iz\u0146\u0113mumi<\/b><\/p>\n<ol>\n<li style=\"font-weight: 400;\"><span style=\"font-weight: 400;\">Dzeramnaudas<\/span><\/li>\n<li style=\"font-weight: 400;\"><span style=\"font-weight: 400;\">Alkoholiskie dz\u0113rieni<\/span><\/li>\n<\/ol>\n<h4><strong>Private <em>Tour &amp; Excursion <\/em>Pricing from Santo Domingo:<\/strong><\/h4>\n<p><strong><em>*Kids age 10 and under travel free. (2 adult minimum)<br \/>\n<\/em><\/strong><\/p>\n<ul>\n<li><strong><em>2 people private Tour &amp; Excursion: USD $210 per person<\/em><\/strong><strong><em><br \/>\n<\/em><\/strong><\/li>\n<li><strong><em>3\u00a0 people private Tour &amp; Excursion: USD $160 per person<\/em><\/strong><\/li>\n<li><strong><em>4\u00a0 people private Tour &amp; Excursion: USD $130 per person<\/em><\/strong><\/li>\n<li><strong><em>5 people private Tour &amp; Excursion: USD $105 per person<\/em><\/strong><\/li>\n<li><strong><em>6 people private Tour &amp; Excursion: USD $100 per person<\/em><\/strong><\/li>\n<li><strong><em>7\u00a0 people private Tour &amp; Excursion: USD $90 per person<\/em><\/strong><\/li>\n<li><strong><em>8 people private Tour &amp; Excursion: USD $80 per person<\/em><\/strong><\/li>\n<li><strong><em>9 or more people Tour &amp; Excursion: <a href=\"https:\/\/www.ticketswhales.com\/contact-us\/\" target=\"_blank\" rel=\"noopener\">Contact us<\/a><\/em><\/strong><\/li>\n<\/ul>\n<p><strong><em>*Excursion start a at the time that you set\u00a0\u00a0<\/em><\/strong><\/p>\n<h4><em><strong>Izbrauk\u0161ana un atgrie\u0161an\u0101s<\/strong><\/em><\/h4>\n<p><span style=\"font-weight: 400;\">P\u0113c Rezerv\u0101cijas procesa ce\u013cot\u0101js ieg\u016bs tik\u0161an\u0101s vietu. Ekskursijas s\u0101kas un beidzas j\u016bsu tik\u0161an\u0101s viet\u0101s.<\/span><\/p>\n<h4><\/h4>\n<h4><\/h4>\n<h3>Los Haitises National Park from Santo Domingo<\/h3>\n<h4><b><i>Ko sagaid\u012bt?<\/i><\/b><\/h4>\n<p><em><strong>Ieg\u016bstiet bi\u013cetes<\/strong><\/em> for visiting Los Haitises National Park Tour from\u00a0 Santo Domingo. Full Day Trip. Starting from Santo Domingo in a confortable transfer to\u00a0 Saman\u00e1 bay.\u00a0 transportation to port for onboard of a Boat or catamaran with a Local tour guide we visit Los Haitises, Sabana de la Mar side to Visit one of the most beautiful national parks of the Dominican Republic. <strong>Los<em>\u00a0Haitises National Park<\/em>.<\/strong><\/p>\n<p>The tour, organized by \u00abBooking Adventures\u00bb starts at the meeting point set with the Tour Guide. Come with Booking Adventures and start checking some bird-filled mangroves, rolling hills of lush vegetation and caves of <em><strong>Los Haitises nacion\u0101lais parks<\/strong><\/em>. Apmekl\u0113jot salu ar putniem apk\u0101rt. Ligzdo\u0161anas sezon\u0101 uz ligzd\u0101m varam redz\u0113t pat Pelecanos c\u0101\u013cus. Iepaz\u012bstieties ar Klin\u0161u sal\u0101m un apmekl\u0113jiet alas ar piktogramm\u0101m un petrogr\u0101fiem no pamatiedz\u012bvot\u0101jiem.<\/p>\n<p>Caur mangrovju audz\u0113m un zemi atkl\u0101taj\u0101 San Lorenzo l\u012bc\u012b, Sabana de la Mar, no kurienes varat fotograf\u0113t skarbo me\u017ea ainavu. Paskatieties uz \u016bdeni, lai to paman\u012btu <em><strong>Lamant\u012bni<\/strong><\/em>, v\u0113\u017eveid\u012bgie un <em><strong>Delf\u012bni.<\/strong><\/em><\/p>\n<div class=\"body-description secondary\">\n<p>Nacion\u0101l\u0101 parka nosaukums c\u0113lies no t\u0101 s\u0101kotn\u0113jiem iedz\u012bvot\u0101jiem Taino indi\u0101\u0146iem. Vi\u0146u valod\u0101 \u201chaitises\u201d tulkojum\u0101 noz\u012bm\u0113 augstienes vai pakalni, atsauce uz krasta l\u012bnijas st\u0101vajiem \u0123eolo\u0123iskajiem veidojumiem ar ka\u013c\u0137akme\u0146iem. Dodieties dzi\u013c\u0101k park\u0101, lai izp\u0113t\u012btu alas, piem\u0113ram, Cueva San Gabriel, <em><strong>Smil\u0161u ala, <\/strong><\/em>un <strong><em>L\u012bnijas ala.<\/em><\/strong><\/p>\n<p>These Caves in the reserve were used as shelter by the Taino Indians and, later, by hiding pirates. Look for drawings by Indians that decorate some of the walls. After visiting Los Haitises National Park we will go back to Samana or Sabana de la mar to have lunch.<\/p>\n<p>We will have a typical lunch,\u00a0 If you are vegan no worries we also have food for you!<\/p>\n<p>After Lunch, we get back to Santo Domingo!!<\/p>\n<\/div>\n<p>Ja jums patiks \u0161is ce\u013cojums ilg\u0101ks vai \u012bs\u0101ks, mums ir \u0161\u0101das iesp\u0113jas:<\/p>\n<ol>\n<li><a href=\"https:\/\/www.ticketswhales.com\/tour\/the-haitises-national-park-tour-from-samana-port\/\" target=\"_blank\" rel=\"noopener\">Tikai Los Haitises no Samanas ostas.<\/a><\/li>\n<li><a href=\"https:\/\/www.ticketswhales.com\/tour\/los-haitises-national-park-lunch-at-cano-hondo-from-samana-port\/\" target=\"_blank\" rel=\"noopener\">Los Haitises + Ca\u00f1o Hondo no Samanas ostas.<\/a><\/li>\n<\/ol>\n<p>&nbsp;<\/p>\n<h4><em><strong>Kas j\u0101\u0146em l\u012bdzi?<\/strong><\/em><\/h4>\n<ul>\n<li style=\"font-weight: 400;\"><span style=\"font-weight: 400;\">kameru<\/span><\/li>\n<li style=\"font-weight: 400;\"><span style=\"font-weight: 400;\">Atbaido\u0161i pumpuri<\/span><\/li>\n<li style=\"font-weight: 400;\"><span style=\"font-weight: 400;\">sau\u013co\u0161an\u0101s kr\u0113ms<\/span><\/li>\n<li style=\"font-weight: 400;\"><span style=\"font-weight: 400;\">Cepure<\/span><\/li>\n<li style=\"font-weight: 400;\"><span style=\"font-weight: 400;\">\u0112rtas bikses<\/span><\/li>\n<li style=\"font-weight: 400;\"><span style=\"font-weight: 400;\">P\u0101rg\u0101jienu apavi me\u017eam<\/span><\/li>\n<li style=\"font-weight: 400;\"><span style=\"font-weight: 400;\">Sandales uz pavasara zon\u0101m.<\/span><\/li>\n<li style=\"font-weight: 400;\"><span style=\"font-weight: 400;\">Peld\u0113\u0161anas ap\u0123\u0113rbs<\/span><\/li>\n<\/ul>\n<p>&nbsp;<\/p>\n<h4><b><i>Sa\u0146em\u0161ana viesn\u012bc\u0101 <\/i><\/b><\/h4>\n<p><span style=\"font-weight: 400;\">Sa\u0146em\u0161ana viesn\u012bc\u0101 \u0161aj\u0101 ce\u013cojum\u0101 netiek pied\u0101v\u0101ta. <\/span><\/p>\n<p>&nbsp;<\/p>\n<p><b>Piez\u012bme:<\/b><span style=\"font-weight: 400;\"> Ja esat rezerv\u0113ts 24 stundu laik\u0101 p\u0113c ekskursijas\/ekskursijas izbrauk\u0161anas laika, m\u0113s varam noorganiz\u0113t sagaid\u012b\u0161anu viesn\u012bc\u0101 par papildu samaksu. Kad pirkums b\u016bs pabeigts, m\u0113s nos\u016bt\u012bsim jums piln\u012bgu kontaktinform\u0101ciju (t\u0101lru\u0146a numuru, e-pasta adresi utt.) m\u016bsu viet\u0113jam ce\u013cvedim, lai organiz\u0113tu sa\u0146em\u0161anas pas\u0101kumus.<\/span><\/p>\n<h4><b><i>Papildu inform\u0101cijas apstiprin\u0101jums <\/i><\/b><\/h4>\n<ol>\n<li>Bi\u013cetes ir kv\u012bts p\u0113c \u0161\u012bs ekskursijas apmaksas. J\u016bs varat par\u0101d\u012bt maks\u0101jumu sav\u0101 t\u0101lrun\u012b.<\/li>\n<li style=\"font-weight: 400;\"><span style=\"font-weight: 400;\">Tik\u0161an\u0101s vieta tiks sa\u0146emta p\u0113c rezerv\u0101cijas procesa.<\/span><\/li>\n<li style=\"font-weight: 400;\"><span style=\"font-weight: 400;\">B\u0113rniem j\u0101b\u016bt pieaugu\u0161o pavad\u012bb\u0101.<\/span><\/li>\n<li style=\"font-weight: 400;\"><span style=\"font-weight: 400;\"> Nav pieejams ar rati\u0146kr\u0113slu <\/span><\/li>\n<li style=\"font-weight: 400;\"><span style=\"font-weight: 400;\">Z\u012bdai\u0146iem j\u0101s\u0113\u017e kl\u0113p\u012b <\/span><\/li>\n<li style=\"font-weight: 400;\"><span style=\"font-weight: 400;\">Nav ieteicams ce\u013cot\u0101jiem ar muguras probl\u0113m\u0101m<\/span><\/li>\n<li style=\"font-weight: 400;\"><span style=\"font-weight: 400;\">Nav ieteicams ce\u013cot\u0101jiem gr\u016btniec\u0113m <\/span><\/li>\n<li style=\"font-weight: 400;\"><span style=\"font-weight: 400;\"> Nav sirds probl\u0113mu vai citu nopietnu medic\u012bnisku st\u0101vok\u013cu <\/span><\/li>\n<li style=\"font-weight: 400;\"><span style=\"font-weight: 400;\">Liel\u0101k\u0101 da\u013ca ce\u013cot\u0101ju var piedal\u012bties<\/span><\/li>\n<\/ol>\n<h4><b><i>Atcel\u0161anas politika<\/i><\/b><\/h4>\n<p>Lai sa\u0146emtu pilnu kompens\u0101ciju, l\u016bdzu, izlasiet m\u016bsu Atcel\u0161anas noteikumus.\u00a0<a href=\"https:\/\/www.ticketswhales.com\/online-booking\/\" target=\"_blank\" rel=\"noopener\" data-saferedirecturl=\"https:\/\/www.google.com\/url?q=https:\/\/www.ticketswhales.com\/online-booking\/&amp;source=gmail&amp;ust=1672449202351000&amp;usg=AOvVaw1yAeVAPktmaVCqDujgUn90\">Noklik\u0161\u0137iniet \u0161eit<\/a>. L\u012bdzek\u013ci tiks zaud\u0113ti, ja rezerv\u0113jums tiks atcelts ce\u013cojuma dien\u0101.<\/p>\n\n\t\t<\/div>\n\t<\/div>\n<div class=\"vc_btn3-container vc_btn3-inline\" ><button class=\"vc_general vc_btn3 vc_btn3-size-md vc_btn3-shape-rounded vc_btn3-style-modern vc_btn3-color-green\">REZERV\u0112T TAGAD<\/button><\/div><\/div><\/div><\/div><\/div><div class=\"vc_row wpb_row vc_row-fluid\" ><div class=\"wpb_column vc_column_container vc_col-sm-12\"><div class=\"vc_column-inner\"><div class=\"wpb_wrapper\">\n\t<div class=\"wpb_video_widget wpb_content_element vc_clearfix   vc_video-aspect-ratio-169 vc_video-el-width-100 vc_video-align-left\" >\n\t\t<div class=\"wpb_wrapper\">\n\t\t\t\n\t\t\t<div class=\"wpb_video_wrapper\"><iframe loading=\"lazy\" title=\"Los Haitises National Park, Tours &amp; Excursion From Samana or Sabana de la Mar. Book Here:\" src=\"https:\/\/player.vimeo.com\/video\/346508015?dnt=1&amp;app_id=122963\" width=\"1100\" height=\"619\" frameborder=\"0\" allow=\"autoplay; fullscreen; picture-in-picture\"><\/iframe><\/div>\n\t\t<\/div>\n\t<\/div>\n<\/div><\/div><\/div><\/div><div class=\"vc_row wpb_row vc_row-fluid\" ><div class=\"wpb_column vc_column_container vc_col-sm-12\"><div class=\"vc_column-inner\"><div class=\"wpb_wrapper\"><div class=\"vc_empty_space\"   style=\"height: 32px\"><span class=\"vc_empty_space_inner\"><\/span><\/div>\n\t<div class=\"wpb_text_column wpb_content_element\" >\n\t\t<div class=\"wpb_wrapper\">\n\t\t\t<h4>Sazinies ar mums?<\/h4>\n<h5>Piedz\u012bvojumu rezerv\u0113\u0161ana<\/h5>\n<p><em><strong>Viet\u0113jie iedz\u012bvot\u0101ji<\/strong>\u00a0un\u00a0<strong>Nacion\u0101\u013ci<\/strong>\u00a0Ce\u013cojumu gidi un viesu pakalpojumi<\/em><\/p>\n<p><span class=\"text-turquoise\">Rezerv\u0101cijas:<\/span>\u00a0Ekskursijas un ekskursijas Dom. Rep.<\/p>\n<p><img decoding=\"async\" class=\"emoji\" draggable=\"false\" src=\"https:\/\/s.w.org\/images\/core\/emoji\/11.2.0\/svg\/1f4de.svg\" alt=\"\ud83d\udcde\" \/>\u00a0T\u0101lrunis\/Whatsapp\u00a0\u00a0<a href=\"tel: 1-809-720-6035\">+1-809-720-6035<\/a>.<\/p>\n<p><img decoding=\"async\" class=\"emoji\" draggable=\"false\" src=\"https:\/\/s.w.org\/images\/core\/emoji\/11.2.0\/svg\/1f4e9.svg\" alt=\"\ud83d\udce9\" \/>\u00a0<a href=\"mailto:info@bookingadventures.com.do\">info@bookingadventures.com.do<\/a><\/p>\n<p><strong>M\u0113s elast\u012bgi iestat\u0101m Whatsapp priv\u0101t\u0101s ekskursijas:\u00a0<a href=\"tel: 18097206035\">+18097206035.<\/a><\/strong><\/p>\n\n\t\t<\/div>\n\t<\/div>\n<div class=\"vc_empty_space\"   style=\"height: 32px\"><span class=\"vc_empty_space_inner\"><\/span><\/div><\/div><\/div><\/div><\/div><div class=\"vc_row wpb_row vc_row-fluid\" ><div class=\"wpb_column vc_column_container vc_col-sm-12\"><div class=\"vc_column-inner\"><div class=\"wpb_wrapper\"><div class=\"vc_btn3-container vc_btn3-inline\" ><button class=\"vc_general vc_btn3 vc_btn3-size-md vc_btn3-shape-rounded vc_btn3-style-modern vc_btn3-color-green\">REZERV\u0112T TAGAD<\/button><\/div><\/div><\/div><\/div><\/div>","protected":false},"excerpt":{"rendered":"<p>This excursion from Santo Domingo to Los Haitises National Park includes Lunch and Transportation for a visit to the main caves, an exploration of 2 different mangroves ecosystems and of course fishing bird watching.<\/p>\n<p>Trip to Los Haitises National Park with a naturalist Tour guide. Visiting the Cays in Los Haitises National Park, Mangroves, Vegetation, Birding, Caves, Pictographs and the historical areas of Sabana de la Mar in Los Haitises National Park.<\/p>\n<p>&nbsp;<\/p>\n<p><strong>L\u016bdzu, izv\u0113lieties ekskursijas datumu:\u00a0<\/strong><\/p>","protected":false},"featured_media":11655,"template":"","meta":[],"product_brand":[],"product_cat":[565,566,286,122],"product_tag":[206,225,132,133,146,226],"class_list":{"0":"post-11648","1":"product","2":"type-product","3":"status-publish","4":"has-post-thumbnail","6":"product_cat-1-sabana-de-la-mar","7":"product_cat-boat-trip-los-haitises","8":"product_cat-los-haitises-tour-from-santo-domingo","9":"product_cat-tours-and-excursions","10":"product_tag-caves-los-haitises","11":"product_tag-las-terrenas","12":"product_tag-los-haitises","13":"product_tag-los-haitises-national-park","14":"product_tag-mangroves-los-haitises","15":"product_tag-transportation-los-haitises","17":"first","18":"instock","19":"sale","20":"sold-individually","21":"shipping-taxable","22":"product-type-external"},"_links":{"self":[{"href":"https:\/\/saonaisland.com.do\/lv\/wp-json\/wp\/v2\/product\/11648","targetHints":{"allow":["GET"]}}],"collection":[{"href":"https:\/\/saonaisland.com.do\/lv\/wp-json\/wp\/v2\/product"}],"about":[{"href":"https:\/\/saonaisland.com.do\/lv\/wp-json\/wp\/v2\/types\/product"}],"wp:featuredmedia":[{"embeddable":true,"href":"https:\/\/saonaisland.com.do\/lv\/wp-json\/wp\/v2\/media\/11655"}],"wp:attachment":[{"href":"https:\/\/saonaisland.com.do\/lv\/wp-json\/wp\/v2\/media?parent=11648"}],"wp:term":[{"taxonomy":"product_brand","embeddable":true,"href":"https:\/\/saonaisland.com.do\/lv\/wp-json\/wp\/v2\/product_brand?post=11648"},{"taxonomy":"product_cat","embeddable":true,"href":"https:\/\/saonaisland.com.do\/lv\/wp-json\/wp\/v2\/product_cat?post=11648"},{"taxonomy":"product_tag","embeddable":true,"href":"https:\/\/saonaisland.com.do\/lv\/wp-json\/wp\/v2\/product_tag?post=11648"}],"curies":[{"name":"wp","href":"https:\/\/api.w.org\/{rel}","templated":true}]}}