{"id":11638,"date":"2023-10-04T07:39:47","date_gmt":"2023-10-04T07:39:47","guid":{"rendered":"https:\/\/haitises.com\/?post_type=product&#038;p=11638"},"modified":"2023-10-04T07:39:59","modified_gmt":"2023-10-04T07:39:59","slug":"private-boat-trip-2-hours-hiking-rain-forest-los-haitises","status":"publish","type":"product","link":"https:\/\/saonaisland.com.do\/gl\/saona\/private-boat-trip-2-hours-hiking-rain-forest-los-haitises\/","title":{"rendered":"Paseo privado en barco e sendeirismo de 2 horas pola selva tropical dos Haitises"},"content":{"rendered":"<div class=\"vc_row wpb_row vc_row-fluid\" ><div class=\"wpb_column vc_column_container vc_col-sm-12\"><div class=\"vc_column-inner\"><div class=\"wpb_wrapper\"><div class=\"mkdf-section-title-holder\" style=\"text-align: left\">\n\t<div class=\"mkdf-st-inner\">\n\t\t\t\t\t<h5 class=\"mkdf-st-subtitle\" >\n\t\t\t\tBosque h\u00famido + Viaxe normal \u00e1s covas\t\t\t<\/h5>\n\t\t\t\t\t\t\t<h3 class=\"mkdf-st-title\" >\n\t\t\t\tParque Nacional Los Haitises- Desde Sabana de la Mar + Senderismo 2 Horas\t\t\t<\/h3>\n\t\t\t\t\t<\/div>\n<\/div><\/div><\/div><\/div><\/div><div class=\"vc_row wpb_row vc_row-fluid\" ><div class=\"wpb_column vc_column_container vc_col-sm-12\"><div class=\"vc_column-inner\"><div class=\"wpb_wrapper\">\n\t<div class=\"wpb_text_column wpb_content_element\" >\n\t\t<div class=\"wpb_wrapper\">\n\t\t\t<h4><b><i><span style=\"vertical-align: inherit;\"><span style=\"vertical-align: inherit;\">Visi\u00f3n general <\/span><\/span><\/i><\/b><\/h4>\n<p>Goza dun sendeirismo durante d\u00faas horas polo bosque do parque nacional de Haitises. Aprende sobre plantas medicinales e visita lugares locais. Despois da visita <strong>Parque Nacional Los Haitises<\/strong> desde <strong>Sabana do mar<\/strong> ou <strong>Hoteis Cano Hondo<\/strong> cos veci\u00f1os.<\/p>\n<p>Faremos o sendeirismo despois da viaxe en barco. Unha viaxe normal privada ao Parque Nacional Los Haitises. Ven connosco e visita o parque nacional m\u00e1is fermoso da Rep\u00fablica Dominicana, visitando os manglares, as 3 covas e a ba\u00eda de San Lorenzo. Esta experiencia pode comezar dende a comunidade de Sabana de la Mar co\u00f1ecendo esta historia de Sabana de la Mar.<\/p>\n<ul>\n<li>Sendeirismo 2 horas no bosque<\/li>\n<li>Historia de Sabana de la Mar<\/li>\n<li style=\"font-weight: 400;\">Gastos inclu\u00eddos<\/li>\n<li style=\"font-weight: 400;\"><span style=\"font-weight: 400;\">A gu\u00eda ofrece instruci\u00f3ns e supervisi\u00f3n<\/span><\/li>\n<li>O xantar non est\u00e1 inclu\u00eddo para o xantar en Cano Hondo Escolla este tour: <a href=\"https:\/\/www.ticketswhales.com\/tour\/los-haitises-national-park-lunch-at-cano-hondo-from-sabana-de-la-mar\/\" target=\"_blank\" rel=\"noopener\">Los Haitises Plus Cano Hondo.<\/a><\/li>\n<\/ul>\n<p>&nbsp;<\/p>\n<h4><b>Inclusi\u00f3ns e exclusi\u00f3ns<\/b><\/h4>\n<p>&nbsp;<\/p>\n<p><b>Inclusi\u00f3ns<\/b><\/p>\n<ol>\n<li style=\"font-weight: 400;\">Tour Los Haitises + Covas e Pictogramas<\/li>\n<li style=\"font-weight: 400;\"><span style=\"font-weight: 400;\">Todos os impostos, taxas e gastos de xesti\u00f3n<\/span><\/li>\n<li style=\"font-weight: 400;\"><span style=\"font-weight: 400;\">Impostos locais<\/span><\/li>\n<li style=\"font-weight: 400;\"><span style=\"font-weight: 400;\">Todas as actividades<\/span><\/li>\n<li style=\"font-weight: 400;\"><span style=\"font-weight: 400;\">Gu\u00eda local<\/span><\/li>\n<\/ol>\n<p><b> Exclusi\u00f3ns<\/b><\/p>\n<ol>\n<li style=\"font-weight: 400;\"><span style=\"font-weight: 400;\">Gratu\u00edtos<\/span><\/li>\n<li>O xantar non est\u00e1 inclu\u00eddo para o xantar en Cano Hondo Escolla este tour: <a href=\"https:\/\/www.ticketswhales.com\/tour\/los-haitises-national-park-lunch-at-cano-hondo-from-sabana-de-la-mar\/\" target=\"_blank\" rel=\"noopener\">Los Haitises Plus Cano Hondo.<\/a><\/li>\n<li style=\"font-weight: 400;\"><span style=\"font-weight: 400;\">Transferencia<\/span><\/li>\n<li style=\"font-weight: 400;\"><span style=\"font-weight: 400;\">Bebidas alcoh\u00f3licas<\/span><\/li>\n<\/ol>\n<p>&nbsp;<\/p>\n<h4><em><strong>Sa\u00edda e volta<\/strong><\/em><\/h4>\n<p><span style=\"font-weight: 400;\">O viaxeiro obter\u00e1 un punto de encontro despois do proceso de reserva. As visitas comezan e rematan nos nosos puntos de encontro.<\/span><\/p>\n<p>&nbsp;<\/p>\n<h4><b><i>Que esperar?<\/i><\/b><\/h4>\n<p>&nbsp;<\/p>\n<p><em><strong>Consigue as t\u00faas entradas<\/strong><\/em> por visitar o Parque Nacional Los Haitises con Covas, Manglares e Ba\u00eda de San Lorenzo despois dunha cami\u00f1ada de d\u00faas horas polo bosque h\u00famido do Parque Nacional Los Haitises.<\/p>\n<p><strong>Parque Nacional Los Haitises<\/strong> desde <strong>Sabana do mar<\/strong> ou <strong>Hoteis Ca\u00d1o Hondo<\/strong> cos veci\u00f1os. A viaxe comeza no Porto Principal do Parque Nacional de Haitises. Esta viaxe comeza \u00e1s 10:00 horas cun gu\u00eda tur\u00edstico local que co\u00f1ece a historia orixinal do fermoso Parque Nacional.<\/p>\n<p>Despois partimos do porto principal do Parque Nacional Los Haitises, nomeamos Ca\u00f1o Hondo (Deep Creek) nun BARCO con chalecos salvavidas. Desfrutaremos do bosque de Manglares Vermellos ata chegar \u00e1 ba\u00eda de San Lorenzo. Pequena ba\u00eda na ba\u00eda de Saman\u00e1. E aqu\u00ed imos! O primeiro sorprendente que podes ver \u00e9 a enorme colecci\u00f3n de illa de monta\u00f1a de pedra caliza chamada Mogotes. enriba delas m\u00e1is de 700 especies de Plantas e moitas aves das zonas h\u00famidas que voan arredor. Despois Visitando Covas con pictogramas das nosas comunidades ind\u00edxenas hai 750 anos.<\/p>\n<p>A trav\u00e9s dos manglares e Terra na aberta ba\u00eda de San Lorenzo, desde onde se pode fotografar a agreste paisaxe forestal. Mira a auga para detectar <em><strong>Manat\u00edes<\/strong><\/em>, crust\u00e1ceos e <em><strong>Golfi\u00f1os.<\/strong><\/em><\/p>\n<div class=\"body-description secondary\">\n<p>O nome do parque nacional prov\u00e9n dos seus habitantes orixinais, os indios ta\u00ednos. Na s\u00faa lingua, &quot;Haitises&quot; trad\u00facese en terras altas ou outeiros, unha referencia \u00e1s formaci\u00f3ns xeol\u00f3xicas escarpadas da costa con pedras calizas. Ad\u00e9ntrate m\u00e1is no parque para explorar covas como a <em><strong>Cova de area<\/strong><\/em> e <strong><em>Line Cave.<\/em><\/strong> As covas da reserva foron utilizadas como refuxio polos indios ta\u00ednos e, posteriormente, polos piratas escondidos. Busca debuxos de indios que decoran algunhas das paredes. Despois de visitar o Parque Nacional Los Haitises iremos ao bosque H\u00famido para facer unha excursi\u00f3n de 2 horas e volver ao lugar onde comezou a nosa viaxe.<\/p>\n<\/div>\n<p>&nbsp;<\/p>\n<h4><em><strong>Que debes traer?<\/strong><\/em><\/h4>\n<ul>\n<li style=\"font-weight: 400;\"><span style=\"font-weight: 400;\">c\u00e1mara<\/span><\/li>\n<li style=\"font-weight: 400;\"><span style=\"font-weight: 400;\">Brotes repelentes<\/span><\/li>\n<li style=\"font-weight: 400;\"><span style=\"font-weight: 400;\">crema solar<\/span><\/li>\n<li style=\"font-weight: 400;\"><span style=\"font-weight: 400;\">Sombreiro<\/span><\/li>\n<li style=\"font-weight: 400;\"><span style=\"font-weight: 400;\">Pantal\u00f3ns c\u00f3modos<\/span><\/li>\n<li style=\"font-weight: 400;\"><span style=\"font-weight: 400;\">Zapatos de sendeirismo para bosque<\/span><\/li>\n<li style=\"font-weight: 400;\"><span style=\"font-weight: 400;\">Sandalias para as zonas de Primavera.<\/span><\/li>\n<li style=\"font-weight: 400;\"><span style=\"font-weight: 400;\">Roupa de ba\u00f1o<\/span><\/li>\n<\/ul>\n<p>&nbsp;<\/p>\n<h4><b><i>Recollida no hotel <\/i><\/b><\/h4>\n<p><span style=\"font-weight: 400;\">Ofr\u00e9cese a recollida no hotel se est\u00e1s <a href=\"https:\/\/www.ticketswhales.com\/tour\/los-haitises-national-park-lunch-at-cano-hondo-from-sabana-de-la-mar\/\" target=\"_blank\" rel=\"noopener\">Para\u00edso Cano Hondo<\/a> ou <a href=\"https:\/\/www.ticketswhales.com\/tour\/los-haitises-national-park-lunch-at-cano-hondo-from-sabana-de-la-mar\/\" target=\"_blank\" rel=\"noopener\">Hotel Altos Cano Hondo<\/a>. O noso punto de encontro est\u00e1 a 5 minutos cami\u00f1ando desde eses hoteis.<\/span><\/p>\n<p>&nbsp;<\/p>\n<p><b>Nota:<\/b><span style=\"font-weight: 400;\"> Se est\u00e1s reservado dentro das 24 horas posteriores \u00e1 hora de sa\u00edda da excursi\u00f3n\/excursi\u00f3n, podemos organizar a recollida do hotel con cargos adicionais se non est\u00e1s nos hoteis de Cano Hondo. Unha vez completada a compra, enviar\u00e9mosche a informaci\u00f3n de contacto completa (n\u00famero de tel\u00e9fono, enderezo de correo electr\u00f3nico, etc.) para que o noso gu\u00eda tur\u00edstico local organice a recollida.<\/span><\/p>\n<h4><b><i>Confirmaci\u00f3n de informaci\u00f3n adicional <\/i><\/b><\/h4>\n<ol>\n<li>As entradas son o recibo despois de pagar este Tour. Podes mostrar o pago no teu tel\u00e9fono.<\/li>\n<li style=\"font-weight: 400;\"><span style=\"font-weight: 400;\">O punto de encontro recibirase despois do proceso de reserva.<\/span><\/li>\n<li style=\"font-weight: 400;\"><span style=\"font-weight: 400;\">Os nenos deben ir acompa\u00f1ados dun adulto.<\/span><\/li>\n<li style=\"font-weight: 400;\"><span style=\"font-weight: 400;\"> Non accesible en cadeira de rodas <\/span><\/li>\n<li style=\"font-weight: 400;\"><span style=\"font-weight: 400;\">Os beb\u00e9s deben sentarse no colo <\/span><\/li>\n<li style=\"font-weight: 400;\"><span style=\"font-weight: 400;\">Non recomendado para viaxeiros con problemas de costas<\/span><\/li>\n<li style=\"font-weight: 400;\"><span style=\"font-weight: 400;\">Non recomendado para viaxeiras embarazadas <\/span><\/li>\n<li style=\"font-weight: 400;\"><span style=\"font-weight: 400;\"> Sen problemas card\u00edacos ou outras condici\u00f3ns m\u00e9dicas graves <\/span><\/li>\n<li style=\"font-weight: 400;\"><span style=\"font-weight: 400;\">Poden participar a maior\u00eda dos viaxeiros<\/span><\/li>\n<\/ol>\n<h4><b><i>Pol\u00edtica de cancelaci\u00f3n<\/i><\/b><\/h4>\n<p>Para obter un reembolso completo, lea as nosas pol\u00edticas de cancelaci\u00f3n\u00a0<a href=\"https:\/\/www.ticketswhales.com\/online-booking\/\" target=\"_blank\" rel=\"noopener\" data-saferedirecturl=\"https:\/\/www.google.com\/url?q=https:\/\/www.ticketswhales.com\/online-booking\/&amp;source=gmail&amp;ust=1672529771100000&amp;usg=AOvVaw2NIGJBZ0qjB5RhPUl5Obc7\">Pulse AQU\u00cd<\/a>. Os fondos perderanse se a reserva se cancela o mesmo d\u00eda da viaxe.<\/p>\n\n\t\t<\/div>\n\t<\/div>\n<\/div><\/div><\/div><\/div><div class=\"vc_row wpb_row vc_row-fluid\" ><div class=\"wpb_column vc_column_container vc_col-sm-12\"><div class=\"vc_column-inner\"><div class=\"wpb_wrapper\"><div class=\"vc_empty_space\"   style=\"height: 32px\"><span class=\"vc_empty_space_inner\"><\/span><\/div>\n\t<div class=\"wpb_video_widget wpb_content_element vc_clearfix   vc_video-aspect-ratio-169 vc_video-el-width-100 vc_video-align-left\" >\n\t\t<div class=\"wpb_wrapper\">\n\t\t\t\n\t\t\t<div class=\"wpb_video_wrapper\"><iframe loading=\"lazy\" title=\"Parque Nacional Los Haitises, excursi\u00f3ns e excursi\u00f3n desde Saman\u00e1 o Sabana de la Mar. Reserva aqu\u00ed:\" src=\"https:\/\/player.vimeo.com\/video\/346508015?dnt=1&amp;app_id=122963\" width=\"1100\" height=\"619\" frameborder=\"0\" allow=\"autoplay; fullscreen; picture-in-picture\"><\/iframe><\/div>\n\t\t<\/div>\n\t<\/div>\n<\/div><\/div><\/div><\/div><div class=\"vc_row wpb_row vc_row-fluid\" ><div class=\"wpb_column vc_column_container vc_col-sm-12\"><div class=\"vc_column-inner\"><div class=\"wpb_wrapper\"><div class=\"vc_empty_space\"   style=\"height: 32px\"><span class=\"vc_empty_space_inner\"><\/span><\/div>\n\t<div class=\"wpb_text_column wpb_content_element\" >\n\t\t<div class=\"wpb_wrapper\">\n\t\t\t<h4>Contacta connosco?<\/h4>\n<h5>Reserva aventuras<\/h5>\n<p><em><strong>Os locais<\/strong>\u00a0e\u00a0<strong>Nacionais<\/strong>\u00a0Gu\u00edas tur\u00edsticos e servizos para os h\u00f3spedes<\/em><\/p>\n<p><span class=\"text-turquoise\">Reservas:<\/span>\u00a0Tours e excursi\u00f3ns en Rep. Dom.<\/p>\n<p><img decoding=\"async\" class=\"emoji\" draggable=\"false\" src=\"https:\/\/s.w.org\/images\/core\/emoji\/11.2.0\/svg\/1f4de.svg\" alt=\"\ud83d\udcde\" \/>\u00a0Tel\/Whatsapp\u00a0\u00a0<a href=\"tel: 1-809-720-6035\">+1-809-720-6035<\/a>.<\/p>\n<p><img decoding=\"async\" class=\"emoji\" draggable=\"false\" src=\"https:\/\/s.w.org\/images\/core\/emoji\/11.2.0\/svg\/1f4e9.svg\" alt=\"\ud83d\udce9\" \/>\u00a0<a href=\"mailto:info@bookingadventures.com.do\">info@bookingadventures.com.do<\/a><\/p>\n<p><strong>Somos flexibles para configurar tours privados por Whatsapp:\u00a0<a href=\"tel: 18097206035\">+18097206035.<\/a><\/strong><\/p>\n\n\t\t<\/div>\n\t<\/div>\n<div class=\"vc_empty_space\"   style=\"height: 32px\"><span class=\"vc_empty_space_inner\"><\/span><\/div><\/div><\/div><\/div><\/div>","protected":false},"excerpt":{"rendered":"<p><span style=\"vertical-align: inherit;\"><span style=\"vertical-align: inherit;\">\u00a1Y aqu\u00ed vamos! <\/span><span style=\"vertical-align: inherit;\">Lo primero que puedes ver es la enorme colecci\u00f3n de isla monta\u00f1osa de piedra caliza llamada Mogotes. <\/span><span style=\"vertical-align: inherit;\">encima de ellos m\u00e1s de 700 especies de plantas y muchas aves de los humedales que vuelan alrededor. <\/span><span style=\"vertical-align: inherit;\">Posteriormente Visitando Cuevas con pictograf\u00edas de nuestras comunidades ind\u00edgenas hace 750 a\u00f1os.<\/span><\/span><\/p>\n<p><span style=\"vertical-align: inherit;\"><span style=\"vertical-align: inherit;\">Adem\u00e1s, este viaje muestra que son los lugares m\u00e1s importantes para visitar en el Parque Nacional Haitises. <\/span><span style=\"vertical-align: inherit;\">Las dos cuevas m\u00e1s visitadas son Line Cave y Sand Cave. <\/span><span style=\"vertical-align: inherit;\">Luego de unas horas visitando este hermoso Parque Nacional con rumbo al bosque h\u00famedo del Parque Nacional Los Haitises, luego de 2 horas de caminata, regresamos al lugar desde donde comenzamos nuestra excursi\u00f3n. <\/span><span style=\"vertical-align: inherit;\">Obtenga sus boletos aqu\u00ed y mu\u00e9vase con los lugare\u00f1os que conocen la historia del Parque Nacional Haitises.<\/span><\/span><\/p>\n<p>&nbsp;<\/p>\n<p><strong><span style=\"vertical-align: inherit;\"><span style=\"vertical-align: inherit;\">Seleccione a data para a xira\u00a0<\/span><\/span><\/strong><\/p>","protected":false},"featured_media":81,"template":"","meta":[],"product_brand":[],"product_cat":[565,566,578,123,124],"product_tag":[179,125,126,129,130,104,221,131,132,210,222,134,223,146,114,224],"class_list":{"0":"post-11638","1":"product","2":"type-product","3":"status-publish","4":"has-post-thumbnail","6":"product_cat-1-sabana-de-la-mar","7":"product_cat-boat-trip-los-haitises","8":"product_cat-hiking-los-haitises","9":"product_cat-tours-excursions-los-haitises-national-park","10":"product_cat-tours-excursions-samana-bay-dominican-republic","11":"product_tag-birding-in-los-haitises","12":"product_tag-boat-tour","13":"product_tag-cano-hondo","14":"product_tag-eco-tours","15":"product_tag-excursion","16":"product_tag-hiking","17":"product_tag-hiking-los-haitises","18":"product_tag-locals-guides","19":"product_tag-los-haitises","20":"product_tag-los-haitises-excursions","21":"product_tag-los-haitises-from-samana","22":"product_tag-los-haitises-national-park-tour","23":"product_tag-los-haitises-sabana-de-la-mar","24":"product_tag-mangroves-los-haitises","25":"product_tag-sabana-de-la-mar","26":"product_tag-trails","28":"first","29":"instock","30":"sale","31":"sold-individually","32":"shipping-taxable","33":"product-type-external"},"_links":{"self":[{"href":"https:\/\/saonaisland.com.do\/gl\/wp-json\/wp\/v2\/product\/11638","targetHints":{"allow":["GET"]}}],"collection":[{"href":"https:\/\/saonaisland.com.do\/gl\/wp-json\/wp\/v2\/product"}],"about":[{"href":"https:\/\/saonaisland.com.do\/gl\/wp-json\/wp\/v2\/types\/product"}],"wp:featuredmedia":[{"embeddable":true,"href":"https:\/\/saonaisland.com.do\/gl\/wp-json\/wp\/v2\/media\/81"}],"wp:attachment":[{"href":"https:\/\/saonaisland.com.do\/gl\/wp-json\/wp\/v2\/media?parent=11638"}],"wp:term":[{"taxonomy":"product_brand","embeddable":true,"href":"https:\/\/saonaisland.com.do\/gl\/wp-json\/wp\/v2\/product_brand?post=11638"},{"taxonomy":"product_cat","embeddable":true,"href":"https:\/\/saonaisland.com.do\/gl\/wp-json\/wp\/v2\/product_cat?post=11638"},{"taxonomy":"product_tag","embeddable":true,"href":"https:\/\/saonaisland.com.do\/gl\/wp-json\/wp\/v2\/product_tag?post=11638"}],"curies":[{"name":"wp","href":"https:\/\/api.w.org\/{rel}","templated":true}]}}