{"id":556,"date":"2020-06-22T22:09:47","date_gmt":"2020-06-22T22:09:47","guid":{"rendered":"https:\/\/haitises.com\/?post_type=product&#038;p=556"},"modified":"2024-04-17T19:11:29","modified_gmt":"2024-04-17T19:11:29","slug":"excursion-a-los-haitises-desde-las-terrenas-medio-dia","status":"publish","type":"product","link":"https:\/\/saonaisland.com.do\/dz\/saona\/excursion-a-los-haitises-desde-las-terrenas-medio-dia\/","title":{"rendered":"Excursi\u00f3n a Los Haitises desde Las Terrenas &#8211; Medio d\u00eda"},"content":{"rendered":"<div class=\"vc_row wpb_row vc_row-fluid\" ><div class=\"wpb_column vc_column_container vc_col-sm-12\"><div class=\"vc_column-inner\"><div class=\"wpb_wrapper\"><div class=\"mkdf-section-title-holder\" style=\"text-align: left\">\n\t<div class=\"mkdf-st-inner\">\n\t\t\t\t\t<h5 class=\"mkdf-st-subtitle\" >\n\t\t\t\tTransporte y almuerzo incluidos\t\t\t<\/h5>\n\t\t\t\t\t\t\t<\/div>\n<\/div><\/div><\/div><\/div><\/div><div class=\"vc_row wpb_row vc_row-fluid\" ><div class=\"wpb_column vc_column_container vc_col-sm-12\"><div class=\"vc_column-inner\"><div class=\"wpb_wrapper\">\n\t<div class=\"wpb_text_column wpb_content_element\" >\n\t\t<div class=\"wpb_wrapper\">\n\t\t\t<h2>Tour al Parque Nacional Los Haitises desde Las Terrenas de Saman\u00e1. Excursi\u00f3n de medio d\u00eda.<\/h2>\n<h5>Tour al Parque Nacional Los Haitises desde Las Terrenas de Saman\u00e1. Excursi\u00f3n de medio d\u00eda.<\/h5>\n<h3>Descripci\u00f3n<\/h3>\n<p>Tour al Parque Nacional Los Haitises desde Las Terrenas de Saman\u00e1. Excursi\u00f3n de medio d\u00eda. desde su hotel en Las Terrenas en Saman\u00e1. Conduciremos a la comunidad de S\u00e1nchez, donde se tomar\u00e1 el barco a trav\u00e9s de la bah\u00eda de Saman\u00e1. Visitando R\u00edo Naranjo, pasando por la Comunidad de Pescadores en el Parque Nacional Los Haitises, 3 Cuevas, la cueva Boca Tibur\u00f3n, la Isla Birding Key y Manglares en la Bah\u00eda de Saman\u00e1.<\/p>\n<p>Despu\u00e9s de esta experiencia, volver\u00e1 a la comunidad de Las Terrenas donde lo recogemos.<\/p>\n<ul>\n<li>Tasas incluidas<\/li>\n<li>Almuerzo<\/li>\n<li>Aperitivos<\/li>\n<li>Gu\u00eda de turismo local en ingl\u00e9s o franc\u00e9s<\/li>\n<li>Transporte<\/li>\n<li>Viaje en barco<\/li>\n<\/ul>\n<h3>Inclusiones y exclusiones<\/h3>\n<h4>Inclusiones<\/h4>\n<ol>\n<li>Los Haitises Tour + Cuevas y Pictograf\u00edas<\/li>\n<li>Almuerzo<\/li>\n<li>Todos los impuestos, tasas y gastos de manipulaci\u00f3n.<\/li>\n<li>Impuestos locales<\/li>\n<li>Bebidas<\/li>\n<li>Aperitivos<\/li>\n<li>Todas las actividades<\/li>\n<li>Gu\u00eda local<\/li>\n<\/ol>\n<h4>Exclusiones<\/h4>\n<ol>\n<li>Propinas<\/li>\n<li>Bebidas alcoh\u00f3licas<\/li>\n<\/ol>\n<h3><em>Salida y regreso<\/em><\/h3>\n<p>El viajero obtendr\u00e1 un punto de encuentro despu\u00e9s del proceso de reserva. Los recorridos comienzan y finalizan en sus puntos de encuentro.<\/p>\n<h5>Parque Nacional Los Haitises desde Las Terrenas<\/h5>\n<h3><em>\u00bfQu\u00e9 esperar?<\/em><\/h3>\n<p>Obtenga sus boletos para visitar el Parque Nacional Los Haitises desde Las Terrenas de Saman\u00e1. Excursi\u00f3n de medio d\u00eda. Comenzando desde Las Terrenas, Saman\u00e1 con transporte al puerto para abordar un bote con un gu\u00eda tur\u00edstico local, pasamos la bah\u00eda de Saman\u00e1 a Los Haitises, al lado de Sabana de la Mar para visitar uno de los parques nacionales m\u00e1s bellos de la Rep\u00fablica Dominicana. Parque Nacional Los Haitises.<\/p>\n<p>El recorrido, organizado por \u00abBooking Adventures\u00bb, comienza en el punto de encuentro establecido con el gu\u00eda tur\u00edstico. Ven con Booking Adventures y comienza a observar algunos manglares llenos de p\u00e1jaros, colinas onduladas de exuberante vegetaci\u00f3n y cuevas del Parque Nacional Los Haitises. Visitando la isla con p\u00e1jaros alrededor. En la temporada de anidaci\u00f3n, incluso podemos ver los polluelos de Pelecanos en los nidos. Entrar m\u00e1s en las Islas Rocosas y visitar las cuevas con pictograf\u00edas y petroglifos de los pueblos ind\u00edgenas.<\/p>\n<p>A trav\u00e9s de los manglares y la tierra en la bah\u00eda abierta de San Lorenzo, Sabana de la Mar, desde donde se puede fotografiar el paisaje forestal agreste. Mire el agua para ver manat\u00edes, crust\u00e1ceos y delfines.<\/p>\n<p>El nombre del parque nacional proviene de sus habitantes originales, los indios ta\u00ednos. En su idioma, \u00abHaitises\u00bb se traduce en tierras altas o colinas, una referencia a las empinadas formaciones geol\u00f3gicas de la costa con calizas. Avent\u00farate en el parque para explorar cuevas como la Cueva San Gabriel, la Cueva de la Arena y la Cueva de la L\u00ednea.<\/p>\n<p>Estas cuevas en la reserva fueron utilizadas como refugio por los indios ta\u00ednos y, m\u00e1s tarde, por esconder piratas. Busque dibujos de indios que decoran algunas de las paredes. Despu\u00e9s de visitar el Parque Nacional Los Haitises, regresaremos a Sanchez, Saman\u00e1.<\/p>\n<p>Pasando la bah\u00eda de Saman\u00e1 30 min. Tendremos un almuerzo t\u00edpico. Si eres vegano, no te preocupes, \u00a1tambi\u00e9n tenemos comida para ti!<\/p>\n<p>\u00a1Despu\u00e9s del almuerzo, regresamos a Las Terrenas!<\/p>\n<p>En caso de que le guste este viaje m\u00e1s largo o m\u00e1s corto, tenemos estas opciones:<\/p>\n<p>Solo Los Haitises del puerto de Saman\u00e1.<br \/>\nLos Haitises + Ca\u00f1o Hondo desde el puerto de Saman\u00e1.<\/p>\n<h3><em>\u00bfQu\u00e9 deber\u00edas traer?<\/em><\/h3>\n<ul>\n<li>C\u00e1mara<\/li>\n<li>Repelentes<\/li>\n<li>Crema solar<\/li>\n<li>Sombrero<\/li>\n<li>Pantalones c\u00f3modos<\/li>\n<li>Calzado de senderismo para bosque<\/li>\n<li>Sandalias a las zonas de primavera.<\/li>\n<li>Traje de ba\u00f1o<\/li>\n<\/ul>\n<h3><em>Recogida en el hotel<\/em><\/h3>\n<p>No se ofrece la recogida en el hotel para este tour.<\/p>\n<p><strong>Nota:<\/strong> Si realiza la reserva dentro de las 24 horas de la hora de salida del tour \/ excursi\u00f3n, podemos organizar la recogida del hotel con cargos adicionales. Una vez que se complete su compra, le enviaremos informaci\u00f3n de contacto completa (n\u00famero de tel\u00e9fono, direcci\u00f3n de correo electr\u00f3nico, etc.) para que nuestro gu\u00eda tur\u00edstico local organice los arreglos de recogida.<\/p>\n<h3><em>Confirmaci\u00f3n de informaci\u00f3n adicional<\/em><\/h3>\n<ul>\n<li>Los boletos son el Recibo despu\u00e9s de pagar este Tour. Puede mostrar el pago en su tel\u00e9fono.<\/li>\n<li>El punto de encuentro se recibir\u00e1 despu\u00e9s del proceso de reserva.<\/li>\n<li>Los ni\u00f1os deben estar acompa\u00f1ados por un adulto.<\/li>\n<li>No accesible para sillas de ruedas<\/li>\n<li>Los infantes deben sentarse en un asiento para beb\u00e9s o con un adulto<\/li>\n<li>No recomendado para viajeros con problemas de espalda.<\/li>\n<li>No recomendado para mujeres embarazadas.Sin problemas card\u00edacos u otras condiciones m\u00e9dicas graves.<\/li>\n<li>La mayor\u00eda de los viajeros pueden participar.<\/li>\n<\/ul>\n<h3><em>Pol\u00edtica de cancelaci\u00f3n<\/em><\/h3>\n<p>Para obtener un reembolso completo, cancele al menos 24 horas antes de la fecha de inicio de la experiencia. Los fondos se perder\u00e1n si la reserva se cancela el mismo d\u00eda del viaje.<\/p>\n\n\t\t<\/div>\n\t<\/div>\n<\/div><\/div><\/div><\/div><div class=\"vc_row wpb_row vc_row-fluid\" ><div class=\"wpb_column vc_column_container vc_col-sm-12\"><div class=\"vc_column-inner\"><div class=\"wpb_wrapper\">\n\t<div class=\"wpb_video_widget wpb_content_element vc_clearfix   vc_video-aspect-ratio-169 vc_video-el-width-100 vc_video-align-left\" >\n\t\t<div class=\"wpb_wrapper\">\n\t\t\t\n\t\t\t<div class=\"wpb_video_wrapper\"><iframe loading=\"lazy\" title=\"Los Haitises National Park, Tours &amp;amp; Excursion From Samana or Sabana de la Mar. Book Here:\" src=\"https:\/\/player.vimeo.com\/video\/346508015?dnt=1&amp;app_id=122963\" width=\"1100\" height=\"619\" frameborder=\"0\" allow=\"autoplay; fullscreen\" allowfullscreen><\/iframe><\/div>\n\t\t<\/div>\n\t<\/div>\n<\/div><\/div><\/div><\/div><div class=\"vc_row wpb_row vc_row-fluid\" ><div class=\"wpb_column vc_column_container vc_col-sm-12\"><div class=\"vc_column-inner\"><div class=\"wpb_wrapper\"><div class=\"vc_empty_space\"   style=\"height: 32px\"><span class=\"vc_empty_space_inner\"><\/span><\/div>\n\t<div class=\"wpb_text_column wpb_content_element\" >\n\t\t<div class=\"wpb_wrapper\">\n\t\t\t<h5>\u00bfContactarnos?<br \/>\nReservas de aventuras<\/h5>\n<p><em>Gu\u00edas tur\u00edsticos locales y nacionales y servicios para hu\u00e9spedes<\/em><\/p>\n<p>Reservas: Tours y Excursiones en Dom. Reps.<\/p>\n<p>Tel \/ Whatsapp + 1-809-720-6035.<\/p>\n<p>info@bookingadventures.com.do<\/p>\n<p>Hacemos tours privados de configuraci\u00f3n flexible por Whatsapp: +18097206035.<\/p>\n<h4><strong style=\"color: #595959; font-size: 15px;\"><a href=\"tel: 18097206035\">+18097206035.<\/a><\/strong><\/h4>\n\n\t\t<\/div>\n\t<\/div>\n<div class=\"vc_empty_space\"   style=\"height: 32px\"><span class=\"vc_empty_space_inner\"><\/span><\/div><\/div><\/div><\/div><\/div>","protected":false},"excerpt":{"rendered":"<p>Esta excursi\u00f3n desde Las Terrenas al Parque Nacional Los Haitises incluye almuerzo y transporte para una visita a las 3 cuevas principales, una exploraci\u00f3n de 2 manglares diferentes y, por supuesto, la observaci\u00f3n de aves de pesca.<\/p>\n<p>Viaje ecol\u00f3gico al Parque Nacional Los Haitises con un gu\u00eda local. Visitando los Cayos en el Parque Nacional Los Haitises, manglares, vegetaci\u00f3n, observaci\u00f3n de aves, cuevas, pictograf\u00edas y las \u00e1reas hist\u00f3ricas de Sabana de la Mar en el Parque Nacional Los Haitises.<\/p>","protected":false},"featured_media":252,"template":"","meta":[],"product_brand":[],"product_cat":[122,443,124],"product_tag":[206,225,132,133,146,226],"class_list":{"0":"post-556","1":"product","2":"type-product","3":"status-publish","4":"has-post-thumbnail","6":"product_cat-tours-and-excursions","7":"product_cat-tours-y-excursiones-es","8":"product_cat-tours-excursions-samana-bay-dominican-republic","9":"product_tag-caves-los-haitises","10":"product_tag-las-terrenas","11":"product_tag-los-haitises","12":"product_tag-los-haitises-national-park","13":"product_tag-mangroves-los-haitises","14":"product_tag-transportation-los-haitises","16":"first","17":"instock","18":"sale","19":"sold-individually","20":"shipping-taxable","21":"product-type-external"},"_links":{"self":[{"href":"https:\/\/saonaisland.com.do\/dz\/wp-json\/wp\/v2\/product\/556","targetHints":{"allow":["GET"]}}],"collection":[{"href":"https:\/\/saonaisland.com.do\/dz\/wp-json\/wp\/v2\/product"}],"about":[{"href":"https:\/\/saonaisland.com.do\/dz\/wp-json\/wp\/v2\/types\/product"}],"wp:featuredmedia":[{"embeddable":true,"href":"https:\/\/saonaisland.com.do\/dz\/wp-json\/wp\/v2\/media\/252"}],"wp:attachment":[{"href":"https:\/\/saonaisland.com.do\/dz\/wp-json\/wp\/v2\/media?parent=556"}],"wp:term":[{"taxonomy":"product_brand","embeddable":true,"href":"https:\/\/saonaisland.com.do\/dz\/wp-json\/wp\/v2\/product_brand?post=556"},{"taxonomy":"product_cat","embeddable":true,"href":"https:\/\/saonaisland.com.do\/dz\/wp-json\/wp\/v2\/product_cat?post=556"},{"taxonomy":"product_tag","embeddable":true,"href":"https:\/\/saonaisland.com.do\/dz\/wp-json\/wp\/v2\/product_tag?post=556"}],"curies":[{"name":"wp","href":"https:\/\/api.w.org\/{rel}","templated":true}]}}