{"id":12361,"date":"2025-02-12T08:26:40","date_gmt":"2025-02-12T08:26:40","guid":{"rendered":"https:\/\/saonaisland.com.do\/?post_type=product&#038;p=12361"},"modified":"2025-02-12T08:43:24","modified_gmt":"2025-02-12T08:43:24","slug":"las-maravillas-cave-altos-de-chavon","status":"publish","type":"product","link":"https:\/\/saonaisland.com.do\/cy\/saona\/las-maravillas-cave-altos-de-chavon\/","title":{"rendered":"Las Maravillas Cave &#038; Altos de Chavon"},"content":{"rendered":"<p>You cannot miss this incredible cultural and educational excursion for the entire family, where we rescue the fascinating history of altos de chav\u00f3n and our indigenous history inside the cave of wonders, knowing the beautiful history of our indigenous ancestors. in la romana, dominican republic, you will visit altos de chav\u00f3n, an ancient mediterranean-style villa built on a bluff above the chav\u00f3n river. we will have lunch at voal\u00e1 caf\u00e9 march\u00e9, a chic restaurant run by our renowned dominican chef gabriella reginato, as part of an exclusive tour. you will discover incredible arts in the altos de chav\u00f3n regional archaeological museum. you will also learn about the famous amphitheater, where different artists have passed, such as frank sinatra. don&#8217;t hesitate to participate in this incredible cultural experience..<\/p>","protected":false},"excerpt":{"rendered":"<div data-track=\"overview\" data-v-83a2b402=\"\">\n<section id=\"activity-overview\" class=\"activity-overview\" data-component=\"overview\" data-v-83a2b402=\"\" data-v-f3236c42=\"\">\n<p class=\"activity-overview__content\" data-test-id=\"activity-overview-content\" data-v-f3236c42=\"\">a 100,000 year old cave with Taino Indian paintings &amp; Altos de Chavon, an architectural wonder, 16th century replica of a Mediterranean village<\/p>\n<\/section>\n<\/div>\n<div data-track=\"key-details\" data-v-83a2b402=\"\"><\/div>","protected":false},"featured_media":12752,"template":"","meta":[],"product_brand":[],"product_cat":[615],"product_tag":[130,616],"class_list":{"0":"post-12361","1":"product","2":"type-product","3":"status-publish","4":"has-post-thumbnail","6":"product_cat-dominican-republic","7":"product_tag-excursion","8":"product_tag-tour","10":"first","11":"instock","12":"shipping-taxable","13":"product-type-external"},"_links":{"self":[{"href":"https:\/\/saonaisland.com.do\/cy\/wp-json\/wp\/v2\/product\/12361","targetHints":{"allow":["GET"]}}],"collection":[{"href":"https:\/\/saonaisland.com.do\/cy\/wp-json\/wp\/v2\/product"}],"about":[{"href":"https:\/\/saonaisland.com.do\/cy\/wp-json\/wp\/v2\/types\/product"}],"wp:featuredmedia":[{"embeddable":true,"href":"https:\/\/saonaisland.com.do\/cy\/wp-json\/wp\/v2\/media\/12752"}],"wp:attachment":[{"href":"https:\/\/saonaisland.com.do\/cy\/wp-json\/wp\/v2\/media?parent=12361"}],"wp:term":[{"taxonomy":"product_brand","embeddable":true,"href":"https:\/\/saonaisland.com.do\/cy\/wp-json\/wp\/v2\/product_brand?post=12361"},{"taxonomy":"product_cat","embeddable":true,"href":"https:\/\/saonaisland.com.do\/cy\/wp-json\/wp\/v2\/product_cat?post=12361"},{"taxonomy":"product_tag","embeddable":true,"href":"https:\/\/saonaisland.com.do\/cy\/wp-json\/wp\/v2\/product_tag?post=12361"}],"curies":[{"name":"wp","href":"https:\/\/api.w.org\/{rel}","templated":true}]}}