{"id":11628,"date":"2023-10-04T07:39:46","date_gmt":"2023-10-04T07:39:46","guid":{"rendered":"https:\/\/haitises.com\/?post_type=product&#038;p=11628"},"modified":"2024-04-01T17:28:14","modified_gmt":"2024-04-01T17:28:14","slug":"cayo-levantado-day-trip","status":"publish","type":"product","link":"https:\/\/saonaisland.com.do\/cy\/saona\/cayo-levantado-day-trip\/","title":{"rendered":"Taith Diwrnod Cayo Levantado"},"content":{"rendered":"<div class=\"vc_row wpb_row vc_row-fluid\" ><div class=\"wpb_column vc_column_container vc_col-sm-12\"><div class=\"vc_column-inner\"><div class=\"wpb_wrapper\">\n\t<div class=\"wpb_text_column wpb_content_element\" >\n\t\t<div class=\"wpb_wrapper\">\n\t\t\t<p><span style=\"vertical-align: inherit;\"><span style=\"vertical-align: inherit;\"><\/p>\n\n\t\t<\/div>\n\t<\/div>\n<\/div><\/div><\/div><\/div><div class=\"vc_row wpb_row vc_row-fluid\" ><div class=\"wpb_column vc_column_container vc_col-sm-12\"><div class=\"vc_column-inner\"><div class=\"wpb_wrapper\"><\/div><\/div><\/div><div class=\"mkdf-section-title-holder\" style=\"text-align: left\">\n\t<div class=\"mkdf-st-inner\">\n\t\t\t\t\t<h5 class=\"mkdf-st-subtitle\" >\n\t\t\t\tAlmuerzo y nataci\u00f3n en la playa\t\t\t<\/h5>\n\t\t\t\t\t\t\t<h3 class=\"mkdf-st-title\" >\n\t\t\t\tPase de un d\u00eda a la isla Bacard\u00ed (Cayo Levantado)\t\t\t<\/h3>\n\t\t\t\t\t<\/div>\n<\/div><div class=\"vc_row wpb_row vc_row-fluid\" ><\/div><\/div>[\/vc_row]<div class=\"vc_row wpb_row vc_row-fluid\" ><div class=\"wpb_column vc_column_container vc_col-sm-12\"><div class=\"vc_column-inner\"><div class=\"wpb_wrapper\"><\/div><\/div><\/div><\/div><div class=\"vc_row wpb_row vc_row-fluid\" ><div class=\"wpb_column vc_column_container vc_col-sm-12\"><div class=\"vc_column-inner\"><div class=\"wpb_wrapper\"><div class=\"vc_btn3-container vc_btn3-inline\" ><button class=\"vc_general vc_btn3 vc_btn3-size-md vc_btn3-shape-rounded vc_btn3-style-modern vc_btn3-color-green\">ARCHEBWCH NAWR<\/button><\/div><\/div><\/div><\/div><\/div><div class=\"wpb_column vc_column_container vc_col-sm-12\"><div class=\"vc_column-inner\"><div class=\"wpb_wrapper\"><\/div><\/div><\/div><div class=\"vc_empty_space\"   style=\"height: 32px\"><span class=\"vc_empty_space_inner\"><\/span><\/div><div class=\"vc_row wpb_row vc_row-fluid\" ><\/div><div class=\"wpb_column vc_column_container vc_col-sm-12\"><div class=\"vc_column-inner\"><div class=\"wpb_wrapper\"><\/div><\/div><\/div>\n\t<div class=\"wpb_text_column wpb_content_element\" >\n\t\t<div class=\"wpb_wrapper\">\n\t\t\t<p>\u00a0<\/span><\/span><\/p>\n<h4><b><i><span style=\"vertical-align: inherit;\"><span style=\"vertical-align: inherit;\">Visi\u00f3n general <\/span><\/span><\/i><\/b><\/h4>\n<p>Our <em>day passes<\/em>\u00a0are for anyone who wants to spend a\u00a0<em>day<\/em> at one of the most beautiful beaches in the Dominican Republic. You are free to walk around, swimming, relaxing, chilling, playing volleyball, taking photos, snorkeling, enjoying the beach or just lying in shadow and taking a refreshing beverage (Pi\u00f1a Colada, Coco Loco, Cuba Libre etc.)<\/p>\n<ul>\n<li style=\"font-weight: 400;\"><span style=\"font-weight: 400;\">Yn cynnwys cinio bwffe ar y traeth<\/span><\/li>\n<li>One Pina Colada with or without Alcohol per adult.<\/li>\n<li>Trosglwyddo Cwch<\/li>\n<li style=\"font-weight: 400;\"><span style=\"font-weight: 400;\">Mae&#039;r Capten yn darparu cyfarwyddyd a Goruchwyliaeth<\/span><\/li>\n<\/ul>\n<p>&nbsp;<\/p>\n<h4><b>Cynhwysiadau a Gwaharddiadau<\/b><\/h4>\n<p>&nbsp;<\/p>\n<p><b>Cynhwysion<\/b><\/p>\n<ol>\n<li>One Pina Colada with or without Alcohol per adult.<\/li>\n<li style=\"font-weight: 400;\"><span style=\"font-weight: 400;\">Cinio bwffe ar y traeth<\/span><\/li>\n<li style=\"font-weight: 400;\"><span style=\"font-weight: 400;\">Yr holl drethi, ffioedd a thaliadau trin<\/span><\/li>\n<li style=\"font-weight: 400;\"><span style=\"font-weight: 400;\">Trethi lleol<\/span><\/li>\n<li style=\"font-weight: 400;\"><span style=\"font-weight: 400;\">Diodydd<\/span><\/li>\n<\/ol>\n<p><b> Gwaharddiadau<\/b><\/p>\n<ol>\n<li style=\"font-weight: 400;\"><span style=\"font-weight: 400;\">Diolchgarwch<\/span><\/li>\n<li style=\"font-weight: 400;\"><span style=\"font-weight: 400;\">Car Trosglwyddo<\/span><\/li>\n<li style=\"font-weight: 400;\"><span style=\"font-weight: 400;\">Diodydd Meddwol<\/span><\/li>\n<li>Arweinlyfr Lleol<\/li>\n<\/ol>\n<p>&nbsp;<\/p>\n<h4><em><strong>Gadael a Dychwelyd<\/strong><\/em><\/h4>\n<p><span style=\"font-weight: 400;\">Bydd y teithiwr yn cael man cyfarfod ar \u00f4l y Broses Archebu. Teithiau yn dechrau ac yn Gorffen yn ein mannau cyfarfod.<\/span><\/p>\n<p>&nbsp;<\/p>\n<h4><b><i>Beth i&#039;w Ddisgwyl?<\/i><\/b><\/h4>\n<p>&nbsp;<\/p>\n<p><em><strong>Mynnwch eich tocynnau<\/strong><\/em> fora day pass in Bacardi island ( Cayo Levantado) in Samana plus a wonderful lunch and beach time.<\/p>\n<p><span style=\"font-weight: 400;\">The Daypass, organized by \u00abBooking Adventures\u00bb starts at the meeting point set with the Tour Guide. <\/span>Cinio ar y traeth a gallwch aros cyhyd ag y dymunwch nofio o gwmpas. Os ydych yn Fegan gallwn hefyd osod rhywfaint o fwyd i chi.<\/p>\n<p><strong>Amserlen:<\/strong><\/p>\n<p>8:45 AM &#8211; 4:30 PM<\/p>\n<p>&nbsp;<\/p>\n<h4><em><strong>Beth ddylech chi ddod?<\/strong><\/em><\/h4>\n<ul>\n<li style=\"font-weight: 400;\"><span style=\"font-weight: 400;\">camera<\/span><\/li>\n<li style=\"font-weight: 400;\"><span style=\"font-weight: 400;\">blagur ymlid<\/span><\/li>\n<li style=\"font-weight: 400;\"><span style=\"font-weight: 400;\">hufen haul<\/span><\/li>\n<li style=\"font-weight: 400;\"><span style=\"font-weight: 400;\">Het<\/span><\/li>\n<li style=\"font-weight: 400;\"><span style=\"font-weight: 400;\">Pants cyfforddus<\/span><\/li>\n<li style=\"font-weight: 400;\"><span style=\"font-weight: 400;\">Esgidiau cerdded ar gyfer coedwig<\/span><\/li>\n<li style=\"font-weight: 400;\"><span style=\"font-weight: 400;\">Sandalau i&#039;r traeth<\/span><\/li>\n<li style=\"font-weight: 400;\"><span style=\"font-weight: 400;\">Gwisgo nofio<\/span><\/li>\n<li>Arian parod ar gyfer cofroddion<\/li>\n<\/ul>\n<p>&nbsp;<\/p>\n<h4><b><i>Pickup Gwesty <\/i><\/b><\/h4>\n<p><span style=\"font-weight: 400;\">Ni chynigir casglu gwesty ar gyfer y daith hon. <\/span><\/p>\n<p>&nbsp;<\/p>\n<p><b>Nodyn:<\/b><span style=\"font-weight: 400;\"> Os cewch eich archebu o fewn 24 awr i amser gadael y daith\/Gwibdaith, gallwn drefnu codi gwesty gyda Thaliadau ychwanegol. Unwaith y bydd eich pryniant wedi&#039;i gwblhau, byddwn yn anfon gwybodaeth gyswllt gyflawn atoch (rhif ff\u00f4n, cyfeiriad e-bost, ac ati) ar gyfer ein canllaw Taith leol i drefnu trefniadau casglu.<\/span><\/p>\n<h4><b><i>Gwybodaeth Ychwanegol Cadarnhad <\/i><\/b><\/h4>\n<ol>\n<li>Tocynnau yw&#039;r Derbynneb ar \u00f4l talu&#039;r Daith hon. Gallwch ddangos y taliad ar eich ff\u00f4n.<\/li>\n<li style=\"font-weight: 400;\"><span style=\"font-weight: 400;\">Derbynnir Man Cyfarfod Ar \u00f4l y Broses Archebu.<\/span><\/li>\n<li style=\"font-weight: 400;\"><span style=\"font-weight: 400;\">Rhaid i blant fod yng nghwmni oedolyn.<\/span><\/li>\n<li style=\"font-weight: 400;\"><span style=\"font-weight: 400;\">hygyrch i gadeiriau olwyn <\/span><\/li>\n<li style=\"font-weight: 400;\"><span style=\"font-weight: 400;\">Rhaid i fabanod eistedd ar liniau <\/span><\/li>\n<li style=\"font-weight: 400;\"><span style=\"font-weight: 400;\">Gall y rhan fwyaf o deithwyr gymryd rhan<\/span><\/li>\n<\/ol>\n<h4><b><i>Polisi Canslo<\/i><\/b><\/h4>\n<p>For a full refund, please read our Cancellations policies\u00a0<a href=\"https:\/\/www.ticketswhales.com\/online-booking\/\" target=\"_blank\" rel=\"noopener\" data-saferedirecturl=\"https:\/\/www.google.com\/url?q=https:\/\/www.ticketswhales.com\/online-booking\/&amp;source=gmail&amp;ust=1672532492004000&amp;usg=AOvVaw3ylqI1cdbIPTimEqEWneyd\">Click here<\/a>. Funds will be lost if the reservation is cancelled the same day of the trip.<\/p>\n\n\t\t<\/div>\n\t<\/div>\n<div class=\"vc_row wpb_row vc_row-fluid\" ><\/div><div class=\"wpb_column vc_column_container vc_col-sm-12\"><div class=\"vc_column-inner\"><div class=\"wpb_wrapper\"><\/div><\/div><\/div><div class=\"vc_empty_space\"   style=\"height: 32px\"><span class=\"vc_empty_space_inner\"><\/span><\/div><div class=\"vc_empty_space\"   style=\"height: 32px\"><span class=\"vc_empty_space_inner\"><\/span><\/div><div class=\"vc_row wpb_row vc_row-fluid\" ><\/div><div class=\"wpb_column vc_column_container vc_col-sm-12\"><div class=\"vc_column-inner\"><div class=\"wpb_wrapper\"><\/div><\/div><\/div><div class=\"vc_row wpb_row vc_row-fluid\" ><div class=\"wpb_column vc_column_container vc_col-sm-12\"><div class=\"vc_column-inner\"><div class=\"wpb_wrapper\"><div class=\"vc_btn3-container vc_btn3-inline\" ><button class=\"vc_general vc_btn3 vc_btn3-size-md vc_btn3-shape-rounded vc_btn3-style-modern vc_btn3-color-green\">ARCHEBWCH NAWR<\/button><\/div><\/div><\/div><\/div><\/div>","protected":false},"excerpt":{"rendered":"<p><span style=\"vertical-align: inherit;\"><span style=\"vertical-align: inherit;\">\u00a1Excursi\u00f3n de un d\u00eda a la playa de la isla Bacard\u00ed (Cayo Levantado)! <\/span><span style=\"vertical-align: inherit;\">Consiga sus entradas y almuerce en la playa. <\/span><span style=\"vertical-align: inherit;\">Traslado en barco o catamar\u00e1n todos los d\u00edas a la isla de Bacardi. <\/span><span style=\"vertical-align: inherit;\">Visite la bah\u00eda de Saman\u00e1 y reserve hoy esta oferta.<\/span><\/span><\/p>\n<p>&nbsp;<\/p>\n<p><em><strong><span style=\"vertical-align: inherit;\"><span style=\"vertical-align: inherit;\">Seleccione la fecha para el tour\u00a0<\/span><\/span><\/strong><\/em><\/p>","protected":false},"featured_media":11094,"template":"","meta":[],"product_brand":[],"product_cat":[571,98,135,122,123,124],"product_tag":[137,138,162,163,131,142,147,148,143],"class_list":{"0":"post-11628","1":"product","2":"type-product","3":"status-publish","4":"has-post-thumbnail","6":"product_cat-1-samana","7":"product_cat-local-tour-guides","8":"product_cat-lunch","9":"product_cat-tours-and-excursions","10":"product_cat-tours-excursions-los-haitises-national-park","11":"product_cat-tours-excursions-samana-bay-dominican-republic","12":"product_tag-bacardi-island","13":"product_tag-beach-time","14":"product_tag-cayo-levantado-day-pass","15":"product_tag-cayo-levantado-tour","16":"product_tag-locals-guides","17":"product_tag-samana","18":"product_tag-samana-bay","19":"product_tag-samana-excursions","20":"product_tag-samana-tours","22":"first","23":"instock","24":"sale","25":"featured","26":"sold-individually","27":"shipping-taxable","28":"product-type-external"},"_links":{"self":[{"href":"https:\/\/saonaisland.com.do\/cy\/wp-json\/wp\/v2\/product\/11628","targetHints":{"allow":["GET"]}}],"collection":[{"href":"https:\/\/saonaisland.com.do\/cy\/wp-json\/wp\/v2\/product"}],"about":[{"href":"https:\/\/saonaisland.com.do\/cy\/wp-json\/wp\/v2\/types\/product"}],"wp:featuredmedia":[{"embeddable":true,"href":"https:\/\/saonaisland.com.do\/cy\/wp-json\/wp\/v2\/media\/11094"}],"wp:attachment":[{"href":"https:\/\/saonaisland.com.do\/cy\/wp-json\/wp\/v2\/media?parent=11628"}],"wp:term":[{"taxonomy":"product_brand","embeddable":true,"href":"https:\/\/saonaisland.com.do\/cy\/wp-json\/wp\/v2\/product_brand?post=11628"},{"taxonomy":"product_cat","embeddable":true,"href":"https:\/\/saonaisland.com.do\/cy\/wp-json\/wp\/v2\/product_cat?post=11628"},{"taxonomy":"product_tag","embeddable":true,"href":"https:\/\/saonaisland.com.do\/cy\/wp-json\/wp\/v2\/product_tag?post=11628"}],"curies":[{"name":"wp","href":"https:\/\/api.w.org\/{rel}","templated":true}]}}