{"id":11396,"date":"2021-08-15T20:09:02","date_gmt":"2021-08-15T20:09:02","guid":{"rendered":"https:\/\/haitises.com\/?post_type=product&#038;p=11396"},"modified":"2024-04-03T22:09:41","modified_gmt":"2024-04-03T22:09:41","slug":"salto-del-limon-el-limon-waterfalls-tour-from-sabana-de-la-mar","status":"publish","type":"product","link":"https:\/\/saonaisland.com.do\/bn_bd\/saona\/salto-del-limon-el-limon-waterfalls-tour-from-sabana-de-la-mar\/","title":{"rendered":"\u09b8\u09be\u09b2\u099f\u09cb \u09a6\u09c7\u09b2 \u09b2\u09bf\u09ae\u09a8 - \u09b8\u09be\u09ac\u09be\u09a8\u09be \u09a6\u09c7 \u09b2\u09be \u09ae\u09be\u09b0 \u09a5\u09c7\u0995\u09c7 \u098f\u09b2 \u09b2\u09bf\u09ae\u09a8 \u099c\u09b2\u09aa\u09cd\u09b0\u09aa\u09be\u09a4 \u09ad\u09cd\u09b0\u09ae\u09a3"},"content":{"rendered":"<div class=\"vc_row wpb_row vc_row-fluid\" ><div class=\"wpb_column vc_column_container vc_col-sm-12\"><div class=\"vc_column-inner\"><div class=\"wpb_wrapper\"><div class=\"mkdf-section-title-holder\" style=\"text-align: left\">\n\t<div class=\"mkdf-st-inner\">\n\t\t\t\t\t<h5 class=\"mkdf-st-subtitle\" >\n\t\t\t\t Private Tour\t\t\t<\/h5>\n\t\t\t\t\t\t\t<h3 class=\"mkdf-st-title\" >\n\t\t\t\tSalto Del Limon - El Lim\u00f3n Waterfalls Tour From Sabana de La Mar\t\t\t<\/h3>\n\t\t\t\t\t<\/div>\n<\/div><\/div><\/div><\/div><\/div><div class=\"vc_row wpb_row vc_row-fluid\" ><div class=\"wpb_column vc_column_container vc_col-sm-12\"><div class=\"vc_column-inner\"><div class=\"wpb_wrapper\">\n\t<div class=\"wpb_text_column wpb_content_element\" >\n\t\t<div class=\"wpb_wrapper\">\n\t\t\t<h4><b><i>\u0993\u09ad\u09be\u09b0\u09ad\u09bf\u0989 <\/i><\/b><\/h4>\n<p>This is a Private tour to <strong>The Waterfalls El Lim\u00f3n<\/strong> with Riding on Horses or Hiking starting From Sabana de la mar crossing Samana bay in a private Boat and a Private Tranfer waiting for us to go to the Waterfalls. Visiting cacao and Coffe forest under Coconuts Palms Canopy. When you arrive at the Waterfalls you are allowed to swim and Set the time with your Local Guide. After enjoying a Typical Lunch in El Lim\u00f3n Community.<\/p>\n<p>Learn with locals and get a Safe trip. Get your Tickets in Offer Today.<\/p>\n<ul>\n<li style=\"font-weight: 400;\"><span style=\"font-weight: 400;\">Includes Lunch\u00a0<\/span><\/li>\n<li>Horses Riding or Hiking<\/li>\n<li style=\"font-weight: 400;\"><span style=\"font-weight: 400;\">\u0997\u09be\u0987\u09a1 \u09a8\u09bf\u09b0\u09cd\u09a6\u09c7\u09b6\u09be\u09ac\u09b2\u09c0 \u098f\u09ac\u0982 \u09a4\u09a4\u09cd\u09a4\u09cd\u09ac\u09be\u09ac\u09a7\u09be\u09a8 \u09aa\u09cd\u09b0\u09a6\u09be\u09a8 \u0995\u09b0\u09c7<\/span><\/li>\n<li>\u099c\u09be\u09a4\u09c0\u09af\u09bc \u0989\u09a6\u09cd\u09af\u09be\u09a8\u09c7\u09b0 \u099c\u09a8\u09cd\u09af \u09ab\u09bf<\/li>\n<\/ul>\n<p>&nbsp;<\/p>\n<h4><b>\u0985\u09a8\u09cd\u09a4\u09b0\u09cd\u09ad\u09c1\u0995\u09cd\u09a4\u09bf \u098f\u09ac\u0982 \u09ac\u09b0\u09cd\u099c\u09a8<\/b><\/h4>\n<p>&nbsp;<\/p>\n<p><b>\u0985\u09a8\u09cd\u09a4\u09b0\u09cd\u09ad\u09c1\u0995\u09cd\u09a4\u09bf<\/b><\/p>\n<ol>\n<li style=\"font-weight: 400;\"><span style=\"font-weight: 400;\">Buffet lunch in El Lim\u00f3n<\/span><\/li>\n<li style=\"font-weight: 400;\"><span style=\"font-weight: 400;\">Hiking or Horses Riding Tour<\/span><\/li>\n<li style=\"font-weight: 400;\"><span style=\"font-weight: 400;\">\u09b8\u09ae\u09b8\u09cd\u09a4 \u099f\u09cd\u09af\u09be\u0995\u09cd\u09b8, \u09ab\u09bf \u098f\u09ac\u0982 \u09b9\u09cd\u09af\u09be\u09a8\u09cd\u09a1\u09b2\u09bf\u0982 \u099a\u09be\u09b0\u09cd\u099c<\/span><\/li>\n<li style=\"font-weight: 400;\"><span style=\"font-weight: 400;\">\u09b8\u09cd\u09a5\u09be\u09a8\u09c0\u09af\u09bc \u0995\u09b0<\/span><\/li>\n<li style=\"font-weight: 400;\"><span style=\"font-weight: 400;\">\u09aa\u09be\u09a8\u09c0\u09af\u09bc<\/span><\/li>\n<li style=\"font-weight: 400;\"><span style=\"font-weight: 400;\">\u09b8\u0995\u09b2 \u0995\u09be\u09b0\u09cd\u09af\u0995\u09cd\u09b0\u09ae<\/span><\/li>\n<li style=\"font-weight: 400;\"><span style=\"font-weight: 400;\">\u09b8\u09cd\u09a5\u09be\u09a8\u09c0\u09af\u09bc \u0997\u09be\u0987\u09a1<\/span><\/li>\n<li>tranfers<\/li>\n<li>Boat Trip<\/li>\n<\/ol>\n<p><b> \u09ac\u09b0\u09cd\u099c\u09a8<\/b><\/p>\n<ol>\n<li style=\"font-weight: 400;\"><span style=\"font-weight: 400;\">\u0985\u09a8\u09c1\u09a6\u09be\u09a8<\/span><\/li>\n<li style=\"font-weight: 400;\"><span style=\"font-weight: 400;\">\u09ae\u09a6\u09cd\u09af\u09aa \u09aa\u09be\u09a8\u09c0\u09af\u09bc<\/span><\/li>\n<\/ol>\n<p>&nbsp;<\/p>\n<h4><em><strong>\u09aa\u09cd\u09b0\u09b8\u09cd\u09a5\u09be\u09a8 \u098f\u09ac\u0982 \u09aa\u09cd\u09b0\u09a4\u09cd\u09af\u09be\u09ac\u09b0\u09cd\u09a4\u09a8<\/strong><\/em><\/h4>\n<p><span style=\"font-weight: 400;\">\u09b0\u09bf\u099c\u09be\u09b0\u09cd\u09ad\u09c7\u09b6\u09a8 \u09aa\u09cd\u09b0\u0995\u09cd\u09b0\u09bf\u09af\u09bc\u09be\u09b0 \u09aa\u09b0\u09c7 \u09ad\u09cd\u09b0\u09ae\u09a3\u0995\u09be\u09b0\u09c0 \u098f\u0995\u099f\u09bf \u09ae\u09bf\u099f\u09bf\u0982 \u09aa\u09af\u09bc\u09c7\u09a8\u09cd\u099f \u09aa\u09be\u09ac\u09c7\u09a8\u0964 \u0986\u09ae\u09be\u09a6\u09c7\u09b0 \u09ae\u09bf\u099f\u09bf\u0982 \u09aa\u09af\u09bc\u09c7\u09a8\u09cd\u099f\u09c7 \u099f\u09cd\u09af\u09c1\u09b0 \u09b6\u09c1\u09b0\u09c1 \u098f\u09ac\u0982 \u09b6\u09c7\u09b7\u0964<\/span><\/p>\n<p>&nbsp;<\/p>\n<h4><b><i>\u0995\u09bf \u0986\u09b6\u09be \u0995\u09b0\u099b?<\/i><\/b><\/h4>\n<p>&nbsp;<\/p>\n<p><em><strong>\u0986\u09aa\u09a8\u09be\u09b0 \u099f\u09bf\u0995\u09bf\u099f \u09aa\u09be\u09a8<\/strong><\/em> for visiting The Waterfalls El Lim\u00f3n in Saman\u00e1 plus a wonderful lunch in El Lim\u00f3n Restaurant starting from Sabana de la Mar.<\/p>\n<p><span style=\"font-weight: 400;\">The tour, organized by \u00abBooking Adventures\u00bb starts at the meeting point set with the Tour Guide.<\/span><\/p>\n<p>Best Private trips to El Limon waterfalls with a local tour guide. Book a Horse riding trip by the Forest going around the edge of the Lim\u00f3n River, visiting cacao and Coffe plantations under the Coconuts shadows palms trees.<\/p>\n<p>\u09aa\u09cd\u09b0\u09a5\u09ae\u09c7, \u099b\u09cb\u099f \u099c\u09b2\u09aa\u09cd\u09b0\u09aa\u09be\u09a4\u099f\u09bf\u09a4\u09c7 \u09a5\u09be\u09ae\u09c1\u09a8 \u09af\u09c7\u0996\u09be\u09a8\u09c7 \u09b8\u09be\u09a7\u09be\u09b0\u09a3\u09a4 \u09ac\u09c7\u09b6\u09bf \u09b2\u09cb\u0995 \u09a5\u09be\u0995\u09c7 \u09a8\u09be \u098f\u09ac\u0982 \u0986\u09aa\u09a8\u09bf \u09b8\u09be\u0981\u09a4\u09be\u09b0 \u0995\u09be\u099f\u09a4\u09c7 \u09aa\u09be\u09b0\u09c7\u09a8\u0964 \u0986\u09ae\u09b0\u09be \u098f\u0995\u099f\u09bf \u09ac\u09a1\u09bc \u099c\u09b2\u09aa\u09cd\u09b0\u09aa\u09be\u09a4 \u09af\u09c7\u0996\u09be\u09a8\u09c7 \u0986\u09ae\u09b0\u09be \u098f\u0995 \u0998\u09a8\u09cd\u099f\u09be \u09ac\u09be \u09a4\u09be\u09b0 \u09ac\u09c7\u09b6\u09bf \u09b8\u09ae\u09af\u09bc \u09a5\u09be\u0995\u09a4\u09c7 \u09b9\u09ac\u09c7 \u09af\u09a6\u09bf \u0986\u09aa\u09a8\u09bf \u099a\u09be\u09a8 \u0985\u09ac\u09bf\u09b0\u09a4 \u09aa\u09b0\u09c7.<\/p>\n<p>Getting horses back to the restaurant where we will enjoy a typical lunch at the beach. Frite fish with Tostones and Salad or you can get other options in the menu with extra charges.<\/p>\n<p>Lunch at the Restaurant in the El Lim\u00f3n community and you can stay as long you want swimming around.\u00a0 If you are Vegan we also can set some food for you.<\/p>\n<p>after this experience we finish our trip Back to Sabana de la mar meeting point.<\/p>\n<p>&nbsp;<\/p>\n<h4><em><strong>\u0986\u09aa\u09a8\u09bf \u0995\u09bf \u0986\u09a8\u09a4\u09c7 \u09b9\u09ac\u09c7?<\/strong><\/em><\/h4>\n<ul>\n<li style=\"font-weight: 400;\"><span style=\"font-weight: 400;\">\u0995\u09cd\u09af\u09be\u09ae\u09c7\u09b0\u09be<\/span><\/li>\n<li style=\"font-weight: 400;\"><span style=\"font-weight: 400;\">\u09ac\u09bf\u0995\u09b0\u09cd\u09b7\u09a3\u0995\u09be\u09b0\u09c0 \u0995\u09c1\u0981\u09a1\u09bc\u09bf<\/span><\/li>\n<li style=\"font-weight: 400;\"><span style=\"font-weight: 400;\">\u09b8\u09be\u09a8\u0995\u09cd\u09b0\u09bf\u09ae<\/span><\/li>\n<li style=\"font-weight: 400;\"><span style=\"font-weight: 400;\">\u099f\u09c1\u09aa\u09bf<\/span><\/li>\n<li style=\"font-weight: 400;\"><span style=\"font-weight: 400;\">\u0986\u09b0\u09be\u09ae\u09a6\u09be\u09af\u09bc\u0995 \u09aa\u09cd\u09af\u09be\u09a8\u09cd\u099f<\/span><\/li>\n<li style=\"font-weight: 400;\"><span style=\"font-weight: 400;\">\u09ac\u09a8\u09c7\u09b0 \u099c\u09a8\u09cd\u09af \u09b9\u09be\u0987\u0995\u09bf\u0982 \u099c\u09c1\u09a4\u09be<\/span><\/li>\n<li style=\"font-weight: 400;\"><span style=\"font-weight: 400;\">\u09b8\u09be\u0981\u09a4\u09be\u09b0\u09c7\u09b0 \u09aa\u09b0\u09bf\u09a7\u09be\u09a8<\/span><\/li>\n<\/ul>\n<p>&nbsp;<\/p>\n<h4><b><i>\u09b9\u09cb\u099f\u09c7\u09b2 \u09aa\u09bf\u0995\u0986\u09aa <\/i><\/b><\/h4>\n<p><span style=\"font-weight: 400;\">\u098f\u0987 \u09b8\u09ab\u09b0\u09c7\u09b0 \u099c\u09a8\u09cd\u09af \u09b9\u09cb\u099f\u09c7\u09b2 \u09aa\u09bf\u0995-\u0986\u09aa \u09a6\u09c7\u0993\u09af\u09bc\u09be \u09b9\u09af\u09bc \u09a8\u09be\u0964 <\/span><\/p>\n<p>&nbsp;<\/p>\n<p><b>\u09ac\u09bf\u0983\u09a6\u09cd\u09b0\u0983:<\/b><span style=\"font-weight: 400;\"> \u0986\u09aa\u09a8\u09bf \u09af\u09a6\u09bf \u099f\u09cd\u09af\u09c1\u09b0\/\u09ad\u09cd\u09b0\u09ae\u09a8 \u09aa\u09cd\u09b0\u09b8\u09cd\u09a5\u09be\u09a8\u09c7\u09b0 24 \u0998\u09a8\u09cd\u099f\u09be\u09b0 \u09ae\u09a7\u09cd\u09af\u09c7 \u09ac\u09c1\u0995 \u0995\u09b0\u09be \u09b9\u09af\u09bc\u09c7 \u09a5\u09be\u0995\u09c7\u09a8 \u09a4\u09ac\u09c7 \u0986\u09ae\u09b0\u09be \u0985\u09a4\u09bf\u09b0\u09bf\u0995\u09cd\u09a4 \u099a\u09be\u09b0\u09cd\u099c \u09b8\u09b9 \u09b9\u09cb\u099f\u09c7\u09b2 \u09aa\u09bf\u0995-\u0986\u09aa\u09c7\u09b0 \u09ac\u09cd\u09af\u09ac\u09b8\u09cd\u09a5\u09be \u0995\u09b0\u09a4\u09c7 \u09aa\u09be\u09b0\u09bf\u0964 \u098f\u0995\u09ac\u09be\u09b0 \u0986\u09aa\u09a8\u09be\u09b0 \u0995\u09c7\u09a8\u09be\u0995\u09be\u099f\u09be \u09b8\u09ae\u09cd\u09aa\u09c2\u09b0\u09cd\u09a3 \u09b9\u09af\u09bc\u09c7 \u0997\u09c7\u09b2\u09c7, \u09aa\u09bf\u0995-\u0986\u09aa\u09c7\u09b0 \u09ac\u09cd\u09af\u09ac\u09b8\u09cd\u09a5\u09be \u0995\u09b0\u09be\u09b0 \u099c\u09a8\u09cd\u09af \u0986\u09ae\u09b0\u09be \u0986\u09aa\u09a8\u09be\u0995\u09c7 \u0986\u09ae\u09be\u09a6\u09c7\u09b0 \u09b8\u09cd\u09a5\u09be\u09a8\u09c0\u09af\u09bc \u099f\u09cd\u09af\u09c1\u09b0 \u0997\u09be\u0987\u09a1\u09c7\u09b0 \u099c\u09a8\u09cd\u09af \u09b8\u09ae\u09cd\u09aa\u09c2\u09b0\u09cd\u09a3 \u09af\u09cb\u0997\u09be\u09af\u09cb\u0997\u09c7\u09b0 \u09a4\u09a5\u09cd\u09af (\u09ab\u09cb\u09a8 \u09a8\u09ae\u09cd\u09ac\u09b0, \u0987\u09ae\u09c7\u09b2 \u09a0\u09bf\u0995\u09be\u09a8\u09be, \u0987\u09a4\u09cd\u09af\u09be\u09a6\u09bf) \u09aa\u09be\u09a0\u09be\u09ac\u0964<\/span><\/p>\n<h4><b><i>\u0985\u09a4\u09bf\u09b0\u09bf\u0995\u09cd\u09a4 \u09a4\u09a5\u09cd\u09af \u09a8\u09bf\u09b6\u09cd\u099a\u09bf\u09a4\u0995\u09b0\u09a3 <\/i><\/b><\/h4>\n<ol>\n<li>\u099f\u09bf\u0995\u09bf\u099f \u09b9\u09b2 \u098f\u0987 \u099f\u09cd\u09af\u09c1\u09b0 \u09a6\u09c7\u0993\u09af\u09bc\u09be\u09b0 \u09aa\u09b0 \u09b0\u09b8\u09bf\u09a6\u0964 \u0986\u09aa\u09a8\u09bf \u0986\u09aa\u09a8\u09be\u09b0 \u09ab\u09cb\u09a8\u09c7 \u09aa\u09c7\u09ae\u09c7\u09a8\u09cd\u099f \u09a6\u09c7\u0996\u09be\u09a4\u09c7 \u09aa\u09be\u09b0\u09c7\u09a8\u0964<\/li>\n<li style=\"font-weight: 400;\"><span style=\"font-weight: 400;\">\u09ae\u09bf\u099f\u09bf\u0982 \u09aa\u09af\u09bc\u09c7\u09a8\u09cd\u099f \u09b0\u09bf\u099c\u09be\u09b0\u09cd\u09ad\u09c7\u09b6\u09a8 \u09aa\u09cd\u09b0\u0995\u09cd\u09b0\u09bf\u09af\u09bc\u09be \u09aa\u09b0\u09c7 \u09aa\u09cd\u09b0\u09be\u09aa\u09cd\u09a4 \u0995\u09b0\u09be \u09b9\u09ac\u09c7.<\/span><\/li>\n<li style=\"font-weight: 400;\"><span style=\"font-weight: 400;\">\u09b6\u09bf\u09b6\u09c1\u09a6\u09c7\u09b0 \u098f\u0995\u099c\u09a8 \u09aa\u09cd\u09b0\u09be\u09aa\u09cd\u09a4\u09ac\u09af\u09bc\u09b8\u09cd\u0995 \u09a6\u09cd\u09ac\u09be\u09b0\u09be \u09b8\u0982\u09b8\u09b0\u09cd\u0997\u09c0 \u0995\u09b0\u09be \u0986\u09ac\u09b6\u09cd\u09af\u0995.<\/span><\/li>\n<li style=\"font-weight: 400;\"><span style=\"font-weight: 400;\"> \u09b9\u09c1\u0987\u09b2\u099a\u09c7\u09af\u09bc\u09be\u09b0 \u0985\u09cd\u09af\u09be\u0995\u09cd\u09b8\u09c7\u09b8\u09af\u09cb\u0997\u09cd\u09af \u09a8\u09af\u09bc <\/span><\/li>\n<li style=\"font-weight: 400;\"><span style=\"font-weight: 400;\">\u09b6\u09bf\u09b6\u09c1\u09a6\u09c7\u09b0 \u0995\u09cb\u09b2\u09c7 \u09ac\u09b8\u09a4\u09c7 \u09b9\u09ac\u09c7 <\/span><\/li>\n<li style=\"font-weight: 400;\"><span style=\"font-weight: 400;\">\u09aa\u09bf\u09a0\u09c7\u09b0 \u09b8\u09ae\u09b8\u09cd\u09af\u09be \u09b8\u09b9 \u09ad\u09cd\u09b0\u09ae\u09a3\u0995\u09be\u09b0\u09c0\u09a6\u09c7\u09b0 \u099c\u09a8\u09cd\u09af \u09aa\u09cd\u09b0\u09b8\u09cd\u09a4\u09be\u09ac\u09bf\u09a4 \u09a8\u09af\u09bc<\/span><\/li>\n<li style=\"font-weight: 400;\"><span style=\"font-weight: 400;\">\u0997\u09b0\u09cd\u09ad\u09ac\u09a4\u09c0 \u09ad\u09cd\u09b0\u09ae\u09a3\u0995\u09be\u09b0\u09c0\u09a6\u09c7\u09b0 \u099c\u09a8\u09cd\u09af \u09aa\u09cd\u09b0\u09b8\u09cd\u09a4\u09be\u09ac\u09bf\u09a4 \u09a8\u09af\u09bc <\/span><\/li>\n<li style=\"font-weight: 400;\"><span style=\"font-weight: 400;\"> \u09b9\u09be\u09b0\u09cd\u099f\u09c7\u09b0 \u09b8\u09ae\u09b8\u09cd\u09af\u09be \u09ac\u09be \u0985\u09a8\u09cd\u09af\u09be\u09a8\u09cd\u09af \u0997\u09c1\u09b0\u09c1\u09a4\u09b0 \u099a\u09bf\u0995\u09bf\u09ce\u09b8\u09be \u09b6\u09b0\u09cd\u09a4 \u09a8\u09c7\u0987 <\/span><\/li>\n<li style=\"font-weight: 400;\"><span style=\"font-weight: 400;\">\u0985\u09a7\u09bf\u0995\u09be\u0982\u09b6 \u09ad\u09cd\u09b0\u09ae\u09a3\u0995\u09be\u09b0\u09c0 \u0985\u0982\u09b6\u0997\u09cd\u09b0\u09b9\u09a3 \u0995\u09b0\u09a4\u09c7 \u09aa\u09be\u09b0\u09c7\u09a8<\/span><\/li>\n<\/ol>\n<h4><b><i>\u09ac\u09be\u09a4\u09bf\u09b2\u0995\u09b0\u09a3 \u09a8\u09c0\u09a4\u09bf<\/i><\/b><\/h4>\n<p><span style=\"font-weight: 400;\">For a full refund, cancel at least 7 days in advance of the start date of the experience.<\/span><\/p>\n\n\t\t<\/div>\n\t<\/div>\n<\/div><\/div><\/div><\/div><div class=\"vc_row wpb_row vc_row-fluid\" ><div class=\"wpb_column vc_column_container vc_col-sm-12\"><div class=\"vc_column-inner\"><div class=\"wpb_wrapper\"><div class=\"vc_empty_space\"   style=\"height: 32px\"><span class=\"vc_empty_space_inner\"><\/span><\/div>\n\t<div class=\"wpb_text_column wpb_content_element\" >\n\t\t<div class=\"wpb_wrapper\">\n\t\t\t<h4>\u09af\u09cb\u0997\u09be\u09af\u09cb\u0997 \u0995\u09b0\u09c1\u09a8?<\/h4>\n<h5><em><strong>\u09ac\u09c1\u0995\u09bf\u0982 \u0985\u09cd\u09af\u09be\u09a1\u09ad\u09c7\u099e\u09cd\u099a\u09be\u09b0<\/strong><\/em><\/h5>\n<p><em><strong>\u09b8\u09cd\u09a5\u09be\u09a8\u09c0\u09af\u09bc\u09b0\u09be<\/strong> \u098f\u09ac\u0982 <strong>\u099c\u09be\u09a4\u09c0\u09af\u09bc<\/strong> \u099f\u09cd\u09af\u09c1\u09b0 \u0997\u09be\u0987\u09a1 \u098f\u09ac\u0982 \u0997\u09c7\u09b8\u09cd\u099f \u09b8\u09be\u09b0\u09cd\u09ad\u09bf\u09b8<\/em><\/p>\n<p><span class=\"text-turquoise\">\u09b8\u0982\u09b0\u0995\u09cd\u09b7\u09a3:<\/span> \u09a1\u09cb\u09ae\u09c7 \u099f\u09cd\u09af\u09c1\u09b0 \u098f\u09ac\u0982 \u09ad\u09cd\u09b0\u09ae\u09a3\u0964 \u09aa\u09cd\u09b0\u09a4\u09bf\u09a8\u09bf\u09a7\u09bf\u0964<\/p>\n<p><img decoding=\"async\" class=\"emoji\" draggable=\"false\" src=\"https:\/\/s.w.org\/images\/core\/emoji\/11.2.0\/svg\/1f4de.svg\" alt=\"\ud83d\udcde\" \/> \u099f\u09c7\u09b2\u09bf\u09ab\u09cb\u09a8\/\u09b9\u09cb\u09af\u09bc\u09be\u099f\u09b8\u0985\u09cd\u09af\u09be\u09aa\u00a0 <a href=\"tel: 1-809-720-6035\">+1-809-720-6035<\/a>.<\/p>\n<p><img decoding=\"async\" class=\"emoji\" draggable=\"false\" src=\"https:\/\/s.w.org\/images\/core\/emoji\/11.2.0\/svg\/1f4e9.svg\" alt=\"\ud83d\udce9\" \/> <a href=\"mailto:info@bookingadventures.com.do\">info@bookingadventures.com.do<\/a><\/p>\n<p><strong>\u0986\u09ae\u09b0\u09be \u09b9\u09cb\u09af\u09bc\u09be\u099f\u09b8\u0985\u09cd\u09af\u09be\u09aa\u09c7\u09b0 \u09ae\u09be\u09a7\u09cd\u09af\u09ae\u09c7 \u09a8\u09ae\u09a8\u09c0\u09af\u09bc \u09ac\u09cd\u09af\u0995\u09cd\u09a4\u09bf\u0997\u09a4 \u099f\u09cd\u09af\u09c1\u09b0 \u09b8\u09c7\u099f \u0995\u09b0\u099b\u09bf: <a href=\"tel: 18097206035\">+18097206035.<\/a><\/strong><\/p>\n\n\t\t<\/div>\n\t<\/div>\n<div class=\"vc_empty_space\"   style=\"height: 32px\"><span class=\"vc_empty_space_inner\"><\/span><\/div><\/div><\/div><\/div><\/div>","protected":false},"excerpt":{"rendered":"<p><strong>\u09b8\u09ab\u09b0\u09c7\u09b0 \u099c\u09a8\u09cd\u09af \u09a4\u09be\u09b0\u09bf\u0996 \u09a8\u09bf\u09b0\u09cd\u09ac\u09be\u099a\u09a8 \u0995\u09b0\u09c1\u09a8\u00a0<\/strong><\/p>","protected":false},"featured_media":11427,"template":"","meta":[],"product_brand":[],"product_cat":[120,96,97,135,136,122,123,124],"product_tag":[138,140,155,156,142,143],"class_list":{"0":"post-11396","1":"product","2":"type-product","3":"status-publish","4":"has-post-thumbnail","6":"product_cat-fees-entrace","7":"product_cat-hiking","8":"product_cat-horse-riding-to-waterfalls","9":"product_cat-lunch","10":"product_cat-safari-samana","11":"product_cat-tours-and-excursions","12":"product_cat-tours-excursions-los-haitises-national-park","13":"product_cat-tours-excursions-samana-bay-dominican-republic","14":"product_tag-beach-time","15":"product_tag-el-limon-waterfalls","16":"product_tag-hiking-el-limon","17":"product_tag-horses-el-limon","18":"product_tag-samana","19":"product_tag-samana-tours","21":"first","22":"instock","23":"sale","24":"featured","25":"sold-individually","26":"shipping-taxable","27":"product-type-external"},"_links":{"self":[{"href":"https:\/\/saonaisland.com.do\/bn_bd\/wp-json\/wp\/v2\/product\/11396","targetHints":{"allow":["GET"]}}],"collection":[{"href":"https:\/\/saonaisland.com.do\/bn_bd\/wp-json\/wp\/v2\/product"}],"about":[{"href":"https:\/\/saonaisland.com.do\/bn_bd\/wp-json\/wp\/v2\/types\/product"}],"wp:featuredmedia":[{"embeddable":true,"href":"https:\/\/saonaisland.com.do\/bn_bd\/wp-json\/wp\/v2\/media\/11427"}],"wp:attachment":[{"href":"https:\/\/saonaisland.com.do\/bn_bd\/wp-json\/wp\/v2\/media?parent=11396"}],"wp:term":[{"taxonomy":"product_brand","embeddable":true,"href":"https:\/\/saonaisland.com.do\/bn_bd\/wp-json\/wp\/v2\/product_brand?post=11396"},{"taxonomy":"product_cat","embeddable":true,"href":"https:\/\/saonaisland.com.do\/bn_bd\/wp-json\/wp\/v2\/product_cat?post=11396"},{"taxonomy":"product_tag","embeddable":true,"href":"https:\/\/saonaisland.com.do\/bn_bd\/wp-json\/wp\/v2\/product_tag?post=11396"}],"curies":[{"name":"wp","href":"https:\/\/api.w.org\/{rel}","templated":true}]}}