{"id":608,"date":"2020-07-12T21:05:28","date_gmt":"2020-07-12T21:05:28","guid":{"rendered":"https:\/\/haitises.com\/?post_type=product&#038;p=608"},"modified":"2024-04-16T03:21:46","modified_gmt":"2024-04-16T03:21:46","slug":"tour-privado-ballenas-y-cayo-levantado-desde-el-puerto-de-samana","status":"publish","type":"product","link":"https:\/\/saonaisland.com.do\/bg\/saona\/tour-privado-ballenas-y-cayo-levantado-desde-el-puerto-de-samana\/","title":{"rendered":"\u0427\u0430\u0441\u0442\u043d\u0430 \u043e\u0431\u0438\u043a\u043e\u043b\u043a\u0430 \u043d\u0430 \u043a\u0438\u0442\u043e\u0432\u0435\u0442\u0435 \u0438 \u041a\u0430\u0439\u043e \u041b\u0435\u0432\u0430\u043d\u0442\u0430\u0434\u043e \u043e\u0442 \u043f\u0440\u0438\u0441\u0442\u0430\u043d\u0438\u0449\u0435\u0442\u043e \u043d\u0430 \u0421\u0430\u043c\u0430\u043d\u0430"},"content":{"rendered":"<div class=\"vc_row wpb_row vc_row-fluid\" ><div class=\"wpb_column vc_column_container vc_col-sm-12\"><div class=\"vc_column-inner\"><div class=\"wpb_wrapper\"><div class=\"vc_empty_space\"   style=\"height: 32px\"><span class=\"vc_empty_space_inner\"><\/span><\/div><div class=\"mkdf-section-title-holder\" style=\"text-align: left\">\n\t<div class=\"mkdf-st-inner\">\n\t\t\t\t\t<h5 class=\"mkdf-st-subtitle\" >\n\t\t\t\tTour en bote desde el puerto de Saman\u00e1\t\t\t<\/h5>\n\t\t\t\t\t\t\t<h3 class=\"mkdf-st-title\" >\n\t\t\t\tSamana Cayo Levantado + Excursi\u00f3n de Ballenas\t\t\t<\/h3>\n\t\t\t\t\t<\/div>\n<\/div><div class=\"vc_message_box vc_message_box-standard vc_message_box-rounded vc_color-info\" ><div class=\"vc_message_box-icon\"><i class=\"fas fa-info-circle\"><\/i><\/div><p>Este es un tour privado m\u00ednimo 4 personas. Para reservar el mismo viaje en grupos de catamar\u00e1n, haga clic aqu\u00ed.<br \/>\nSi son menos de 4 personas y le gustar\u00eda privado, cont\u00e1ctenos.<\/p>\n<\/div><div class=\"vc_empty_space\"   style=\"height: 32px\"><span class=\"vc_empty_space_inner\"><\/span><\/div><\/div><\/div><\/div><\/div><div class=\"vc_row wpb_row vc_row-fluid\" ><div class=\"wpb_column vc_column_container vc_col-sm-12\"><div class=\"vc_column-inner\"><div class=\"wpb_wrapper\">\n\t<div class=\"wpb_text_column wpb_content_element\" >\n\t\t<div class=\"wpb_wrapper\">\n\t\t\t<h3>\u041e\u043f\u0438\u0441\u0430\u043d\u0438\u0435<\/h3>\n<p>Evite grandes grupos de turistas y haga su observaci\u00f3n de ballenas en la bah\u00eda de Saman\u00e1 desde el puerto de Saman\u00e1 en un bote privado. Este viaje comienza a las 9:00 a.m. y termina a las 5:00 p.m. Pero debido a que ser\u00e1 un viaje privado, puede establecer el tiempo para comenzar y terminar. Reuni\u00f3n antes en nuestra oficina al lado del restaurante Royal. Despu\u00e9s de abortar nuestro barco para visitar a las ballenas en su propio h\u00e1bitat. Nuestros capitanes est\u00e1n entrenados para asegurarse de que veas ballenas.<\/p>\n<p>Desde las 9:00 am hasta las 12: 00-mediod\u00eda Observatorio de avistamiento de ballenas y despu\u00e9s de este viaje visitaremos la isla Bacardi \/ Cayo Levantado. En la isla de Bacardi, se proporcionar\u00e1 un almuerzo buffet de estilo t\u00edpico dominicano (arroz, frijoles, pescado, ensaladas &#8230;). Cuando termina el almuerzo, se le permite nadar hasta las 4:30 p.m. El recorrido finalizar\u00e1 a las 5:00 pm en el mismo puerto desde donde comenzar\u00e1.<\/p>\n<p><strong>\u0417\u0430\u0431\u0435\u043b\u0435\u0436\u043a\u0430:<\/strong> Este tour es privado. (Solo usted y su familia o amigos a bordo con el capit\u00e1n y el gu\u00eda tur\u00edstico).<\/p>\n<ul>\n<li>Avistamiento de ballenas<\/li>\n<li>Entradas al Observatorio<\/li>\n<li>\u0412\u043a\u043b\u044e\u0447\u0432\u0430 \u043e\u0431\u044f\u0434 \u043d\u0430 \u0448\u0432\u0435\u0434\u0441\u043a\u0430 \u043c\u0430\u0441\u0430 \u043d\u0430 \u043f\u043b\u0430\u0436\u0430.<\/li>\n<li>Transporte de barco<\/li>\n<li>\u041a\u0430\u043f\u0438\u0442\u0430\u043d\u044a\u0442 \u043e\u0441\u0438\u0433\u0443\u0440\u044f\u0432\u0430 \u0438\u043d\u0441\u0442\u0440\u0443\u043a\u0442\u0430\u0436 \u0438 \u043d\u0430\u0434\u0437\u043e\u0440.<\/li>\n<li>Gu\u00eda tur\u00edstico<\/li>\n<\/ul>\n<h3>\u0412\u043a\u043b\u044e\u0447\u0432\u0430\u043d\u0438\u044f \u0438 \u0438\u0437\u043a\u043b\u044e\u0447\u0435\u043d\u0438\u044f<\/h3>\n<h4>\u0412\u043a\u043b\u044e\u0447\u0432\u0430\u043d\u0438\u044f<\/h4>\n<ol>\n<li>\u041e\u0431\u044f\u0434 \u043d\u0430 \u0448\u0432\u0435\u0434\u0441\u043a\u0430 \u043c\u0430\u0441\u0430 \u043d\u0430 \u043f\u043b\u0430\u0436\u0430.<\/li>\n<li>Gu\u00eda tur\u00edstico<\/li>\n<li>Catamar\u00e1n o paseo en barco<\/li>\n<li>\u0412\u0441\u0438\u0447\u043a\u0438 \u0434\u0430\u043d\u044a\u0446\u0438, \u0442\u0430\u043a\u0441\u0438 \u0438 \u0442\u0430\u043a\u0441\u0438 \u0437\u0430 \u043e\u0431\u0440\u0430\u0431\u043e\u0442\u043a\u0430<\/li>\n<li>\u041c\u0435\u0441\u0442\u043d\u0438 \u0434\u0430\u043d\u044a\u0446\u0438<\/li>\n<li>\u041d\u0430\u043f\u0438\u0442\u043a\u0438<\/li>\n<\/ol>\n<h4>\u0418\u0437\u043a\u043b\u044e\u0447\u0435\u043d\u0438\u044f<\/h4>\n<ol>\n<li>\u041f\u0440\u0435\u0434\u043e\u0441\u0442\u0430\u0432\u044f\u043d\u0435 \u043d\u0430 \u0431\u0430\u043a\u0448\u0438\u0448\u0438<\/li>\n<li>\u0422\u0440\u0430\u043d\u0441\u0444\u0435\u0440\u043d\u0430 \u043a\u043e\u043b\u0430<\/li>\n<li>\u0410\u043b\u043a\u043e\u0445\u043e\u043b\u043d\u0438 \u043d\u0430\u043f\u0438\u0442\u043a\u0438<\/li>\n<\/ol>\n<h3><em>\u041e\u0442\u043f\u044a\u0442\u0443\u0432\u0430\u043d\u0435 \u0438 \u0432\u0440\u044a\u0449\u0430\u043d\u0435<\/em><\/h3>\n<p>\u041f\u044a\u0442\u043d\u0438\u043a\u044a\u0442 \u0449\u0435 \u043f\u043e\u043b\u0443\u0447\u0438 \u043c\u044f\u0441\u0442\u043e \u0437\u0430 \u0441\u0440\u0435\u0449\u0430 \u0441\u043b\u0435\u0434 \u043f\u0440\u043e\u0446\u0435\u0441\u0430 \u043d\u0430 \u0440\u0435\u0437\u0435\u0440\u0432\u0430\u0446\u0438\u044f. \u041e\u0431\u0438\u043a\u043e\u043b\u043a\u0438\u0442\u0435 \u0437\u0430\u043f\u043e\u0447\u0432\u0430\u0442 \u0438 \u0437\u0430\u0432\u044a\u0440\u0448\u0432\u0430\u0442 \u043d\u0430 \u043d\u0430\u0448\u0438\u0442\u0435 \u043c\u0435\u0441\u0442\u0430 \u0437\u0430 \u0441\u0440\u0435\u0449\u0438.<\/p>\n<h3><em>\u041a\u0430\u043a\u0432\u043e \u0434\u0430 \u043e\u0447\u0430\u043a\u0432\u0430\u043c\u0435?<\/em><\/h3>\n<p>Obtenga sus boletos para un d\u00eda de visita privada de avistamiento de ballenas en la bah\u00eda de Saman\u00e1, adem\u00e1s de un maravilloso almuerzo y tiempo de playa en la isla de Bacardi.<\/p>\n<p>El Daypass para la observaci\u00f3n de ballenas, organizado por \u00abBooking Adventures\u00bb comienza en el punto de encuentro establecido con el gu\u00eda tur\u00edstico. Almuerza en la playa y puedes quedarte todo el tiempo que quieras nadando. Si eres vegano, tambi\u00e9n podemos prepararte algo de comida.<\/p>\n<p><strong>\u0413\u0440\u0430\u0444\u0438\u043a:<\/strong><\/p>\n<p>8:45 - 17:00 \u0427.<\/p>\n<h3><em>\u041a\u0430\u043a\u0432\u043e \u0442\u0440\u044f\u0431\u0432\u0430 \u0434\u0430 \u0432\u0437\u0435\u043c\u0435\u0442\u0435 \u0441\u044a\u0441 \u0441\u0435\u0431\u0435 \u0441\u0438?<\/em><\/h3>\n<ul>\n<li>\u041a\u0430\u043c\u0435\u0440\u0430<\/li>\n<li>\u0420\u0435\u043f\u0435\u043b\u0435\u043d\u0442\u0438<\/li>\n<li>\u0441\u043b\u044a\u043d\u0447\u0435\u0432 \u043a\u0440\u0435\u043c<\/li>\n<li>\u0428\u0430\u043f\u043a\u0430<\/li>\n<li>\u0423\u0434\u043e\u0431\u043d\u0438 \u043f\u0430\u043d\u0442\u0430\u043b\u043e\u043d\u0438<\/li>\n<li>\u0421\u0430\u043d\u0434\u0430\u043b\u0438 \u043d\u0430 \u043f\u043b\u0430\u0436\u0430<\/li>\n<li>\u041a\u043e\u0441\u0442\u044e\u043c \u0437\u0430 \u043f\u043b\u0443\u0432\u0430\u043d\u0435<\/li>\n<li>Efectivo para souvenirs<\/li>\n<\/ul>\n<h3><em>\u0412\u0437\u0435\u043c\u0430\u043d\u0435 \u043e\u0442 \u0445\u043e\u0442\u0435\u043b\u0430<\/em><\/h3>\n<p>\u0417\u0430 \u0442\u0430\u0437\u0438 \u043e\u0431\u0438\u043a\u043e\u043b\u043a\u0430 \u043d\u0435 \u0441\u0435 \u043f\u0440\u0435\u0434\u043b\u0430\u0433\u0430 \u0432\u0437\u0438\u043c\u0430\u043d\u0435 \u043e\u0442 \u0445\u043e\u0442\u0435\u043b.<\/p>\n<p><strong>\u0417\u0430\u0431\u0435\u043b\u0435\u0436\u043a\u0430:<\/strong> \u0410\u043a\u043e \u0440\u0435\u0437\u0435\u0440\u0432\u0438\u0440\u0430\u0442\u0435 \u0432 \u0440\u0430\u043c\u043a\u0438\u0442\u0435 \u043d\u0430 24 \u0447\u0430\u0441\u0430 \u043e\u0442 \u0447\u0430\u0441\u0430 \u043d\u0430 \u0442\u0440\u044a\u0433\u0432\u0430\u043d\u0435 \u043d\u0430 \u0442\u0443\u0440\u043d\u0435\u0442\u043e\/\u0435\u043a\u0441\u043a\u0443\u0440\u0437\u0438\u044f\u0442\u0430, \u043c\u043e\u0436\u0435\u043c \u0434\u0430 \u043e\u0440\u0433\u0430\u043d\u0438\u0437\u0438\u0440\u0430\u043c\u0435 \u0432\u0437\u0435\u043c\u0430\u043d\u0435 \u043e\u0442 \u0445\u043e\u0442\u0435\u043b\u0430 \u0441\u0440\u0435\u0449\u0443 \u0434\u043e\u043f\u044a\u043b\u043d\u0438\u0442\u0435\u043b\u043d\u0438 \u0442\u0430\u043a\u0441\u0438. \u0421\u043b\u0435\u0434 \u043a\u0430\u0442\u043e \u043f\u043e\u043a\u0443\u043f\u043a\u0430\u0442\u0430 \u0432\u0438 \u0431\u044a\u0434\u0435 \u0437\u0430\u0432\u044a\u0440\u0448\u0435\u043d\u0430, \u043d\u0438\u0435 \u0449\u0435 \u0432\u0438 \u0438\u0437\u043f\u0440\u0430\u0442\u0438\u043c \u043f\u044a\u043b\u043d\u0430 \u0438\u043d\u0444\u043e\u0440\u043c\u0430\u0446\u0438\u044f \u0437\u0430 \u0432\u0440\u044a\u0437\u043a\u0430 (\u0442\u0435\u043b\u0435\u0444\u043e\u043d\u0435\u043d \u043d\u043e\u043c\u0435\u0440, \u0438\u043c\u0435\u0439\u043b \u0430\u0434\u0440\u0435\u0441 \u0438 \u0442.\u043d.) \u0437\u0430 \u043d\u0430\u0448\u0438\u044f \u043c\u0435\u0441\u0442\u0435\u043d \u0435\u043a\u0441\u043a\u0443\u0440\u0437\u043e\u0432\u043e\u0434, \u0437\u0430 \u0434\u0430 \u0443\u0440\u0435\u0434\u0438\u043c \u0443\u0433\u043e\u0432\u043e\u0440\u043a\u0438\u0442\u0435 \u0437\u0430 \u0432\u0437\u0438\u043c\u0430\u043d\u0435.<\/p>\n<h3><em>\u041f\u043e\u0442\u0432\u044a\u0440\u0436\u0434\u0430\u0432\u0430\u043d\u0435 \u043d\u0430 \u0434\u043e\u043f\u044a\u043b\u043d\u0438\u0442\u0435\u043b\u043d\u0430 \u0438\u043d\u0444\u043e\u0440\u043c\u0430\u0446\u0438\u044f<\/em><\/h3>\n<ul>\n<li>\u0411\u0438\u043b\u0435\u0442\u0438\u0442\u0435 \u0441\u0435 \u043f\u043e\u043b\u0443\u0447\u0430\u0432\u0430\u0442 \u0441\u043b\u0435\u0434 \u0437\u0430\u043f\u043b\u0430\u0449\u0430\u043d\u0435 \u043d\u0430 \u0442\u0430\u0437\u0438 \u043e\u0431\u0438\u043a\u043e\u043b\u043a\u0430. \u041c\u043e\u0436\u0435\u0442\u0435 \u0434\u0430 \u043f\u043e\u043a\u0430\u0436\u0435\u0442\u0435 \u043f\u043b\u0430\u0449\u0430\u043d\u0435\u0442\u043e \u043d\u0430 \u0442\u0435\u043b\u0435\u0444\u043e\u043d\u0430 \u0441\u0438.<\/li>\n<li>\u041c\u044f\u0441\u0442\u043e\u0442\u043e \u0437\u0430 \u0441\u0440\u0435\u0449\u0430 \u0449\u0435 \u0431\u044a\u0434\u0435 \u043f\u043e\u0441\u043e\u0447\u0435\u043d\u043e \u0441\u043b\u0435\u0434 \u0438\u0437\u0432\u044a\u0440\u0448\u0432\u0430\u043d\u0435 \u043d\u0430 \u0440\u0435\u0437\u0435\u0440\u0432\u0430\u0446\u0438\u044f\u0442\u0430.<\/li>\n<li>\u0414\u0435\u0446\u0430\u0442\u0430 \u0442\u0440\u044f\u0431\u0432\u0430 \u0434\u0430 \u0431\u044a\u0434\u0430\u0442 \u043f\u0440\u0438\u0434\u0440\u0443\u0436\u0430\u0432\u0430\u043d\u0438 \u043e\u0442 \u0432\u044a\u0437\u0440\u0430\u0441\u0442\u0435\u043d.<\/li>\n<li>Accesible a silla de ruedas<\/li>\n<li>\u0411\u0435\u0431\u0435\u0442\u0430\u0442\u0430 \u0442\u0440\u044f\u0431\u0432\u0430 \u0434\u0430 \u0441\u0435\u0434\u044f\u0442 \u0432 \u0441\u043a\u0443\u0442\u0430<\/li>\n<li>\u041f\u043e\u0432\u0435\u0447\u0435\u0442\u043e \u043f\u044a\u0442\u043d\u0438\u0446\u0438 \u043c\u043e\u0433\u0430\u0442 \u0434\u0430 \u0443\u0447\u0430\u0441\u0442\u0432\u0430\u0442.<\/li>\n<\/ul>\n<h3><em>\u041f\u043e\u043b\u0438\u0442\u0438\u043a\u0430 \u0437\u0430 \u0430\u043d\u0443\u043b\u0438\u0440\u0430\u043d\u0435<\/em><\/h3>\n<p>\u0417\u0430 \u043f\u044a\u043b\u043d\u043e \u0432\u044a\u0437\u0441\u0442\u0430\u043d\u043e\u0432\u044f\u0432\u0430\u043d\u0435 \u043d\u0430 \u0441\u0443\u043c\u0430\u0442\u0430, \u043c\u043e\u043b\u044f, \u0430\u043d\u0443\u043b\u0438\u0440\u0430\u0439\u0442\u0435 \u0440\u0435\u0437\u0435\u0440\u0432\u0430\u0446\u0438\u044f\u0442\u0430 \u043f\u043e\u043d\u0435 24 \u0447\u0430\u0441\u0430 \u043f\u0440\u0435\u0434\u0438 \u043d\u0430\u0447\u0430\u043b\u043d\u0430\u0442\u0430 \u0434\u0430\u0442\u0430 \u043d\u0430 \u043f\u0440\u0435\u0436\u0438\u0432\u044f\u0432\u0430\u043d\u0435\u0442\u043e.<\/p>\n<h3>!Cont\u00e1ctenos!<br \/>\nTOUR BALLENAS SAMANA<\/h3>\n<p>\u0422\u0443\u0440\u0438\u0441\u0442\u0438\u0447\u0435\u0441\u043a\u0438 \u0433\u0438\u0434\u043e\u0432\u0435\u00a0<strong>\u041f\u043e\u043c\u0435\u0449\u0435\u043d\u0438\u044f<\/strong> y <strong>\u043d\u0430\u0446\u0438\u043e\u043d\u0430\u043b\u0435\u043d<\/strong> \u0438 \u0443\u0441\u043b\u0443\u0433\u0438 \u0437\u0430 \u0433\u043e\u0441\u0442\u0438<\/p>\n<p>\u0420\u0435\u0437\u0435\u0440\u0432\u0430\u0446\u0438\u0438: \u0415\u043a\u0441\u043a\u0443\u0440\u0437\u0438\u0438 \u0432 Dom. Rep.<\/p>\n<p>\u0422\u0435\u043b\u0435\u0444\u043e\u043d \/ Whatsapp + 1-809-720-6035.<\/p>\n<p>info@bookingadventures.com.do<\/p>\n<p>\u041d\u0438\u0435 \u043f\u0440\u0430\u0432\u0438\u043c \u0447\u0430\u0441\u0442\u043d\u0438 \u043e\u0431\u0438\u043a\u043e\u043b\u043a\u0438 \u0441 \u0433\u044a\u0432\u043a\u0430\u0432\u0430 \u043a\u043e\u043d\u0444\u0438\u0433\u0443\u0440\u0430\u0446\u0438\u044f \u0447\u0440\u0435\u0437 Whatsapp: +18097206035.<\/p>\n\n\t\t<\/div>\n\t<\/div>\n<\/div><\/div><\/div><\/div>","protected":false},"excerpt":{"rendered":"<p>Excursi\u00f3n privada de avistamiento de ballenas en la bah\u00eda de Saman\u00e1, Rep\u00fablica Dominicana, con gu\u00edas locales. No dudes en programar tu hora de llegada o terminar la excursi\u00f3n. El almuerzo y el horario son establecidos por usted mismo. Reserve ahora esta excursi\u00f3n en la bah\u00eda de Saman\u00e1 para una buena experiencia de viaje de observaci\u00f3n de ballenas.<\/p>\n<p>Nota: Este tour es un Tour privado con un pago m\u00ednimo. Para unirse a un grupo de observaci\u00f3n de ballenas con el mismo precio en Catamar\u00e1n, HAGA CLIC AQU\u00cd.<\/p>\n<p><strong>Por favor, seleccione la fecha de la excursi\u00f3n:<\/strong><\/p>","protected":false},"featured_media":259,"template":"","meta":[],"product_brand":[],"product_cat":[443,124,232],"product_tag":[137,162,201,143,277,271,278,234,279,280,236],"class_list":{"0":"post-608","1":"product","2":"type-product","3":"status-publish","4":"has-post-thumbnail","6":"product_cat-tours-y-excursiones-es","7":"product_cat-tours-excursions-samana-bay-dominican-republic","8":"product_cat-whale-watching-samana","9":"product_tag-bacardi-island","10":"product_tag-cayo-levantado-day-pass","11":"product_tag-private-tours-samana","12":"product_tag-samana-tours","13":"product_tag-samana-whale","14":"product_tag-samana-whale-watching","15":"product_tag-samana-whale-watching-excursions","16":"product_tag-whale-samana","17":"product_tag-whale-watching","18":"product_tag-whale-watching-2020","19":"product_tag-whale-watching-dominican-republic","21":"first","22":"instock","23":"sale","24":"sold-individually","25":"shipping-taxable","26":"product-type-external"},"_links":{"self":[{"href":"https:\/\/saonaisland.com.do\/bg\/wp-json\/wp\/v2\/product\/608","targetHints":{"allow":["GET"]}}],"collection":[{"href":"https:\/\/saonaisland.com.do\/bg\/wp-json\/wp\/v2\/product"}],"about":[{"href":"https:\/\/saonaisland.com.do\/bg\/wp-json\/wp\/v2\/types\/product"}],"wp:featuredmedia":[{"embeddable":true,"href":"https:\/\/saonaisland.com.do\/bg\/wp-json\/wp\/v2\/media\/259"}],"wp:attachment":[{"href":"https:\/\/saonaisland.com.do\/bg\/wp-json\/wp\/v2\/media?parent=608"}],"wp:term":[{"taxonomy":"product_brand","embeddable":true,"href":"https:\/\/saonaisland.com.do\/bg\/wp-json\/wp\/v2\/product_brand?post=608"},{"taxonomy":"product_cat","embeddable":true,"href":"https:\/\/saonaisland.com.do\/bg\/wp-json\/wp\/v2\/product_cat?post=608"},{"taxonomy":"product_tag","embeddable":true,"href":"https:\/\/saonaisland.com.do\/bg\/wp-json\/wp\/v2\/product_tag?post=608"}],"curies":[{"name":"wp","href":"https:\/\/api.w.org\/{rel}","templated":true}]}}